{"id":15396,"date":"2024-08-27T08:50:35","date_gmt":"2024-08-27T08:50:35","guid":{"rendered":"https:\/\/www.master-sport.de\/bescheinigungen\/"},"modified":"2025-03-31T11:15:34","modified_gmt":"2025-03-31T11:15:34","slug":"bescheinigungen","status":"publish","type":"page","link":"https:\/\/www.master-sport.de\/de\/bescheinigungen\/","title":{"rendered":"Bescheinigungen"},"content":{"rendered":"\t\t<div data-elementor-type=\"wp-page\" data-elementor-id=\"15396\" class=\"elementor elementor-15396 elementor-71\" data-elementor-post-type=\"page\">\n\t\t\t\t\t\t<section class=\"elementor-section elementor-top-section elementor-element elementor-element-4c79bd7a elementor-section-height-min-height elementor-section-boxed elementor-section-height-default elementor-section-items-middle wpr-particle-no wpr-jarallax-no wpr-parallax-no wpr-sticky-section-no wpr-equal-height-no\" data-id=\"4c79bd7a\" data-element_type=\"section\" data-e-type=\"section\" data-settings=\"{&quot;background_background&quot;:&quot;classic&quot;,&quot;shape_divider_bottom&quot;:&quot;tilt&quot;}\">\n\t\t\t\t\t\t\t<div class=\"elementor-background-overlay\"><\/div>\n\t\t\t\t\t\t<div class=\"elementor-shape elementor-shape-bottom\" aria-hidden=\"true\" data-negative=\"false\">\n\t\t\t<svg xmlns=\"http:\/\/www.w3.org\/2000\/svg\" viewBox=\"0 0 1000 100\" preserveAspectRatio=\"none\">\n\t<path class=\"elementor-shape-fill\" d=\"M0,6V0h1000v100L0,6z\"\/>\n<\/svg>\t\t<\/div>\n\t\t\t\t\t<div class=\"elementor-container elementor-column-gap-default\">\n\t\t\t\t\t<div class=\"elementor-column elementor-col-100 elementor-top-column elementor-element elementor-element-30662cec\" data-id=\"30662cec\" data-element_type=\"column\" data-e-type=\"column\">\n\t\t\t<div class=\"elementor-widget-wrap elementor-element-populated\">\n\t\t\t\t\t\t<div class=\"elementor-element elementor-element-1961254f elementor-widget elementor-widget-heading\" data-id=\"1961254f\" data-element_type=\"widget\" data-e-type=\"widget\" data-widget_type=\"heading.default\">\n\t\t\t\t<div class=\"elementor-widget-container\">\n\t\t\t\t\t<h1 class=\"elementor-heading-title elementor-size-default\">Zertifikate<\/h1>\t\t\t\t<\/div>\n\t\t\t\t<\/div>\n\t\t\t\t\t<\/div>\n\t\t<\/div>\n\t\t\t\t\t<\/div>\n\t\t<\/section>\n\t\t<div class=\"elementor-element elementor-element-2d751de e-con-full e-flex wpr-particle-no wpr-jarallax-no wpr-parallax-no wpr-sticky-section-no wpr-equal-height-no e-con e-parent\" data-id=\"2d751de\" data-element_type=\"container\" data-e-type=\"container\">\n\t\t\t\t<div class=\"elementor-element elementor-element-8486a9c elementor-widget__width-initial elementor-widget elementor-widget-heading\" data-id=\"8486a9c\" data-element_type=\"widget\" data-e-type=\"widget\" data-widget_type=\"heading.default\">\n\t\t\t\t<div class=\"elementor-widget-container\">\n\t\t\t\t\t<h2 class=\"elementor-heading-title elementor-size-default\">Alle Produkte werden nach den h\u00f6chsten Qualit\u00e4tsstandards hergestellt. ISO 9001:2015 Qualit\u00e4tsmanagementsystem ausgestellt von T\u00dcV S\u00dcD Management Service GmbH, M\u00fcnchen. <\/h2>\t\t\t\t<\/div>\n\t\t\t\t<\/div>\n\t\t\t\t<\/div>\n\t\t<div class=\"elementor-element elementor-element-bcd4522 e-flex e-con-boxed wpr-particle-no wpr-jarallax-no wpr-parallax-no wpr-sticky-section-no wpr-equal-height-no e-con e-parent\" data-id=\"bcd4522\" data-element_type=\"container\" data-e-type=\"container\">\n\t\t\t\t\t<div class=\"e-con-inner\">\n\t\t<div class=\"elementor-element elementor-element-3cd6561 e-con-full e-flex wpr-particle-no wpr-jarallax-no wpr-parallax-no wpr-sticky-section-no wpr-equal-height-no e-con e-child\" data-id=\"3cd6561\" data-element_type=\"container\" data-e-type=\"container\">\n\t\t\t\t<div class=\"elementor-element elementor-element-467d77c elementor-position-top elementor-widget elementor-widget-image-box\" data-id=\"467d77c\" data-element_type=\"widget\" data-e-type=\"widget\" data-widget_type=\"image-box.default\">\n\t\t\t\t<div class=\"elementor-widget-container\">\n\t\t\t\t\t<div class=\"elementor-image-box-wrapper\"><figure class=\"elementor-image-box-img\"><img fetchpriority=\"high\" decoding=\"async\" width=\"800\" height=\"1132\" src=\"https:\/\/www.master-sport.de\/wp-content\/uploads\/2025\/02\/24808ms_01_de-0001-2.jpg\" class=\"attachment-full size-full wp-image-53259\" alt=\"24808ms 01 de 0001\" srcset=\"https:\/\/www.master-sport.de\/wp-content\/uploads\/2025\/02\/24808ms_01_de-0001-2.jpg 800w, https:\/\/www.master-sport.de\/wp-content\/uploads\/2025\/02\/24808ms_01_de-0001-2-212x300.jpg 212w, https:\/\/www.master-sport.de\/wp-content\/uploads\/2025\/02\/24808ms_01_de-0001-2-724x1024.jpg 724w, https:\/\/www.master-sport.de\/wp-content\/uploads\/2025\/02\/24808ms_01_de-0001-2-768x1087.jpg 768w\" sizes=\"(max-width: 800px) 100vw, 800px\" \/><\/figure><div class=\"elementor-image-box-content\"><h3 class=\"elementor-image-box-title\">master-sport-automobiltechnik (MS) GmbH<\/h3><\/div><\/div>\t\t\t\t<\/div>\n\t\t\t\t<\/div>\n\t\t\t\t<\/div>\n\t\t<div class=\"elementor-element elementor-element-4636f8c e-con-full e-flex wpr-particle-no wpr-jarallax-no wpr-parallax-no wpr-sticky-section-no wpr-equal-height-no e-con e-child\" data-id=\"4636f8c\" data-element_type=\"container\" data-e-type=\"container\">\n\t\t\t\t<div class=\"elementor-element elementor-element-8d56488 elementor-position-top elementor-widget elementor-widget-image-box\" data-id=\"8d56488\" data-element_type=\"widget\" data-e-type=\"widget\" data-widget_type=\"image-box.default\">\n\t\t\t\t<div class=\"elementor-widget-container\">\n\t\t\t\t\t<div class=\"elementor-image-box-wrapper\"><figure class=\"elementor-image-box-img\"><img decoding=\"async\" width=\"800\" height=\"1132\" src=\"https:\/\/www.master-sport.de\/wp-content\/uploads\/2025\/02\/24808ms_02_de-0001.jpg\" class=\"attachment-full size-full wp-image-53253\" alt=\"24808ms 02 de 0001\" srcset=\"https:\/\/www.master-sport.de\/wp-content\/uploads\/2025\/02\/24808ms_02_de-0001.jpg 800w, https:\/\/www.master-sport.de\/wp-content\/uploads\/2025\/02\/24808ms_02_de-0001-212x300.jpg 212w, https:\/\/www.master-sport.de\/wp-content\/uploads\/2025\/02\/24808ms_02_de-0001-724x1024.jpg 724w, https:\/\/www.master-sport.de\/wp-content\/uploads\/2025\/02\/24808ms_02_de-0001-768x1087.jpg 768w\" sizes=\"(max-width: 800px) 100vw, 800px\" \/><\/figure><div class=\"elementor-image-box-content\"><h3 class=\"elementor-image-box-title\">master-sport-automobiltechnik (MS) sp. z o.o. Niederlassung in Polen <\/h3><\/div><\/div>\t\t\t\t<\/div>\n\t\t\t\t<\/div>\n\t\t\t\t<\/div>\n\t\t\t\t\t<\/div>\n\t\t\t\t<\/div>\n\t\t<div class=\"elementor-element elementor-element-6a836e5 e-flex e-con-boxed wpr-particle-no wpr-jarallax-no wpr-parallax-no wpr-sticky-section-no wpr-equal-height-no e-con e-parent\" data-id=\"6a836e5\" data-element_type=\"container\" data-e-type=\"container\">\n\t\t\t\t\t<div class=\"e-con-inner\">\n\t\t<div class=\"elementor-element elementor-element-37957f7 e-con-full e-flex wpr-particle-no wpr-jarallax-no wpr-parallax-no wpr-sticky-section-no wpr-equal-height-no e-con e-child\" data-id=\"37957f7\" data-element_type=\"container\" data-e-type=\"container\">\n\t\t\t\t<div class=\"elementor-element elementor-element-aa04b5e elementor-position-top elementor-widget elementor-widget-image-box\" data-id=\"aa04b5e\" data-element_type=\"widget\" data-e-type=\"widget\" data-widget_type=\"image-box.default\">\n\t\t\t\t<div class=\"elementor-widget-container\">\n\t\t\t\t\t<div class=\"elementor-image-box-wrapper\"><figure class=\"elementor-image-box-img\"><img decoding=\"async\" width=\"800\" height=\"1132\" src=\"https:\/\/www.master-sport.de\/wp-content\/uploads\/2025\/03\/63691ms_de_2025.jpg\" class=\"attachment-full size-full wp-image-54475\" alt=\"63691ms de 2025\" srcset=\"https:\/\/www.master-sport.de\/wp-content\/uploads\/2025\/03\/63691ms_de_2025.jpg 800w, https:\/\/www.master-sport.de\/wp-content\/uploads\/2025\/03\/63691ms_de_2025-212x300.jpg 212w, https:\/\/www.master-sport.de\/wp-content\/uploads\/2025\/03\/63691ms_de_2025-724x1024.jpg 724w, https:\/\/www.master-sport.de\/wp-content\/uploads\/2025\/03\/63691ms_de_2025-768x1087.jpg 768w\" sizes=\"(max-width: 800px) 100vw, 800px\" \/><\/figure><div class=\"elementor-image-box-content\"><h3 class=\"elementor-image-box-title\">master-sport-automobiltechnik (MS) Produktion - Vertriebszentrum<\/h3><\/div><\/div>\t\t\t\t<\/div>\n\t\t\t\t<\/div>\n\t\t\t\t<\/div>\n\t\t<div class=\"elementor-element elementor-element-4be587d e-con-full e-flex wpr-particle-no wpr-jarallax-no wpr-parallax-no wpr-sticky-section-no wpr-equal-height-no e-con e-child\" data-id=\"4be587d\" data-element_type=\"container\" data-e-type=\"container\">\n\t\t\t\t<div class=\"elementor-element elementor-element-5096421 elementor-position-top elementor-widget elementor-widget-image-box\" data-id=\"5096421\" data-element_type=\"widget\" data-e-type=\"widget\" data-widget_type=\"image-box.default\">\n\t\t\t\t<div class=\"elementor-widget-container\">\n\t\t\t\t\t<div class=\"elementor-image-box-wrapper\"><figure class=\"elementor-image-box-img\"><a href=\"https:\/\/ec.europa.eu\/taxation_customs\/dds2\/eos\/aeo_consultation.jsp?certificatesTypes=AEOC&#038;certificatesTypes=AEOF&#038;certificatesTypes=AEOS&#038;holderName=MASTER-SPORT-AUTOMOBILTECHNIK&#038;offset=1&#038;Screen=0&#038;Expand=true&#038;Lang=de&#038;aeoCountry=PL&#038;showRecordsCount=0&#038;parentfolder=.%2f\" target=\"_blank\" rel=\"nofollow\" tabindex=\"-1\"><img loading=\"lazy\" decoding=\"async\" width=\"1000\" height=\"1439\" src=\"https:\/\/www.master-sport.de\/wp-content\/uploads\/2025\/03\/EN-20150331131740568_0001-2.jpg\" class=\"attachment-full size-full wp-image-54329\" alt=\"\" srcset=\"https:\/\/www.master-sport.de\/wp-content\/uploads\/2025\/03\/EN-20150331131740568_0001-2.jpg 1000w, https:\/\/www.master-sport.de\/wp-content\/uploads\/2025\/03\/EN-20150331131740568_0001-2-208x300.jpg 208w, https:\/\/www.master-sport.de\/wp-content\/uploads\/2025\/03\/EN-20150331131740568_0001-2-712x1024.jpg 712w, https:\/\/www.master-sport.de\/wp-content\/uploads\/2025\/03\/EN-20150331131740568_0001-2-768x1105.jpg 768w\" sizes=\"(max-width: 1000px) 100vw, 1000px\" \/><\/a><\/figure><div class=\"elementor-image-box-content\"><h3 class=\"elementor-image-box-title\"><a href=\"https:\/\/ec.europa.eu\/taxation_customs\/dds2\/eos\/aeo_consultation.jsp?certificatesTypes=AEOC&#038;certificatesTypes=AEOF&#038;certificatesTypes=AEOS&#038;holderName=MASTER-SPORT-AUTOMOBILTECHNIK&#038;offset=1&#038;Screen=0&#038;Expand=true&#038;Lang=de&#038;aeoCountry=PL&#038;showRecordsCount=0&#038;parentfolder=.%2f\" target=\"_blank\" rel=\"nofollow\">AEO-Zertifikat<\/a><\/h3><\/div><\/div>\t\t\t\t<\/div>\n\t\t\t\t<\/div>\n\t\t\t\t<\/div>\n\t\t\t\t\t<\/div>\n\t\t\t\t<\/div>\n\t\t<div class=\"elementor-element elementor-element-63cf453 e-con-full e-flex wpr-particle-no wpr-jarallax-no wpr-parallax-no wpr-sticky-section-no wpr-equal-height-no e-con e-parent\" data-id=\"63cf453\" data-element_type=\"container\" data-e-type=\"container\">\n\t\t\t\t<div class=\"elementor-element elementor-element-9946fab elementor-widget__width-initial elementor-widget elementor-widget-heading\" data-id=\"9946fab\" data-element_type=\"widget\" data-e-type=\"widget\" data-widget_type=\"heading.default\">\n\t\t\t\t<div class=\"elementor-widget-container\">\n\t\t\t\t\t<h2 class=\"elementor-heading-title elementor-size-default\">Master-Sport Produkte sind in vielen L\u00e4ndern zertifiziert. F\u00fcr l\u00e4nderspezifische Zertifikate kontaktieren Sie bitte uns oder Ihren H\u00e4ndler.<\/h2>\t\t\t\t<\/div>\n\t\t\t\t<\/div>\n\t\t\t\t<\/div>\n\t\t<div class=\"elementor-element elementor-element-e3511ed e-flex e-con-boxed wpr-particle-no wpr-jarallax-no wpr-parallax-no wpr-sticky-section-no wpr-equal-height-no e-con e-parent\" data-id=\"e3511ed\" data-element_type=\"container\" data-e-type=\"container\">\n\t\t\t\t\t<div class=\"e-con-inner\">\n\t\t\t\t<div class=\"elementor-element elementor-element-42f6f0c elementor-widget elementor-widget-image\" data-id=\"42f6f0c\" data-element_type=\"widget\" data-e-type=\"widget\" data-widget_type=\"image.default\">\n\t\t\t\t<div class=\"elementor-widget-container\">\n\t\t\t\t\t\t\t\t\t\t\t\t\t\t\t\t<a href=\"https:\/\/www.tecalliance.net\/tecdoc-supplier-list\/\" target=\"_blank\" rel=\"nofollow\">\n\t\t\t\t\t\t\t<img loading=\"lazy\" decoding=\"async\" width=\"800\" height=\"308\" src=\"https:\/\/www.master-sport.de\/wp-content\/uploads\/2024\/10\/TecDoc-Data.jpg\" class=\"attachment-large size-large wp-image-52340\" alt=\"\" srcset=\"https:\/\/www.master-sport.de\/wp-content\/uploads\/2024\/10\/TecDoc-Data.jpg 800w, https:\/\/www.master-sport.de\/wp-content\/uploads\/2024\/10\/TecDoc-Data-300x116.jpg 300w, https:\/\/www.master-sport.de\/wp-content\/uploads\/2024\/10\/TecDoc-Data-768x296.jpg 768w\" sizes=\"(max-width: 800px) 100vw, 800px\" \/>\t\t\t\t\t\t\t\t<\/a>\n\t\t\t\t\t\t\t\t\t\t\t\t\t\t\t<\/div>\n\t\t\t\t<\/div>\n\t\t\t\t\t<\/div>\n\t\t\t\t<\/div>\n\t\t<div class=\"elementor-element elementor-element-2e0c8fa e-flex e-con-boxed wpr-particle-no wpr-jarallax-no wpr-parallax-no wpr-sticky-section-no wpr-equal-height-no e-con e-parent\" data-id=\"2e0c8fa\" data-element_type=\"container\" data-e-type=\"container\">\n\t\t\t\t\t<div class=\"e-con-inner\">\n\t\t\t\t<div class=\"elementor-element elementor-element-a3e0417 elementor-widget elementor-widget-image\" data-id=\"a3e0417\" data-element_type=\"widget\" data-e-type=\"widget\" data-widget_type=\"image.default\">\n\t\t\t\t<div class=\"elementor-widget-container\">\n\t\t\t\t\t\t\t\t\t\t\t\t\t\t\t\t<a href=\"https:\/\/wizytowka.rzetelnafirma.pl\/ZWZTVAHU\" target=\"_blank\" rel=\"nofollow\">\n\t\t\t\t\t\t\t<img loading=\"lazy\" decoding=\"async\" width=\"800\" height=\"565\" src=\"https:\/\/www.master-sport.de\/wp-content\/uploads\/2025\/03\/certificate-de.jpg\" class=\"attachment-large size-large wp-image-54430\" alt=\"certificate de\" srcset=\"https:\/\/www.master-sport.de\/wp-content\/uploads\/2025\/03\/certificate-de.jpg 800w, https:\/\/www.master-sport.de\/wp-content\/uploads\/2025\/03\/certificate-de-300x212.jpg 300w, https:\/\/www.master-sport.de\/wp-content\/uploads\/2025\/03\/certificate-de-768x542.jpg 768w\" sizes=\"(max-width: 800px) 100vw, 800px\" \/>\t\t\t\t\t\t\t\t<\/a>\n\t\t\t\t\t\t\t\t\t\t\t\t\t\t\t<\/div>\n\t\t\t\t<\/div>\n\t\t\t\t\t<\/div>\n\t\t\t\t<\/div>\n\t\t\t\t<\/div>\n\t\t","protected":false},"excerpt":{"rendered":"<p>Zertifikate Alle Produkte werden nach den h\u00f6chsten Qualit\u00e4tsstandards hergestellt. ISO 9001:2015 Qualit\u00e4tsmanagementsystem ausgestellt von T\u00dcV S\u00dcD Management Service GmbH, M\u00fcnchen. master-sport-automobiltechnik (MS) GmbH master-sport-automobiltechnik (MS) sp. z o.o. Niederlassung in Polen master-sport-automobiltechnik (MS) Produktion &#8211; Vertriebszentrum AEO-Zertifikat Master-Sport Produkte sind in vielen L\u00e4ndern zertifiziert. F\u00fcr l\u00e4nderspezifische Zertifikate kontaktieren Sie bitte uns oder Ihren H\u00e4ndler.<\/p>\n","protected":false},"author":1,"featured_media":0,"parent":0,"menu_order":0,"comment_status":"closed","ping_status":"closed","template":"","meta":{"footnotes":""},"class_list":["post-15396","page","type-page","status-publish","hentry"],"yoast_head":"<!-- This site is optimized with the Yoast SEO plugin v23.5 - https:\/\/yoast.com\/wordpress\/plugins\/seo\/ -->\n<title>Bescheinigungen | MasterSport<\/title>\n<meta name=\"description\" content=\"Master-Sport: Producent wysokiej jako\u015bci cz\u0119\u015bci samochodowych i rozwi\u0105za\u0144 motoryzacyjnych. Sprawd\u017a nasz\u0105 ofert\u0119 produkt\u00f3w OEM oraz akcesori\u00f3w dla r\u00f3\u017cnych marek i modeli aut. Jako\u015b\u0107 i niezawodno\u015b\u0107 gwarantowane!\" \/>\n<meta name=\"robots\" content=\"index, follow, max-snippet:-1, max-image-preview:large, max-video-preview:-1\" \/>\n<link rel=\"canonical\" href=\"https:\/\/www.master-sport.de\/it\/certificati\/\" \/>\n<meta property=\"og:locale\" content=\"de_DE\" \/>\n<meta property=\"og:type\" content=\"article\" \/>\n<meta property=\"og:title\" content=\"Bescheinigungen | MasterSport\" \/>\n<meta property=\"og:description\" content=\"Master-Sport: Producent wysokiej jako\u015bci cz\u0119\u015bci samochodowych i rozwi\u0105za\u0144 motoryzacyjnych. Sprawd\u017a nasz\u0105 ofert\u0119 produkt\u00f3w OEM oraz akcesori\u00f3w dla r\u00f3\u017cnych marek i modeli aut. Jako\u015b\u0107 i niezawodno\u015b\u0107 gwarantowane!\" \/>\n<meta property=\"og:url\" content=\"https:\/\/www.master-sport.de\/it\/certificati\/\" \/>\n<meta property=\"og:site_name\" content=\"MasterSport\" \/>\n<meta property=\"article:modified_time\" content=\"2025-03-31T11:15:34+00:00\" \/>\n<meta property=\"og:image\" content=\"https:\/\/www.master-sport.de\/wp-content\/uploads\/2025\/02\/24808ms_01_de-0001-2.jpg\" \/>\n<meta name=\"twitter:card\" content=\"summary_large_image\" \/>\n<meta name=\"twitter:label1\" content=\"Gesch\u00e4tzte Lesezeit\" \/>\n\t<meta name=\"twitter:data1\" content=\"2\u00a0Minuten\" \/>\n<script type=\"application\/ld+json\" class=\"yoast-schema-graph\">{\"@context\":\"https:\/\/schema.org\",\"@graph\":[{\"@type\":\"WebPage\",\"@id\":\"https:\/\/www.master-sport.de\/it\/certificati\/\",\"url\":\"https:\/\/www.master-sport.de\/it\/certificati\/\",\"name\":\"Bescheinigungen | MasterSport\",\"isPartOf\":{\"@id\":\"https:\/\/www.master-sport.de\/#website\"},\"primaryImageOfPage\":{\"@id\":\"https:\/\/www.master-sport.de\/it\/certificati\/#primaryimage\"},\"image\":{\"@id\":\"https:\/\/www.master-sport.de\/it\/certificati\/#primaryimage\"},\"thumbnailUrl\":\"https:\/\/www.master-sport.de\/wp-content\/uploads\/2025\/02\/24808ms_01_de-0001-2.jpg\",\"datePublished\":\"2024-08-27T08:50:35+00:00\",\"dateModified\":\"2025-03-31T11:15:34+00:00\",\"description\":\"Master-Sport: Producent wysokiej jako\u015bci cz\u0119\u015bci samochodowych i rozwi\u0105za\u0144 motoryzacyjnych. Sprawd\u017a nasz\u0105 ofert\u0119 produkt\u00f3w OEM oraz akcesori\u00f3w dla r\u00f3\u017cnych marek i modeli aut. Jako\u015b\u0107 i niezawodno\u015b\u0107 gwarantowane!\",\"breadcrumb\":{\"@id\":\"https:\/\/www.master-sport.de\/it\/certificati\/#breadcrumb\"},\"inLanguage\":\"de\",\"potentialAction\":[{\"@type\":\"ReadAction\",\"target\":[\"https:\/\/www.master-sport.de\/it\/certificati\/\"]}]},{\"@type\":\"ImageObject\",\"inLanguage\":\"de\",\"@id\":\"https:\/\/www.master-sport.de\/it\/certificati\/#primaryimage\",\"url\":\"https:\/\/www.master-sport.de\/wp-content\/uploads\/2025\/02\/24808ms_01_de-0001-2.jpg\",\"contentUrl\":\"https:\/\/www.master-sport.de\/wp-content\/uploads\/2025\/02\/24808ms_01_de-0001-2.jpg\"},{\"@type\":\"BreadcrumbList\",\"@id\":\"https:\/\/www.master-sport.de\/it\/certificati\/#breadcrumb\",\"itemListElement\":[{\"@type\":\"ListItem\",\"position\":1,\"name\":\"Strona g\u0142\u00f3wna\",\"item\":\"https:\/\/www.master-sport.de\/pl\/\"},{\"@type\":\"ListItem\",\"position\":2,\"name\":\"Bescheinigungen\"}]},{\"@type\":\"WebSite\",\"@id\":\"https:\/\/www.master-sport.de\/#website\",\"url\":\"https:\/\/www.master-sport.de\/\",\"name\":\"MasterSport\",\"description\":\"\",\"publisher\":{\"@id\":\"https:\/\/www.master-sport.de\/#organization\"},\"potentialAction\":[{\"@type\":\"SearchAction\",\"target\":{\"@type\":\"EntryPoint\",\"urlTemplate\":\"https:\/\/www.master-sport.de\/?s={search_term_string}\"},\"query-input\":{\"@type\":\"PropertyValueSpecification\",\"valueRequired\":true,\"valueName\":\"search_term_string\"}}],\"inLanguage\":\"de\"},{\"@type\":\"Organization\",\"@id\":\"https:\/\/www.master-sport.de\/#organization\",\"name\":\"MasterSport\",\"url\":\"https:\/\/www.master-sport.de\/\",\"logo\":{\"@type\":\"ImageObject\",\"inLanguage\":\"de\",\"@id\":\"https:\/\/www.master-sport.de\/#\/schema\/logo\/image\/\",\"url\":\"https:\/\/www.master-sport.de\/wp-content\/uploads\/2025\/03\/logo_nowe_rgb.png\",\"contentUrl\":\"https:\/\/www.master-sport.de\/wp-content\/uploads\/2025\/03\/logo_nowe_rgb.png\",\"width\":3044,\"height\":1274,\"caption\":\"MasterSport\"},\"image\":{\"@id\":\"https:\/\/www.master-sport.de\/#\/schema\/logo\/image\/\"}}]}<\/script>\n<!-- \/ Yoast SEO plugin. -->","yoast_head_json":{"title":"Bescheinigungen | MasterSport","description":"Master-Sport: Producent wysokiej jako\u015bci cz\u0119\u015bci samochodowych i rozwi\u0105za\u0144 motoryzacyjnych. Sprawd\u017a nasz\u0105 ofert\u0119 produkt\u00f3w OEM oraz akcesori\u00f3w dla r\u00f3\u017cnych marek i modeli aut. Jako\u015b\u0107 i niezawodno\u015b\u0107 gwarantowane!","robots":{"index":"index","follow":"follow","max-snippet":"max-snippet:-1","max-image-preview":"max-image-preview:large","max-video-preview":"max-video-preview:-1"},"canonical":"https:\/\/www.master-sport.de\/it\/certificati\/","og_locale":"de_DE","og_type":"article","og_title":"Bescheinigungen | MasterSport","og_description":"Master-Sport: Producent wysokiej jako\u015bci cz\u0119\u015bci samochodowych i rozwi\u0105za\u0144 motoryzacyjnych. Sprawd\u017a nasz\u0105 ofert\u0119 produkt\u00f3w OEM oraz akcesori\u00f3w dla r\u00f3\u017cnych marek i modeli aut. Jako\u015b\u0107 i niezawodno\u015b\u0107 gwarantowane!","og_url":"https:\/\/www.master-sport.de\/it\/certificati\/","og_site_name":"MasterSport","article_modified_time":"2025-03-31T11:15:34+00:00","og_image":[{"url":"https:\/\/www.master-sport.de\/wp-content\/uploads\/2025\/02\/24808ms_01_de-0001-2.jpg"}],"twitter_card":"summary_large_image","twitter_misc":{"Gesch\u00e4tzte Lesezeit":"2\u00a0Minuten"},"schema":{"@context":"https:\/\/schema.org","@graph":[{"@type":"WebPage","@id":"https:\/\/www.master-sport.de\/it\/certificati\/","url":"https:\/\/www.master-sport.de\/it\/certificati\/","name":"Bescheinigungen | MasterSport","isPartOf":{"@id":"https:\/\/www.master-sport.de\/#website"},"primaryImageOfPage":{"@id":"https:\/\/www.master-sport.de\/it\/certificati\/#primaryimage"},"image":{"@id":"https:\/\/www.master-sport.de\/it\/certificati\/#primaryimage"},"thumbnailUrl":"https:\/\/www.master-sport.de\/wp-content\/uploads\/2025\/02\/24808ms_01_de-0001-2.jpg","datePublished":"2024-08-27T08:50:35+00:00","dateModified":"2025-03-31T11:15:34+00:00","description":"Master-Sport: Producent wysokiej jako\u015bci cz\u0119\u015bci samochodowych i rozwi\u0105za\u0144 motoryzacyjnych. Sprawd\u017a nasz\u0105 ofert\u0119 produkt\u00f3w OEM oraz akcesori\u00f3w dla r\u00f3\u017cnych marek i modeli aut. Jako\u015b\u0107 i niezawodno\u015b\u0107 gwarantowane!","breadcrumb":{"@id":"https:\/\/www.master-sport.de\/it\/certificati\/#breadcrumb"},"inLanguage":"de","potentialAction":[{"@type":"ReadAction","target":["https:\/\/www.master-sport.de\/it\/certificati\/"]}]},{"@type":"ImageObject","inLanguage":"de","@id":"https:\/\/www.master-sport.de\/it\/certificati\/#primaryimage","url":"https:\/\/www.master-sport.de\/wp-content\/uploads\/2025\/02\/24808ms_01_de-0001-2.jpg","contentUrl":"https:\/\/www.master-sport.de\/wp-content\/uploads\/2025\/02\/24808ms_01_de-0001-2.jpg"},{"@type":"BreadcrumbList","@id":"https:\/\/www.master-sport.de\/it\/certificati\/#breadcrumb","itemListElement":[{"@type":"ListItem","position":1,"name":"Strona g\u0142\u00f3wna","item":"https:\/\/www.master-sport.de\/pl\/"},{"@type":"ListItem","position":2,"name":"Bescheinigungen"}]},{"@type":"WebSite","@id":"https:\/\/www.master-sport.de\/#website","url":"https:\/\/www.master-sport.de\/","name":"MasterSport","description":"","publisher":{"@id":"https:\/\/www.master-sport.de\/#organization"},"potentialAction":[{"@type":"SearchAction","target":{"@type":"EntryPoint","urlTemplate":"https:\/\/www.master-sport.de\/?s={search_term_string}"},"query-input":{"@type":"PropertyValueSpecification","valueRequired":true,"valueName":"search_term_string"}}],"inLanguage":"de"},{"@type":"Organization","@id":"https:\/\/www.master-sport.de\/#organization","name":"MasterSport","url":"https:\/\/www.master-sport.de\/","logo":{"@type":"ImageObject","inLanguage":"de","@id":"https:\/\/www.master-sport.de\/#\/schema\/logo\/image\/","url":"https:\/\/www.master-sport.de\/wp-content\/uploads\/2025\/03\/logo_nowe_rgb.png","contentUrl":"https:\/\/www.master-sport.de\/wp-content\/uploads\/2025\/03\/logo_nowe_rgb.png","width":3044,"height":1274,"caption":"MasterSport"},"image":{"@id":"https:\/\/www.master-sport.de\/#\/schema\/logo\/image\/"}}]}},"_links":{"self":[{"href":"https:\/\/www.master-sport.de\/de\/wp-json\/wp\/v2\/pages\/15396","targetHints":{"allow":["GET"]}}],"collection":[{"href":"https:\/\/www.master-sport.de\/de\/wp-json\/wp\/v2\/pages"}],"about":[{"href":"https:\/\/www.master-sport.de\/de\/wp-json\/wp\/v2\/types\/page"}],"author":[{"embeddable":true,"href":"https:\/\/www.master-sport.de\/de\/wp-json\/wp\/v2\/users\/1"}],"replies":[{"embeddable":true,"href":"https:\/\/www.master-sport.de\/de\/wp-json\/wp\/v2\/comments?post=15396"}],"version-history":[{"count":0,"href":"https:\/\/www.master-sport.de\/de\/wp-json\/wp\/v2\/pages\/15396\/revisions"}],"wp:attachment":[{"href":"https:\/\/www.master-sport.de\/de\/wp-json\/wp\/v2\/media?parent=15396"}],"curies":[{"name":"wp","href":"https:\/\/api.w.org\/{rel}","templated":true}]}}