{"id":52702,"date":"2024-11-05T15:32:03","date_gmt":"2024-11-05T15:32:03","guid":{"rendered":"https:\/\/www.master-sport.de\/?page_id=52702"},"modified":"2024-11-05T15:32:04","modified_gmt":"2024-11-05T15:32:04","slug":"impressum","status":"publish","type":"page","link":"https:\/\/www.master-sport.de\/de\/impressum\/","title":{"rendered":"Impressum"},"content":{"rendered":"\n<p><strong>MASTER-SPORT-AUTOMOBILTECHNIK (MS) GMBH<\/strong><br>Leopoldstr. 244<br>80807 M\u00fcnchen<br><br>Managing Director: Wieslaw Rutka<br><br>TEL. +49 89 43759523<br>FAX +49 89 43759900<br><br>E-mail: <a href=\"mailto:customercenter@master-sport.de\">customercenter@master-sport.de<\/a><br>Internet: <a href=\"http:\/\/www.master-sport.de\">www.master-sport.de<\/a><br><br>Amtsgericht M\u00fcnchen: HRB144673<br>VAT number: DE225808931<\/p>\n","protected":false},"excerpt":{"rendered":"<p>MASTER-SPORT-AUTOMOBILTECHNIK (MS) GMBHLeopoldstr. 24480807 M\u00fcnchen Managing Director: Wieslaw Rutka TEL. +49 89 43759523FAX +49 89 43759900 E-mail: customercenter@master-sport.deInternet: www.master-sport.de Amtsgericht M\u00fcnchen: HRB144673VAT number: DE225808931<\/p>\n","protected":false},"author":4,"featured_media":0,"parent":0,"menu_order":0,"comment_status":"closed","ping_status":"closed","template":"","meta":{"footnotes":""},"class_list":["post-52702","page","type-page","status-publish","hentry"],"yoast_head":"<!-- This site is optimized with the Yoast SEO plugin v23.5 - https:\/\/yoast.com\/wordpress\/plugins\/seo\/ -->\n<title>Impressum | MasterSport<\/title>\n<meta name=\"description\" content=\"Master-Sport: Producent wysokiej jako\u015bci cz\u0119\u015bci samochodowych i rozwi\u0105za\u0144 motoryzacyjnych. Sprawd\u017a nasz\u0105 ofert\u0119 produkt\u00f3w OEM oraz akcesori\u00f3w dla r\u00f3\u017cnych marek i modeli aut. Jako\u015b\u0107 i niezawodno\u015b\u0107 gwarantowane!\" \/>\n<meta name=\"robots\" content=\"index, follow, max-snippet:-1, max-image-preview:large, max-video-preview:-1\" \/>\n<link rel=\"canonical\" href=\"https:\/\/www.master-sport.de\/de\/impressum\/\" \/>\n<meta property=\"og:locale\" content=\"de_DE\" \/>\n<meta property=\"og:type\" content=\"article\" \/>\n<meta property=\"og:title\" content=\"Impressum | MasterSport\" \/>\n<meta property=\"og:description\" content=\"Master-Sport: Producent wysokiej jako\u015bci cz\u0119\u015bci samochodowych i rozwi\u0105za\u0144 motoryzacyjnych. Sprawd\u017a nasz\u0105 ofert\u0119 produkt\u00f3w OEM oraz akcesori\u00f3w dla r\u00f3\u017cnych marek i modeli aut. Jako\u015b\u0107 i niezawodno\u015b\u0107 gwarantowane!\" \/>\n<meta property=\"og:url\" content=\"https:\/\/www.master-sport.de\/de\/impressum\/\" \/>\n<meta property=\"og:site_name\" content=\"MasterSport\" \/>\n<meta property=\"article:modified_time\" content=\"2024-11-05T15:32:04+00:00\" \/>\n<meta property=\"og:image\" content=\"https:\/\/www.master-sport.de\/wp-content\/uploads\/2024\/08\/LOGO-2.jpg\" \/>\n\t<meta property=\"og:image:width\" content=\"300\" \/>\n\t<meta property=\"og:image:height\" content=\"300\" \/>\n\t<meta property=\"og:image:type\" content=\"image\/jpeg\" \/>\n<meta name=\"twitter:card\" content=\"summary_large_image\" \/>\n<meta name=\"twitter:label1\" content=\"Gesch\u00e4tzte Lesezeit\" \/>\n\t<meta name=\"twitter:data1\" content=\"1\u00a0Minute\" \/>\n<script type=\"application\/ld+json\" class=\"yoast-schema-graph\">{\"@context\":\"https:\/\/schema.org\",\"@graph\":[{\"@type\":\"WebPage\",\"@id\":\"https:\/\/www.master-sport.de\/de\/impressum\/\",\"url\":\"https:\/\/www.master-sport.de\/de\/impressum\/\",\"name\":\"Impressum | MasterSport\",\"isPartOf\":{\"@id\":\"https:\/\/www.master-sport.de\/#website\"},\"datePublished\":\"2024-11-05T15:32:03+00:00\",\"dateModified\":\"2024-11-05T15:32:04+00:00\",\"description\":\"Master-Sport: Producent wysokiej jako\u015bci cz\u0119\u015bci samochodowych i rozwi\u0105za\u0144 motoryzacyjnych. Sprawd\u017a nasz\u0105 ofert\u0119 produkt\u00f3w OEM oraz akcesori\u00f3w dla r\u00f3\u017cnych marek i modeli aut. Jako\u015b\u0107 i niezawodno\u015b\u0107 gwarantowane!\",\"breadcrumb\":{\"@id\":\"https:\/\/www.master-sport.de\/de\/impressum\/#breadcrumb\"},\"inLanguage\":\"de\",\"potentialAction\":[{\"@type\":\"ReadAction\",\"target\":[\"https:\/\/www.master-sport.de\/de\/impressum\/\"]}]},{\"@type\":\"BreadcrumbList\",\"@id\":\"https:\/\/www.master-sport.de\/de\/impressum\/#breadcrumb\",\"itemListElement\":[{\"@type\":\"ListItem\",\"position\":1,\"name\":\"Strona g\u0142\u00f3wna\",\"item\":\"https:\/\/www.master-sport.de\/pl\/\"},{\"@type\":\"ListItem\",\"position\":2,\"name\":\"Impressum\"}]},{\"@type\":\"WebSite\",\"@id\":\"https:\/\/www.master-sport.de\/#website\",\"url\":\"https:\/\/www.master-sport.de\/\",\"name\":\"MasterSport\",\"description\":\"\",\"publisher\":{\"@id\":\"https:\/\/www.master-sport.de\/#organization\"},\"potentialAction\":[{\"@type\":\"SearchAction\",\"target\":{\"@type\":\"EntryPoint\",\"urlTemplate\":\"https:\/\/www.master-sport.de\/?s={search_term_string}\"},\"query-input\":{\"@type\":\"PropertyValueSpecification\",\"valueRequired\":true,\"valueName\":\"search_term_string\"}}],\"inLanguage\":\"de\"},{\"@type\":\"Organization\",\"@id\":\"https:\/\/www.master-sport.de\/#organization\",\"name\":\"MasterSport\",\"url\":\"https:\/\/www.master-sport.de\/\",\"logo\":{\"@type\":\"ImageObject\",\"inLanguage\":\"de\",\"@id\":\"https:\/\/www.master-sport.de\/#\/schema\/logo\/image\/\",\"url\":\"https:\/\/www.master-sport.de\/wp-content\/uploads\/2025\/03\/logo_nowe_rgb.png\",\"contentUrl\":\"https:\/\/www.master-sport.de\/wp-content\/uploads\/2025\/03\/logo_nowe_rgb.png\",\"width\":3044,\"height\":1274,\"caption\":\"MasterSport\"},\"image\":{\"@id\":\"https:\/\/www.master-sport.de\/#\/schema\/logo\/image\/\"}}]}<\/script>\n<!-- \/ Yoast SEO plugin. -->","yoast_head_json":{"title":"Impressum | MasterSport","description":"Master-Sport: Producent wysokiej jako\u015bci cz\u0119\u015bci samochodowych i rozwi\u0105za\u0144 motoryzacyjnych. Sprawd\u017a nasz\u0105 ofert\u0119 produkt\u00f3w OEM oraz akcesori\u00f3w dla r\u00f3\u017cnych marek i modeli aut. Jako\u015b\u0107 i niezawodno\u015b\u0107 gwarantowane!","robots":{"index":"index","follow":"follow","max-snippet":"max-snippet:-1","max-image-preview":"max-image-preview:large","max-video-preview":"max-video-preview:-1"},"canonical":"https:\/\/www.master-sport.de\/de\/impressum\/","og_locale":"de_DE","og_type":"article","og_title":"Impressum | MasterSport","og_description":"Master-Sport: Producent wysokiej jako\u015bci cz\u0119\u015bci samochodowych i rozwi\u0105za\u0144 motoryzacyjnych. Sprawd\u017a nasz\u0105 ofert\u0119 produkt\u00f3w OEM oraz akcesori\u00f3w dla r\u00f3\u017cnych marek i modeli aut. Jako\u015b\u0107 i niezawodno\u015b\u0107 gwarantowane!","og_url":"https:\/\/www.master-sport.de\/de\/impressum\/","og_site_name":"MasterSport","article_modified_time":"2024-11-05T15:32:04+00:00","og_image":[{"width":300,"height":300,"url":"https:\/\/www.master-sport.de\/wp-content\/uploads\/2024\/08\/LOGO-2.jpg","type":"image\/jpeg"}],"twitter_card":"summary_large_image","twitter_misc":{"Gesch\u00e4tzte Lesezeit":"1\u00a0Minute"},"schema":{"@context":"https:\/\/schema.org","@graph":[{"@type":"WebPage","@id":"https:\/\/www.master-sport.de\/de\/impressum\/","url":"https:\/\/www.master-sport.de\/de\/impressum\/","name":"Impressum | MasterSport","isPartOf":{"@id":"https:\/\/www.master-sport.de\/#website"},"datePublished":"2024-11-05T15:32:03+00:00","dateModified":"2024-11-05T15:32:04+00:00","description":"Master-Sport: Producent wysokiej jako\u015bci cz\u0119\u015bci samochodowych i rozwi\u0105za\u0144 motoryzacyjnych. Sprawd\u017a nasz\u0105 ofert\u0119 produkt\u00f3w OEM oraz akcesori\u00f3w dla r\u00f3\u017cnych marek i modeli aut. Jako\u015b\u0107 i niezawodno\u015b\u0107 gwarantowane!","breadcrumb":{"@id":"https:\/\/www.master-sport.de\/de\/impressum\/#breadcrumb"},"inLanguage":"de","potentialAction":[{"@type":"ReadAction","target":["https:\/\/www.master-sport.de\/de\/impressum\/"]}]},{"@type":"BreadcrumbList","@id":"https:\/\/www.master-sport.de\/de\/impressum\/#breadcrumb","itemListElement":[{"@type":"ListItem","position":1,"name":"Strona g\u0142\u00f3wna","item":"https:\/\/www.master-sport.de\/pl\/"},{"@type":"ListItem","position":2,"name":"Impressum"}]},{"@type":"WebSite","@id":"https:\/\/www.master-sport.de\/#website","url":"https:\/\/www.master-sport.de\/","name":"MasterSport","description":"","publisher":{"@id":"https:\/\/www.master-sport.de\/#organization"},"potentialAction":[{"@type":"SearchAction","target":{"@type":"EntryPoint","urlTemplate":"https:\/\/www.master-sport.de\/?s={search_term_string}"},"query-input":{"@type":"PropertyValueSpecification","valueRequired":true,"valueName":"search_term_string"}}],"inLanguage":"de"},{"@type":"Organization","@id":"https:\/\/www.master-sport.de\/#organization","name":"MasterSport","url":"https:\/\/www.master-sport.de\/","logo":{"@type":"ImageObject","inLanguage":"de","@id":"https:\/\/www.master-sport.de\/#\/schema\/logo\/image\/","url":"https:\/\/www.master-sport.de\/wp-content\/uploads\/2025\/03\/logo_nowe_rgb.png","contentUrl":"https:\/\/www.master-sport.de\/wp-content\/uploads\/2025\/03\/logo_nowe_rgb.png","width":3044,"height":1274,"caption":"MasterSport"},"image":{"@id":"https:\/\/www.master-sport.de\/#\/schema\/logo\/image\/"}}]}},"_links":{"self":[{"href":"https:\/\/www.master-sport.de\/de\/wp-json\/wp\/v2\/pages\/52702","targetHints":{"allow":["GET"]}}],"collection":[{"href":"https:\/\/www.master-sport.de\/de\/wp-json\/wp\/v2\/pages"}],"about":[{"href":"https:\/\/www.master-sport.de\/de\/wp-json\/wp\/v2\/types\/page"}],"author":[{"embeddable":true,"href":"https:\/\/www.master-sport.de\/de\/wp-json\/wp\/v2\/users\/4"}],"replies":[{"embeddable":true,"href":"https:\/\/www.master-sport.de\/de\/wp-json\/wp\/v2\/comments?post=52702"}],"version-history":[{"count":0,"href":"https:\/\/www.master-sport.de\/de\/wp-json\/wp\/v2\/pages\/52702\/revisions"}],"wp:attachment":[{"href":"https:\/\/www.master-sport.de\/de\/wp-json\/wp\/v2\/media?parent=52702"}],"curies":[{"name":"wp","href":"https:\/\/api.w.org\/{rel}","templated":true}]}}