{"id":102,"date":"2024-08-27T08:53:37","date_gmt":"2024-08-27T08:53:37","guid":{"rendered":"https:\/\/www.master-sport.de\/?page_id=102"},"modified":"2024-08-31T08:57:13","modified_gmt":"2024-08-31T08:57:13","slug":"teccom","status":"publish","type":"page","link":"https:\/\/www.master-sport.de\/pl\/teccom\/","title":{"rendered":"TECCOM"},"content":{"rendered":"\t\t<div data-elementor-type=\"wp-page\" data-elementor-id=\"102\" class=\"elementor elementor-102\" data-elementor-post-type=\"page\">\n\t\t\t\t\t\t<section class=\"elementor-section elementor-top-section elementor-element elementor-element-4d74428a elementor-section-height-min-height elementor-section-boxed elementor-section-height-default elementor-section-items-middle wpr-particle-no wpr-jarallax-no wpr-parallax-no wpr-sticky-section-no wpr-equal-height-no\" data-id=\"4d74428a\" data-element_type=\"section\" data-e-type=\"section\" data-settings=\"{&quot;background_background&quot;:&quot;classic&quot;,&quot;shape_divider_bottom&quot;:&quot;tilt&quot;}\">\n\t\t\t\t\t\t\t<div class=\"elementor-background-overlay\"><\/div>\n\t\t\t\t\t\t<div class=\"elementor-shape elementor-shape-bottom\" aria-hidden=\"true\" data-negative=\"false\">\n\t\t\t<svg xmlns=\"http:\/\/www.w3.org\/2000\/svg\" viewBox=\"0 0 1000 100\" preserveAspectRatio=\"none\">\n\t<path class=\"elementor-shape-fill\" d=\"M0,6V0h1000v100L0,6z\"\/>\n<\/svg>\t\t<\/div>\n\t\t\t\t\t<div class=\"elementor-container elementor-column-gap-default\">\n\t\t\t\t\t<div class=\"elementor-column elementor-col-100 elementor-top-column elementor-element elementor-element-770fb248\" data-id=\"770fb248\" data-element_type=\"column\" data-e-type=\"column\">\n\t\t\t<div class=\"elementor-widget-wrap elementor-element-populated\">\n\t\t\t\t\t\t<div class=\"elementor-element elementor-element-12f1c5a2 elementor-widget elementor-widget-heading\" data-id=\"12f1c5a2\" data-element_type=\"widget\" data-e-type=\"widget\" data-widget_type=\"heading.default\">\n\t\t\t\t<div class=\"elementor-widget-container\">\n\t\t\t\t\t<h1 class=\"elementor-heading-title elementor-size-default\">teccom<\/h1>\t\t\t\t<\/div>\n\t\t\t\t<\/div>\n\t\t\t\t\t<\/div>\n\t\t<\/div>\n\t\t\t\t\t<\/div>\n\t\t<\/section>\n\t\t<div class=\"elementor-element elementor-element-ea7a0fb e-flex e-con-boxed wpr-particle-no wpr-jarallax-no wpr-parallax-no wpr-sticky-section-no wpr-equal-height-no e-con e-parent\" data-id=\"ea7a0fb\" data-element_type=\"container\" data-e-type=\"container\">\n\t\t\t\t\t<div class=\"e-con-inner\">\n\t\t\t\t<div class=\"elementor-element elementor-element-5e878b8 elementor-widget elementor-widget-heading\" data-id=\"5e878b8\" data-element_type=\"widget\" data-e-type=\"widget\" data-widget_type=\"heading.default\">\n\t\t\t\t<div class=\"elementor-widget-container\">\n\t\t\t\t\t<h2 class=\"elementor-heading-title elementor-size-default\">TecCom I Master-Sport razem z ZF TRW, Bosch, Delphi, Federal Mogul i innymi producentami<\/h2>\t\t\t\t<\/div>\n\t\t\t\t<\/div>\n\t\t\t\t\t<\/div>\n\t\t\t\t<\/div>\n\t\t<div class=\"elementor-element elementor-element-b8df3a5 e-flex e-con-boxed wpr-particle-no wpr-jarallax-no wpr-parallax-no wpr-sticky-section-no wpr-equal-height-no e-con e-parent\" data-id=\"b8df3a5\" data-element_type=\"container\" data-e-type=\"container\">\n\t\t\t\t\t<div class=\"e-con-inner\">\n\t\t<div class=\"elementor-element elementor-element-ad4a5f1 e-con-full e-flex wpr-particle-no wpr-jarallax-no wpr-parallax-no wpr-sticky-section-no wpr-equal-height-no e-con e-child\" data-id=\"ad4a5f1\" data-element_type=\"container\" data-e-type=\"container\">\n\t\t\t\t<div class=\"elementor-element elementor-element-7dcf4b4 elementor-widget elementor-widget-text-editor\" data-id=\"7dcf4b4\" data-element_type=\"widget\" data-e-type=\"widget\" data-widget_type=\"text-editor.default\">\n\t\t\t\t<div class=\"elementor-widget-container\">\n\t\t\t\t\t\t\t\t\t<p>Bogata oferta marki\u00a0<strong>Master-Sport<\/strong>\u00a0jest ju\u017c dost\u0119pna za po\u015brednictwem platformy\u00a0<strong>TecCom<\/strong>. Uruchomiona funkcjonalno\u015b\u0107 pozwala na sk\u0142adanie zam\u00f3wie\u0144 oraz daje informacj\u0119 o aktualnej dost\u0119pno\u015bci i cenie.<\/p><p>Pierwszych pi\u0119ciu klient\u00f3w zarejestrowanych przez nas na platformie TecCom nagrodzimy do wyboru kombinezonem warsztatowym lub bluza polarow\u0105 MS. B\u0119dziemy wdzi\u0119czni r\u00f3wniez za wszelkie uwagi i sugestie dotycz\u0105ce funkcjonalno\u015bci i obs\u0142ugi naszych zam\u00f3wie\u0144.<\/p><p>TecCom jest wiod\u0105c\u0105 platform\u0105 komunikacyjn\u0105 B2B dla niezale\u017cnego mi\u0119dzynarodowego rynku cz\u0119\u015bci zamiennych do samochod\u00f3w. Poprzez zastosowanie rozwi\u0105za\u0144 TecCom ca\u0142y proces realizacji zam\u00f3wienia, od producenta po sprzedawc\u0119 cz\u0119\u015bci, jest zautomatyzowany i uproszczony. Obs\u0142uguj\u0105c ok. 20 mln pozycji zapyta\u0144 ofertowych i zam\u00f3wie\u0144 miesi\u0119cznie, obejmuj\u0105cych ponad 280 marek i posiadaj\u0105c oko\u0142o 20.000 punkt\u00f3w sprzeda\u017cy na ca\u0142ym \u015bwiecie, TecCom jest optymaln\u0105 platform\u0105 B2B do elektronicznej obs\u0142ugi zlece\u0144 na rynku wt\u00f3rnym wykorzystywan\u0105 przez najwi\u0119kszych producent\u00f3w i dystrybutor\u00f3w.<\/p>\t\t\t\t\t\t\t\t<\/div>\n\t\t\t\t<\/div>\n\t\t\t\t<\/div>\n\t\t<div class=\"elementor-element elementor-element-b43376b e-con-full e-flex wpr-particle-no wpr-jarallax-no wpr-parallax-no wpr-sticky-section-no wpr-equal-height-no e-con e-child\" data-id=\"b43376b\" data-element_type=\"container\" data-e-type=\"container\">\n\t\t\t\t<div class=\"elementor-element elementor-element-9734b5d elementor-widget elementor-widget-image\" data-id=\"9734b5d\" data-element_type=\"widget\" data-e-type=\"widget\" data-widget_type=\"image.default\">\n\t\t\t\t<div class=\"elementor-widget-container\">\n\t\t\t\t\t\t\t\t\t\t\t\t\t\t\t<img fetchpriority=\"high\" decoding=\"async\" width=\"464\" height=\"198\" src=\"https:\/\/www.master-sport.de\/wp-content\/uploads\/2024\/08\/TecCom-Logo_rgb-1.png\" class=\"attachment-large size-large wp-image-3263\" alt=\"\" srcset=\"https:\/\/www.master-sport.de\/wp-content\/uploads\/2024\/08\/TecCom-Logo_rgb-1.png 464w, https:\/\/www.master-sport.de\/wp-content\/uploads\/2024\/08\/TecCom-Logo_rgb-1-300x128.png 300w\" sizes=\"(max-width: 464px) 100vw, 464px\" \/>\t\t\t\t\t\t\t\t\t\t\t\t\t\t\t<\/div>\n\t\t\t\t<\/div>\n\t\t\t\t<div class=\"elementor-element elementor-element-3a46c5d elementor-align-center elementor-widget elementor-widget-button\" data-id=\"3a46c5d\" data-element_type=\"widget\" data-e-type=\"widget\" data-widget_type=\"button.default\">\n\t\t\t\t<div class=\"elementor-widget-container\">\n\t\t\t\t\t\t\t\t\t<div class=\"elementor-button-wrapper\">\n\t\t\t\t\t<a class=\"elementor-button elementor-button-link elementor-size-sm\" href=\"mailto:customercentre@master-sport.de\">\n\t\t\t\t\t\t<span class=\"elementor-button-content-wrapper\">\n\t\t\t\t\t\t\t\t\t<span class=\"elementor-button-text\">Odbierz nagrod\u0119<\/span>\n\t\t\t\t\t<\/span>\n\t\t\t\t\t<\/a>\n\t\t\t\t<\/div>\n\t\t\t\t\t\t\t\t<\/div>\n\t\t\t\t<\/div>\n\t\t\t\t<\/div>\n\t\t\t\t\t<\/div>\n\t\t\t\t<\/div>\n\t\t<div class=\"elementor-element elementor-element-4a2ee48 e-flex e-con-boxed wpr-particle-no wpr-jarallax-no wpr-parallax-no wpr-sticky-section-no wpr-equal-height-no e-con e-parent\" data-id=\"4a2ee48\" data-element_type=\"container\" data-e-type=\"container\">\n\t\t\t\t\t<div class=\"e-con-inner\">\n\t\t<div class=\"elementor-element elementor-element-b631969 e-con-full e-flex wpr-particle-no wpr-jarallax-no wpr-parallax-no wpr-sticky-section-no wpr-equal-height-no e-con e-child\" data-id=\"b631969\" data-element_type=\"container\" data-e-type=\"container\">\n\t\t\t\t<div class=\"elementor-element elementor-element-e759c67 elementor-widget elementor-widget-image\" data-id=\"e759c67\" data-element_type=\"widget\" data-e-type=\"widget\" data-widget_type=\"image.default\">\n\t\t\t\t<div class=\"elementor-widget-container\">\n\t\t\t\t\t\t\t\t\t\t\t\t\t\t\t<img decoding=\"async\" width=\"648\" height=\"508\" src=\"https:\/\/www.master-sport.de\/wp-content\/uploads\/2024\/08\/max_2-31-1.jpg\" class=\"attachment-full size-full wp-image-3268\" alt=\"\" srcset=\"https:\/\/www.master-sport.de\/wp-content\/uploads\/2024\/08\/max_2-31-1.jpg 648w, https:\/\/www.master-sport.de\/wp-content\/uploads\/2024\/08\/max_2-31-1-300x235.jpg 300w\" sizes=\"(max-width: 648px) 100vw, 648px\" \/>\t\t\t\t\t\t\t\t\t\t\t\t\t\t\t<\/div>\n\t\t\t\t<\/div>\n\t\t\t\t<\/div>\n\t\t<div class=\"elementor-element elementor-element-5745960 e-con-full e-flex wpr-particle-no wpr-jarallax-no wpr-parallax-no wpr-sticky-section-no wpr-equal-height-no e-con e-child\" data-id=\"5745960\" data-element_type=\"container\" data-e-type=\"container\">\n\t\t\t\t<div class=\"elementor-element elementor-element-1f2def8 elementor-widget elementor-widget-image\" data-id=\"1f2def8\" data-element_type=\"widget\" data-e-type=\"widget\" data-widget_type=\"image.default\">\n\t\t\t\t<div class=\"elementor-widget-container\">\n\t\t\t\t\t\t\t\t\t\t\t\t\t\t\t<img decoding=\"async\" width=\"649\" height=\"508\" src=\"https:\/\/www.master-sport.de\/wp-content\/uploads\/2024\/08\/max_3-25-1.jpg\" class=\"attachment-full size-full wp-image-3269\" alt=\"\" srcset=\"https:\/\/www.master-sport.de\/wp-content\/uploads\/2024\/08\/max_3-25-1.jpg 649w, https:\/\/www.master-sport.de\/wp-content\/uploads\/2024\/08\/max_3-25-1-300x235.jpg 300w\" sizes=\"(max-width: 649px) 100vw, 649px\" \/>\t\t\t\t\t\t\t\t\t\t\t\t\t\t\t<\/div>\n\t\t\t\t<\/div>\n\t\t\t\t<\/div>\n\t\t<div class=\"elementor-element elementor-element-f4a2085 e-con-full e-flex wpr-particle-no wpr-jarallax-no wpr-parallax-no wpr-sticky-section-no wpr-equal-height-no e-con e-child\" data-id=\"f4a2085\" data-element_type=\"container\" data-e-type=\"container\">\n\t\t\t\t<div class=\"elementor-element elementor-element-2620c2c elementor-widget elementor-widget-image\" data-id=\"2620c2c\" data-element_type=\"widget\" data-e-type=\"widget\" data-widget_type=\"image.default\">\n\t\t\t\t<div class=\"elementor-widget-container\">\n\t\t\t\t\t\t\t\t\t\t\t\t\t\t\t<img loading=\"lazy\" decoding=\"async\" width=\"649\" height=\"507\" src=\"https:\/\/www.master-sport.de\/wp-content\/uploads\/2024\/08\/max_4-24-1.jpg\" class=\"attachment-full size-full wp-image-3270\" alt=\"\" srcset=\"https:\/\/www.master-sport.de\/wp-content\/uploads\/2024\/08\/max_4-24-1.jpg 649w, https:\/\/www.master-sport.de\/wp-content\/uploads\/2024\/08\/max_4-24-1-300x234.jpg 300w\" sizes=\"(max-width: 649px) 100vw, 649px\" \/>\t\t\t\t\t\t\t\t\t\t\t\t\t\t\t<\/div>\n\t\t\t\t<\/div>\n\t\t\t\t<\/div>\n\t\t<div class=\"elementor-element elementor-element-16eecc5 e-con-full e-flex wpr-particle-no wpr-jarallax-no wpr-parallax-no wpr-sticky-section-no wpr-equal-height-no e-con e-child\" data-id=\"16eecc5\" data-element_type=\"container\" data-e-type=\"container\">\n\t\t\t\t<div class=\"elementor-element elementor-element-6ac6dee elementor-widget elementor-widget-image\" data-id=\"6ac6dee\" data-element_type=\"widget\" data-e-type=\"widget\" data-widget_type=\"image.default\">\n\t\t\t\t<div class=\"elementor-widget-container\">\n\t\t\t\t\t\t\t\t\t\t\t\t\t\t\t<img loading=\"lazy\" decoding=\"async\" width=\"646\" height=\"505\" src=\"https:\/\/www.master-sport.de\/wp-content\/uploads\/2024\/08\/max_1-51-1.jpg\" class=\"attachment-full size-full wp-image-3267\" alt=\"\" srcset=\"https:\/\/www.master-sport.de\/wp-content\/uploads\/2024\/08\/max_1-51-1.jpg 646w, https:\/\/www.master-sport.de\/wp-content\/uploads\/2024\/08\/max_1-51-1-300x235.jpg 300w\" sizes=\"(max-width: 646px) 100vw, 646px\" \/>\t\t\t\t\t\t\t\t\t\t\t\t\t\t\t<\/div>\n\t\t\t\t<\/div>\n\t\t\t\t<\/div>\n\t\t\t\t\t<\/div>\n\t\t\t\t<\/div>\n\t\t\t\t<\/div>\n\t\t","protected":false},"excerpt":{"rendered":"<p>teccom TecCom I Master-Sport razem z ZF TRW, Bosch, Delphi, Federal Mogul i innymi producentami Bogata oferta marki\u00a0Master-Sport\u00a0jest ju\u017c dost\u0119pna za po\u015brednictwem platformy\u00a0TecCom. Uruchomiona funkcjonalno\u015b\u0107 pozwala na sk\u0142adanie zam\u00f3wie\u0144 oraz daje informacj\u0119 o aktualnej dost\u0119pno\u015bci i cenie. Pierwszych pi\u0119ciu klient\u00f3w zarejestrowanych przez nas na platformie TecCom nagrodzimy do wyboru kombinezonem warsztatowym lub bluza polarow\u0105 MS. B\u0119dziemy wdzi\u0119czni r\u00f3wniez za wszelkie uwagi i sugestie dotycz\u0105ce funkcjonalno\u015bci i obs\u0142ugi naszych zam\u00f3wie\u0144. TecCom jest wiod\u0105c\u0105 platform\u0105 komunikacyjn\u0105 B2B dla niezale\u017cnego mi\u0119dzynarodowego rynku cz\u0119\u015bci zamiennych do samochod\u00f3w. Poprzez zastosowanie rozwi\u0105za\u0144 TecCom ca\u0142y proces realizacji zam\u00f3wienia, od producenta po sprzedawc\u0119 cz\u0119\u015bci, jest zautomatyzowany i uproszczony. Obs\u0142uguj\u0105c ok. 20 mln pozycji zapyta\u0144 ofertowych i zam\u00f3wie\u0144 miesi\u0119cznie, obejmuj\u0105cych ponad 280 marek i posiadaj\u0105c oko\u0142o 20.000 punkt\u00f3w sprzeda\u017cy na ca\u0142ym \u015bwiecie, TecCom jest optymaln\u0105 platform\u0105 B2B do elektronicznej obs\u0142ugi zlece\u0144 na rynku wt\u00f3rnym wykorzystywan\u0105 przez najwi\u0119kszych producent\u00f3w i dystrybutor\u00f3w. Odbierz nagrod\u0119<\/p>\n","protected":false},"author":1,"featured_media":0,"parent":0,"menu_order":0,"comment_status":"closed","ping_status":"closed","template":"","meta":{"footnotes":""},"class_list":["post-102","page","type-page","status-publish","hentry"],"yoast_head":"<!-- This site is optimized with the Yoast SEO plugin v23.5 - https:\/\/yoast.com\/wordpress\/plugins\/seo\/ -->\n<title>TECCOM | MasterSport<\/title>\n<meta name=\"description\" content=\"Master-Sport: Producent wysokiej jako\u015bci cz\u0119\u015bci samochodowych i rozwi\u0105za\u0144 motoryzacyjnych. Sprawd\u017a nasz\u0105 ofert\u0119 produkt\u00f3w OEM oraz akcesori\u00f3w dla r\u00f3\u017cnych marek i modeli aut. Jako\u015b\u0107 i niezawodno\u015b\u0107 gwarantowane!\" \/>\n<meta name=\"robots\" content=\"index, follow, max-snippet:-1, max-image-preview:large, max-video-preview:-1\" \/>\n<link rel=\"canonical\" href=\"https:\/\/www.master-sport.de\/teccom\/\" \/>\n<meta property=\"og:locale\" content=\"pl_PL\" \/>\n<meta property=\"og:type\" content=\"article\" \/>\n<meta property=\"og:title\" content=\"TECCOM | MasterSport\" \/>\n<meta property=\"og:description\" content=\"Master-Sport: Producent wysokiej jako\u015bci cz\u0119\u015bci samochodowych i rozwi\u0105za\u0144 motoryzacyjnych. Sprawd\u017a nasz\u0105 ofert\u0119 produkt\u00f3w OEM oraz akcesori\u00f3w dla r\u00f3\u017cnych marek i modeli aut. Jako\u015b\u0107 i niezawodno\u015b\u0107 gwarantowane!\" \/>\n<meta property=\"og:url\" content=\"https:\/\/www.master-sport.de\/teccom\/\" \/>\n<meta property=\"og:site_name\" content=\"MasterSport\" \/>\n<meta property=\"article:modified_time\" content=\"2024-08-31T08:57:13+00:00\" \/>\n<meta property=\"og:image\" content=\"https:\/\/www.master-sport.de\/wp-content\/uploads\/2024\/08\/TecCom-Logo_rgb-1.png\" \/>\n<meta name=\"twitter:card\" content=\"summary_large_image\" \/>\n<meta name=\"twitter:label1\" content=\"Szacowany czas czytania\" \/>\n\t<meta name=\"twitter:data1\" content=\"2 minuty\" \/>\n<script type=\"application\/ld+json\" class=\"yoast-schema-graph\">{\"@context\":\"https:\/\/schema.org\",\"@graph\":[{\"@type\":\"WebPage\",\"@id\":\"https:\/\/www.master-sport.de\/teccom\/\",\"url\":\"https:\/\/www.master-sport.de\/teccom\/\",\"name\":\"TECCOM | MasterSport\",\"isPartOf\":{\"@id\":\"https:\/\/www.master-sport.de\/#website\"},\"primaryImageOfPage\":{\"@id\":\"https:\/\/www.master-sport.de\/teccom\/#primaryimage\"},\"image\":{\"@id\":\"https:\/\/www.master-sport.de\/teccom\/#primaryimage\"},\"thumbnailUrl\":\"https:\/\/www.master-sport.de\/wp-content\/uploads\/2024\/08\/TecCom-Logo_rgb-1.png\",\"datePublished\":\"2024-08-27T08:53:37+00:00\",\"dateModified\":\"2024-08-31T08:57:13+00:00\",\"description\":\"Master-Sport: Producent wysokiej jako\u015bci cz\u0119\u015bci samochodowych i rozwi\u0105za\u0144 motoryzacyjnych. Sprawd\u017a nasz\u0105 ofert\u0119 produkt\u00f3w OEM oraz akcesori\u00f3w dla r\u00f3\u017cnych marek i modeli aut. Jako\u015b\u0107 i niezawodno\u015b\u0107 gwarantowane!\",\"breadcrumb\":{\"@id\":\"https:\/\/www.master-sport.de\/teccom\/#breadcrumb\"},\"inLanguage\":\"pl-PL\",\"potentialAction\":[{\"@type\":\"ReadAction\",\"target\":[\"https:\/\/www.master-sport.de\/teccom\/\"]}]},{\"@type\":\"ImageObject\",\"inLanguage\":\"pl-PL\",\"@id\":\"https:\/\/www.master-sport.de\/teccom\/#primaryimage\",\"url\":\"https:\/\/www.master-sport.de\/wp-content\/uploads\/2024\/08\/TecCom-Logo_rgb-1.png\",\"contentUrl\":\"https:\/\/www.master-sport.de\/wp-content\/uploads\/2024\/08\/TecCom-Logo_rgb-1.png\"},{\"@type\":\"BreadcrumbList\",\"@id\":\"https:\/\/www.master-sport.de\/teccom\/#breadcrumb\",\"itemListElement\":[{\"@type\":\"ListItem\",\"position\":1,\"name\":\"Strona g\u0142\u00f3wna\",\"item\":\"https:\/\/www.master-sport.de\/pl\/\"},{\"@type\":\"ListItem\",\"position\":2,\"name\":\"TECCOM\"}]},{\"@type\":\"WebSite\",\"@id\":\"https:\/\/www.master-sport.de\/#website\",\"url\":\"https:\/\/www.master-sport.de\/\",\"name\":\"MasterSport\",\"description\":\"\",\"publisher\":{\"@id\":\"https:\/\/www.master-sport.de\/#organization\"},\"potentialAction\":[{\"@type\":\"SearchAction\",\"target\":{\"@type\":\"EntryPoint\",\"urlTemplate\":\"https:\/\/www.master-sport.de\/?s={search_term_string}\"},\"query-input\":{\"@type\":\"PropertyValueSpecification\",\"valueRequired\":true,\"valueName\":\"search_term_string\"}}],\"inLanguage\":\"pl-PL\"},{\"@type\":\"Organization\",\"@id\":\"https:\/\/www.master-sport.de\/#organization\",\"name\":\"MasterSport\",\"url\":\"https:\/\/www.master-sport.de\/\",\"logo\":{\"@type\":\"ImageObject\",\"inLanguage\":\"pl-PL\",\"@id\":\"https:\/\/www.master-sport.de\/#\/schema\/logo\/image\/\",\"url\":\"https:\/\/www.master-sport.de\/wp-content\/uploads\/2025\/03\/logo_nowe_rgb.png\",\"contentUrl\":\"https:\/\/www.master-sport.de\/wp-content\/uploads\/2025\/03\/logo_nowe_rgb.png\",\"width\":3044,\"height\":1274,\"caption\":\"MasterSport\"},\"image\":{\"@id\":\"https:\/\/www.master-sport.de\/#\/schema\/logo\/image\/\"}}]}<\/script>\n<!-- \/ Yoast SEO plugin. -->","yoast_head_json":{"title":"TECCOM | MasterSport","description":"Master-Sport: Producent wysokiej jako\u015bci cz\u0119\u015bci samochodowych i rozwi\u0105za\u0144 motoryzacyjnych. Sprawd\u017a nasz\u0105 ofert\u0119 produkt\u00f3w OEM oraz akcesori\u00f3w dla r\u00f3\u017cnych marek i modeli aut. Jako\u015b\u0107 i niezawodno\u015b\u0107 gwarantowane!","robots":{"index":"index","follow":"follow","max-snippet":"max-snippet:-1","max-image-preview":"max-image-preview:large","max-video-preview":"max-video-preview:-1"},"canonical":"https:\/\/www.master-sport.de\/teccom\/","og_locale":"pl_PL","og_type":"article","og_title":"TECCOM | MasterSport","og_description":"Master-Sport: Producent wysokiej jako\u015bci cz\u0119\u015bci samochodowych i rozwi\u0105za\u0144 motoryzacyjnych. Sprawd\u017a nasz\u0105 ofert\u0119 produkt\u00f3w OEM oraz akcesori\u00f3w dla r\u00f3\u017cnych marek i modeli aut. Jako\u015b\u0107 i niezawodno\u015b\u0107 gwarantowane!","og_url":"https:\/\/www.master-sport.de\/teccom\/","og_site_name":"MasterSport","article_modified_time":"2024-08-31T08:57:13+00:00","og_image":[{"url":"https:\/\/www.master-sport.de\/wp-content\/uploads\/2024\/08\/TecCom-Logo_rgb-1.png"}],"twitter_card":"summary_large_image","twitter_misc":{"Szacowany czas czytania":"2 minuty"},"schema":{"@context":"https:\/\/schema.org","@graph":[{"@type":"WebPage","@id":"https:\/\/www.master-sport.de\/teccom\/","url":"https:\/\/www.master-sport.de\/teccom\/","name":"TECCOM | MasterSport","isPartOf":{"@id":"https:\/\/www.master-sport.de\/#website"},"primaryImageOfPage":{"@id":"https:\/\/www.master-sport.de\/teccom\/#primaryimage"},"image":{"@id":"https:\/\/www.master-sport.de\/teccom\/#primaryimage"},"thumbnailUrl":"https:\/\/www.master-sport.de\/wp-content\/uploads\/2024\/08\/TecCom-Logo_rgb-1.png","datePublished":"2024-08-27T08:53:37+00:00","dateModified":"2024-08-31T08:57:13+00:00","description":"Master-Sport: Producent wysokiej jako\u015bci cz\u0119\u015bci samochodowych i rozwi\u0105za\u0144 motoryzacyjnych. Sprawd\u017a nasz\u0105 ofert\u0119 produkt\u00f3w OEM oraz akcesori\u00f3w dla r\u00f3\u017cnych marek i modeli aut. Jako\u015b\u0107 i niezawodno\u015b\u0107 gwarantowane!","breadcrumb":{"@id":"https:\/\/www.master-sport.de\/teccom\/#breadcrumb"},"inLanguage":"pl-PL","potentialAction":[{"@type":"ReadAction","target":["https:\/\/www.master-sport.de\/teccom\/"]}]},{"@type":"ImageObject","inLanguage":"pl-PL","@id":"https:\/\/www.master-sport.de\/teccom\/#primaryimage","url":"https:\/\/www.master-sport.de\/wp-content\/uploads\/2024\/08\/TecCom-Logo_rgb-1.png","contentUrl":"https:\/\/www.master-sport.de\/wp-content\/uploads\/2024\/08\/TecCom-Logo_rgb-1.png"},{"@type":"BreadcrumbList","@id":"https:\/\/www.master-sport.de\/teccom\/#breadcrumb","itemListElement":[{"@type":"ListItem","position":1,"name":"Strona g\u0142\u00f3wna","item":"https:\/\/www.master-sport.de\/pl\/"},{"@type":"ListItem","position":2,"name":"TECCOM"}]},{"@type":"WebSite","@id":"https:\/\/www.master-sport.de\/#website","url":"https:\/\/www.master-sport.de\/","name":"MasterSport","description":"","publisher":{"@id":"https:\/\/www.master-sport.de\/#organization"},"potentialAction":[{"@type":"SearchAction","target":{"@type":"EntryPoint","urlTemplate":"https:\/\/www.master-sport.de\/?s={search_term_string}"},"query-input":{"@type":"PropertyValueSpecification","valueRequired":true,"valueName":"search_term_string"}}],"inLanguage":"pl-PL"},{"@type":"Organization","@id":"https:\/\/www.master-sport.de\/#organization","name":"MasterSport","url":"https:\/\/www.master-sport.de\/","logo":{"@type":"ImageObject","inLanguage":"pl-PL","@id":"https:\/\/www.master-sport.de\/#\/schema\/logo\/image\/","url":"https:\/\/www.master-sport.de\/wp-content\/uploads\/2025\/03\/logo_nowe_rgb.png","contentUrl":"https:\/\/www.master-sport.de\/wp-content\/uploads\/2025\/03\/logo_nowe_rgb.png","width":3044,"height":1274,"caption":"MasterSport"},"image":{"@id":"https:\/\/www.master-sport.de\/#\/schema\/logo\/image\/"}}]}},"_links":{"self":[{"href":"https:\/\/www.master-sport.de\/pl\/wp-json\/wp\/v2\/pages\/102","targetHints":{"allow":["GET"]}}],"collection":[{"href":"https:\/\/www.master-sport.de\/pl\/wp-json\/wp\/v2\/pages"}],"about":[{"href":"https:\/\/www.master-sport.de\/pl\/wp-json\/wp\/v2\/types\/page"}],"author":[{"embeddable":true,"href":"https:\/\/www.master-sport.de\/pl\/wp-json\/wp\/v2\/users\/1"}],"replies":[{"embeddable":true,"href":"https:\/\/www.master-sport.de\/pl\/wp-json\/wp\/v2\/comments?post=102"}],"version-history":[{"count":0,"href":"https:\/\/www.master-sport.de\/pl\/wp-json\/wp\/v2\/pages\/102\/revisions"}],"wp:attachment":[{"href":"https:\/\/www.master-sport.de\/pl\/wp-json\/wp\/v2\/media?parent=102"}],"curies":[{"name":"wp","href":"https:\/\/api.w.org\/{rel}","templated":true}]}}