{"id":104,"date":"2024-08-27T08:53:47","date_gmt":"2024-08-27T08:53:47","guid":{"rendered":"https:\/\/www.master-sport.de\/?page_id=104"},"modified":"2024-08-31T08:57:59","modified_gmt":"2024-08-31T08:57:59","slug":"tecdom","status":"publish","type":"page","link":"https:\/\/www.master-sport.de\/pl\/tecdom\/","title":{"rendered":"TECDOC"},"content":{"rendered":"\t\t<div data-elementor-type=\"wp-page\" data-elementor-id=\"104\" class=\"elementor elementor-104\" data-elementor-post-type=\"page\">\n\t\t\t\t\t\t<section class=\"elementor-section elementor-top-section elementor-element elementor-element-7cb9ca92 elementor-section-height-min-height elementor-section-boxed elementor-section-height-default elementor-section-items-middle wpr-particle-no wpr-jarallax-no wpr-parallax-no wpr-sticky-section-no wpr-equal-height-no\" data-id=\"7cb9ca92\" data-element_type=\"section\" data-e-type=\"section\" data-settings=\"{&quot;background_background&quot;:&quot;classic&quot;,&quot;shape_divider_bottom&quot;:&quot;tilt&quot;}\">\n\t\t\t\t\t\t\t<div class=\"elementor-background-overlay\"><\/div>\n\t\t\t\t\t\t<div class=\"elementor-shape elementor-shape-bottom\" aria-hidden=\"true\" data-negative=\"false\">\n\t\t\t<svg xmlns=\"http:\/\/www.w3.org\/2000\/svg\" viewBox=\"0 0 1000 100\" preserveAspectRatio=\"none\">\n\t<path class=\"elementor-shape-fill\" d=\"M0,6V0h1000v100L0,6z\"\/>\n<\/svg>\t\t<\/div>\n\t\t\t\t\t<div class=\"elementor-container elementor-column-gap-default\">\n\t\t\t\t\t<div class=\"elementor-column elementor-col-100 elementor-top-column elementor-element elementor-element-66e8e52f\" data-id=\"66e8e52f\" data-element_type=\"column\" data-e-type=\"column\">\n\t\t\t<div class=\"elementor-widget-wrap elementor-element-populated\">\n\t\t\t\t\t\t<div class=\"elementor-element elementor-element-2840d8e2 elementor-widget elementor-widget-heading\" data-id=\"2840d8e2\" data-element_type=\"widget\" data-e-type=\"widget\" data-widget_type=\"heading.default\">\n\t\t\t\t<div class=\"elementor-widget-container\">\n\t\t\t\t\t<h1 class=\"elementor-heading-title elementor-size-default\">tecdoc<\/h1>\t\t\t\t<\/div>\n\t\t\t\t<\/div>\n\t\t\t\t\t<\/div>\n\t\t<\/div>\n\t\t\t\t\t<\/div>\n\t\t<\/section>\n\t\t<div class=\"elementor-element elementor-element-452dc1c e-flex e-con-boxed wpr-particle-no wpr-jarallax-no wpr-parallax-no wpr-sticky-section-no wpr-equal-height-no e-con e-parent\" data-id=\"452dc1c\" data-element_type=\"container\" data-e-type=\"container\">\n\t\t\t\t\t<div class=\"e-con-inner\">\n\t\t\t\t<div class=\"elementor-element elementor-element-e02434f elementor-widget elementor-widget-heading\" data-id=\"e02434f\" data-element_type=\"widget\" data-e-type=\"widget\" data-widget_type=\"heading.default\">\n\t\t\t\t<div class=\"elementor-widget-container\">\n\t\t\t\t\t<h2 class=\"elementor-heading-title elementor-size-default\">TecDoc Certyfikowany dostawca danych<\/h2>\t\t\t\t<\/div>\n\t\t\t\t<\/div>\n\t\t\t\t\t<\/div>\n\t\t\t\t<\/div>\n\t\t<div class=\"elementor-element elementor-element-e15a3fc e-flex e-con-boxed wpr-particle-no wpr-jarallax-no wpr-parallax-no wpr-sticky-section-no wpr-equal-height-no e-con e-parent\" data-id=\"e15a3fc\" data-element_type=\"container\" data-e-type=\"container\">\n\t\t\t\t\t<div class=\"e-con-inner\">\n\t\t<div class=\"elementor-element elementor-element-bc15f57 e-con-full e-flex wpr-particle-no wpr-jarallax-no wpr-parallax-no wpr-sticky-section-no wpr-equal-height-no e-con e-child\" data-id=\"bc15f57\" data-element_type=\"container\" data-e-type=\"container\">\n\t\t\t\t<div class=\"elementor-element elementor-element-9db3178 elementor-widget elementor-widget-text-editor\" data-id=\"9db3178\" data-element_type=\"widget\" data-e-type=\"widget\" data-widget_type=\"text-editor.default\">\n\t\t\t\t<div class=\"elementor-widget-container\">\n\t\t\t\t\t\t\t\t\t<p>Marka Master-Sport Automobiltechnik (MS) GmbH, po raz kolejny\u00a0<strong>spe\u0142ni\u0142a rygorystyczne wymagania i normy firmy TecDoc<\/strong>. Za co zosta\u0142a kolejny rok z rz\u0119du uhonorowana certyfikatem \u201eTecDoc Certified Data Supplier\u201d. Osi\u0105gni\u0119cie to jest wynikiem ci\u0105g\u0142ych wysi\u0142k\u00f3w zmierzaj\u0105cych do rozbudowywania bazy danych i wysokiej jako\u015bci dostarczanych danych (zastosowa\u0144, numer\u00f3w por\u00f3wnawczych, zdj\u0119\u0107, dokumentacji technicznej).<\/p><div class=\"wp-block-spacer\" aria-hidden=\"true\">\u00a0<\/div><p>Co kwarta\u0142 TecDoc dokonuje audytu dostarczonych przez producent\u00f3w danych wed\u0142ug okre\u015blonych kryteri\u00f3w jako\u015bciowych. Wyniki audytu trafiaj\u0105 z powrotem do dostawc\u00f3w danych, co ma na celu ci\u0105g\u0142\u0105 popraw\u0119 ich jako\u015bci.<\/p><div class=\"wp-block-spacer\" aria-hidden=\"true\">\u00a0<\/div><p>Dostawcy danych, kt\u00f3rzy spe\u0142niaj\u0105 rygorystyczne wymogi normy, otrzymuj\u0105 znak homologacji\u00a0<strong>\u201eTecDoc Certified Data Supplier\u201d<\/strong>.<\/p><div class=\"wp-block-spacer\" aria-hidden=\"true\">\u00a0<\/div><p>Uznanie za \u201eCertyfikowanego Dostawcy Danych\u201d jest dla Master-Sport wa\u017cnym osi\u0105gni\u0119ciem i dowodem na jako\u015b\u0107 naszych danych w aplikacji. Jako \u017ce format danych TecDoc jest coraz cz\u0119\u015bciej standardem w Europie, jest r\u00f3wnie\u017c wykorzystywany przez inne firmy do integracji danych w swoich systemach. Zapewnienie ci\u0105g\u0142ej aktualizacji zawsze by\u0142o, i jest priorytetem dla firmy Master-Sport.<\/p><div class=\"wp-block-spacer\" aria-hidden=\"true\">\u00a0<\/div><p>Wszystkie produkty oferowane przez MS dost\u0119pne s\u0105 w bazie danych www.tecdoc.de, pozwalaj\u0105c na korzystanie z zaktualizowanych i kompleksowych danych pozwalaj\u0105cych na identyfikacje i zamawiania cz\u0119\u015bci zamiennych.<\/p>\t\t\t\t\t\t\t\t<\/div>\n\t\t\t\t<\/div>\n\t\t\t\t<\/div>\n\t\t<div class=\"elementor-element elementor-element-3b5c9a3 e-con-full e-flex wpr-particle-no wpr-jarallax-no wpr-parallax-no wpr-sticky-section-no wpr-equal-height-no e-con e-child\" data-id=\"3b5c9a3\" data-element_type=\"container\" data-e-type=\"container\">\n\t\t\t\t<div class=\"elementor-element elementor-element-0344a54 elementor-widget elementor-widget-image\" data-id=\"0344a54\" data-element_type=\"widget\" data-e-type=\"widget\" data-widget_type=\"image.default\">\n\t\t\t\t<div class=\"elementor-widget-container\">\n\t\t\t\t\t\t\t\t\t\t\t\t\t\t\t<img fetchpriority=\"high\" decoding=\"async\" width=\"416\" height=\"198\" src=\"https:\/\/www.master-sport.de\/wp-content\/uploads\/2024\/08\/TecDoc-Logo_rgb-1.png\" class=\"attachment-full size-full wp-image-3288\" alt=\"\" srcset=\"https:\/\/www.master-sport.de\/wp-content\/uploads\/2024\/08\/TecDoc-Logo_rgb-1.png 416w, https:\/\/www.master-sport.de\/wp-content\/uploads\/2024\/08\/TecDoc-Logo_rgb-1-300x143.png 300w\" sizes=\"(max-width: 416px) 100vw, 416px\" \/>\t\t\t\t\t\t\t\t\t\t\t\t\t\t\t<\/div>\n\t\t\t\t<\/div>\n\t\t\t\t<\/div>\n\t\t\t\t\t<\/div>\n\t\t\t\t<\/div>\n\t\t<div class=\"elementor-element elementor-element-91ab0e9 e-flex e-con-boxed wpr-particle-no wpr-jarallax-no wpr-parallax-no wpr-sticky-section-no wpr-equal-height-no e-con e-parent\" data-id=\"91ab0e9\" data-element_type=\"container\" data-e-type=\"container\">\n\t\t\t\t\t<div class=\"e-con-inner\">\n\t\t<div class=\"elementor-element elementor-element-584b62a e-con-full e-flex wpr-particle-no wpr-jarallax-no wpr-parallax-no wpr-sticky-section-no wpr-equal-height-no e-con e-child\" data-id=\"584b62a\" data-element_type=\"container\" data-e-type=\"container\">\n\t\t\t\t<div class=\"elementor-element elementor-element-3508065 elementor-widget elementor-widget-image\" data-id=\"3508065\" data-element_type=\"widget\" data-e-type=\"widget\" data-widget_type=\"image.default\">\n\t\t\t\t<div class=\"elementor-widget-container\">\n\t\t\t\t\t\t\t\t\t\t\t\t\t\t\t<img decoding=\"async\" width=\"1024\" height=\"392\" src=\"https:\/\/www.master-sport.de\/wp-content\/uploads\/2024\/08\/TecDoc-DS-1024x392-1.jpg\" class=\"attachment-full size-full wp-image-3287\" alt=\"\" srcset=\"https:\/\/www.master-sport.de\/wp-content\/uploads\/2024\/08\/TecDoc-DS-1024x392-1.jpg 1024w, https:\/\/www.master-sport.de\/wp-content\/uploads\/2024\/08\/TecDoc-DS-1024x392-1-300x115.jpg 300w, https:\/\/www.master-sport.de\/wp-content\/uploads\/2024\/08\/TecDoc-DS-1024x392-1-768x294.jpg 768w\" sizes=\"(max-width: 1024px) 100vw, 1024px\" \/>\t\t\t\t\t\t\t\t\t\t\t\t\t\t\t<\/div>\n\t\t\t\t<\/div>\n\t\t\t\t<\/div>\n\t\t<div class=\"elementor-element elementor-element-f2ff529 e-con-full e-flex wpr-particle-no wpr-jarallax-no wpr-parallax-no wpr-sticky-section-no wpr-equal-height-no e-con e-child\" data-id=\"f2ff529\" data-element_type=\"container\" data-e-type=\"container\">\n\t\t\t\t<div class=\"elementor-element elementor-element-b7e3363 elementor-widget elementor-widget-image\" data-id=\"b7e3363\" data-element_type=\"widget\" data-e-type=\"widget\" data-widget_type=\"image.default\">\n\t\t\t\t<div class=\"elementor-widget-container\">\n\t\t\t\t\t\t\t\t\t\t\t\t\t\t\t<img decoding=\"async\" width=\"1200\" height=\"459\" src=\"https:\/\/www.master-sport.de\/wp-content\/uploads\/2024\/08\/TecDoc-CDS-1.jpg\" class=\"attachment-full size-full wp-image-3286\" alt=\"\" srcset=\"https:\/\/www.master-sport.de\/wp-content\/uploads\/2024\/08\/TecDoc-CDS-1.jpg 1200w, https:\/\/www.master-sport.de\/wp-content\/uploads\/2024\/08\/TecDoc-CDS-1-300x115.jpg 300w, https:\/\/www.master-sport.de\/wp-content\/uploads\/2024\/08\/TecDoc-CDS-1-1024x392.jpg 1024w, https:\/\/www.master-sport.de\/wp-content\/uploads\/2024\/08\/TecDoc-CDS-1-768x294.jpg 768w\" sizes=\"(max-width: 1200px) 100vw, 1200px\" \/>\t\t\t\t\t\t\t\t\t\t\t\t\t\t\t<\/div>\n\t\t\t\t<\/div>\n\t\t\t\t<\/div>\n\t\t<div class=\"elementor-element elementor-element-4c12518 e-con-full e-flex wpr-particle-no wpr-jarallax-no wpr-parallax-no wpr-sticky-section-no wpr-equal-height-no e-con e-child\" data-id=\"4c12518\" data-element_type=\"container\" data-e-type=\"container\">\n\t\t\t\t<div class=\"elementor-element elementor-element-42c9b06 elementor-widget elementor-widget-image\" data-id=\"42c9b06\" data-element_type=\"widget\" data-e-type=\"widget\" data-widget_type=\"image.default\">\n\t\t\t\t<div class=\"elementor-widget-container\">\n\t\t\t\t\t\t\t\t\t\t\t\t\t\t\t<img loading=\"lazy\" decoding=\"async\" width=\"1024\" height=\"392\" src=\"https:\/\/www.master-sport.de\/wp-content\/uploads\/2024\/08\/TecDoc-PDS-1024x392-1.jpg\" class=\"attachment-full size-full wp-image-3289\" alt=\"\" srcset=\"https:\/\/www.master-sport.de\/wp-content\/uploads\/2024\/08\/TecDoc-PDS-1024x392-1.jpg 1024w, https:\/\/www.master-sport.de\/wp-content\/uploads\/2024\/08\/TecDoc-PDS-1024x392-1-300x115.jpg 300w, https:\/\/www.master-sport.de\/wp-content\/uploads\/2024\/08\/TecDoc-PDS-1024x392-1-768x294.jpg 768w\" sizes=\"(max-width: 1024px) 100vw, 1024px\" \/>\t\t\t\t\t\t\t\t\t\t\t\t\t\t\t<\/div>\n\t\t\t\t<\/div>\n\t\t\t\t<\/div>\n\t\t\t\t\t<\/div>\n\t\t\t\t<\/div>\n\t\t\t\t<\/div>\n\t\t","protected":false},"excerpt":{"rendered":"<p>tecdoc TecDoc Certyfikowany dostawca danych Marka Master-Sport Automobiltechnik (MS) GmbH, po raz kolejny\u00a0spe\u0142ni\u0142a rygorystyczne wymagania i normy firmy TecDoc. Za co zosta\u0142a kolejny rok z rz\u0119du uhonorowana certyfikatem \u201eTecDoc Certified Data Supplier\u201d. Osi\u0105gni\u0119cie to jest wynikiem ci\u0105g\u0142ych wysi\u0142k\u00f3w zmierzaj\u0105cych do rozbudowywania bazy danych i wysokiej jako\u015bci dostarczanych danych (zastosowa\u0144, numer\u00f3w por\u00f3wnawczych, zdj\u0119\u0107, dokumentacji technicznej). \u00a0 Co kwarta\u0142 TecDoc dokonuje audytu dostarczonych przez producent\u00f3w danych wed\u0142ug okre\u015blonych kryteri\u00f3w jako\u015bciowych. Wyniki audytu trafiaj\u0105 z powrotem do dostawc\u00f3w danych, co ma na celu ci\u0105g\u0142\u0105 popraw\u0119 ich jako\u015bci. \u00a0 Dostawcy danych, kt\u00f3rzy spe\u0142niaj\u0105 rygorystyczne wymogi normy, otrzymuj\u0105 znak homologacji\u00a0\u201eTecDoc Certified Data Supplier\u201d. \u00a0 Uznanie za \u201eCertyfikowanego Dostawcy Danych\u201d jest dla Master-Sport wa\u017cnym osi\u0105gni\u0119ciem i dowodem na jako\u015b\u0107 naszych danych w aplikacji. Jako \u017ce format danych TecDoc jest coraz cz\u0119\u015bciej standardem w Europie, jest r\u00f3wnie\u017c wykorzystywany przez inne firmy do integracji danych w swoich systemach. Zapewnienie ci\u0105g\u0142ej aktualizacji zawsze by\u0142o, i jest priorytetem dla firmy Master-Sport. \u00a0 Wszystkie produkty oferowane przez MS dost\u0119pne s\u0105 w bazie danych www.tecdoc.de, pozwalaj\u0105c na korzystanie z zaktualizowanych i kompleksowych danych pozwalaj\u0105cych na identyfikacje i zamawiania cz\u0119\u015bci zamiennych.<\/p>\n","protected":false},"author":1,"featured_media":0,"parent":0,"menu_order":0,"comment_status":"closed","ping_status":"closed","template":"","meta":{"footnotes":""},"class_list":["post-104","page","type-page","status-publish","hentry"],"yoast_head":"<!-- This site is optimized with the Yoast SEO plugin v23.5 - https:\/\/yoast.com\/wordpress\/plugins\/seo\/ -->\n<title>TECDOC | MasterSport<\/title>\n<meta name=\"description\" content=\"Master-Sport: Producent wysokiej jako\u015bci cz\u0119\u015bci samochodowych i rozwi\u0105za\u0144 motoryzacyjnych. Sprawd\u017a nasz\u0105 ofert\u0119 produkt\u00f3w OEM oraz akcesori\u00f3w dla r\u00f3\u017cnych marek i modeli aut. Jako\u015b\u0107 i niezawodno\u015b\u0107 gwarantowane!\" \/>\n<meta name=\"robots\" content=\"index, follow, max-snippet:-1, max-image-preview:large, max-video-preview:-1\" \/>\n<link rel=\"canonical\" href=\"https:\/\/www.master-sport.de\/tecdom\/\" \/>\n<meta property=\"og:locale\" content=\"pl_PL\" \/>\n<meta property=\"og:type\" content=\"article\" \/>\n<meta property=\"og:title\" content=\"TECDOC | MasterSport\" \/>\n<meta property=\"og:description\" content=\"Master-Sport: Producent wysokiej jako\u015bci cz\u0119\u015bci samochodowych i rozwi\u0105za\u0144 motoryzacyjnych. Sprawd\u017a nasz\u0105 ofert\u0119 produkt\u00f3w OEM oraz akcesori\u00f3w dla r\u00f3\u017cnych marek i modeli aut. Jako\u015b\u0107 i niezawodno\u015b\u0107 gwarantowane!\" \/>\n<meta property=\"og:url\" content=\"https:\/\/www.master-sport.de\/tecdom\/\" \/>\n<meta property=\"og:site_name\" content=\"MasterSport\" \/>\n<meta property=\"article:modified_time\" content=\"2024-08-31T08:57:59+00:00\" \/>\n<meta property=\"og:image\" content=\"https:\/\/www.master-sport.de\/wp-content\/uploads\/2024\/08\/TecDoc-Logo_rgb-1.png\" \/>\n<meta name=\"twitter:card\" content=\"summary_large_image\" \/>\n<meta name=\"twitter:label1\" content=\"Szacowany czas czytania\" \/>\n\t<meta name=\"twitter:data1\" content=\"2 minuty\" \/>\n<script type=\"application\/ld+json\" class=\"yoast-schema-graph\">{\"@context\":\"https:\/\/schema.org\",\"@graph\":[{\"@type\":\"WebPage\",\"@id\":\"https:\/\/www.master-sport.de\/tecdom\/\",\"url\":\"https:\/\/www.master-sport.de\/tecdom\/\",\"name\":\"TECDOC | MasterSport\",\"isPartOf\":{\"@id\":\"https:\/\/www.master-sport.de\/#website\"},\"primaryImageOfPage\":{\"@id\":\"https:\/\/www.master-sport.de\/tecdom\/#primaryimage\"},\"image\":{\"@id\":\"https:\/\/www.master-sport.de\/tecdom\/#primaryimage\"},\"thumbnailUrl\":\"https:\/\/www.master-sport.de\/wp-content\/uploads\/2024\/08\/TecDoc-Logo_rgb-1.png\",\"datePublished\":\"2024-08-27T08:53:47+00:00\",\"dateModified\":\"2024-08-31T08:57:59+00:00\",\"description\":\"Master-Sport: Producent wysokiej jako\u015bci cz\u0119\u015bci samochodowych i rozwi\u0105za\u0144 motoryzacyjnych. Sprawd\u017a nasz\u0105 ofert\u0119 produkt\u00f3w OEM oraz akcesori\u00f3w dla r\u00f3\u017cnych marek i modeli aut. Jako\u015b\u0107 i niezawodno\u015b\u0107 gwarantowane!\",\"breadcrumb\":{\"@id\":\"https:\/\/www.master-sport.de\/tecdom\/#breadcrumb\"},\"inLanguage\":\"pl-PL\",\"potentialAction\":[{\"@type\":\"ReadAction\",\"target\":[\"https:\/\/www.master-sport.de\/tecdom\/\"]}]},{\"@type\":\"ImageObject\",\"inLanguage\":\"pl-PL\",\"@id\":\"https:\/\/www.master-sport.de\/tecdom\/#primaryimage\",\"url\":\"https:\/\/www.master-sport.de\/wp-content\/uploads\/2024\/08\/TecDoc-Logo_rgb-1.png\",\"contentUrl\":\"https:\/\/www.master-sport.de\/wp-content\/uploads\/2024\/08\/TecDoc-Logo_rgb-1.png\"},{\"@type\":\"BreadcrumbList\",\"@id\":\"https:\/\/www.master-sport.de\/tecdom\/#breadcrumb\",\"itemListElement\":[{\"@type\":\"ListItem\",\"position\":1,\"name\":\"Strona g\u0142\u00f3wna\",\"item\":\"https:\/\/www.master-sport.de\/pl\/\"},{\"@type\":\"ListItem\",\"position\":2,\"name\":\"TECDOC\"}]},{\"@type\":\"WebSite\",\"@id\":\"https:\/\/www.master-sport.de\/#website\",\"url\":\"https:\/\/www.master-sport.de\/\",\"name\":\"MasterSport\",\"description\":\"\",\"publisher\":{\"@id\":\"https:\/\/www.master-sport.de\/#organization\"},\"potentialAction\":[{\"@type\":\"SearchAction\",\"target\":{\"@type\":\"EntryPoint\",\"urlTemplate\":\"https:\/\/www.master-sport.de\/?s={search_term_string}\"},\"query-input\":{\"@type\":\"PropertyValueSpecification\",\"valueRequired\":true,\"valueName\":\"search_term_string\"}}],\"inLanguage\":\"pl-PL\"},{\"@type\":\"Organization\",\"@id\":\"https:\/\/www.master-sport.de\/#organization\",\"name\":\"MasterSport\",\"url\":\"https:\/\/www.master-sport.de\/\",\"logo\":{\"@type\":\"ImageObject\",\"inLanguage\":\"pl-PL\",\"@id\":\"https:\/\/www.master-sport.de\/#\/schema\/logo\/image\/\",\"url\":\"https:\/\/www.master-sport.de\/wp-content\/uploads\/2025\/03\/logo_nowe_rgb.png\",\"contentUrl\":\"https:\/\/www.master-sport.de\/wp-content\/uploads\/2025\/03\/logo_nowe_rgb.png\",\"width\":3044,\"height\":1274,\"caption\":\"MasterSport\"},\"image\":{\"@id\":\"https:\/\/www.master-sport.de\/#\/schema\/logo\/image\/\"}}]}<\/script>\n<!-- \/ Yoast SEO plugin. -->","yoast_head_json":{"title":"TECDOC | MasterSport","description":"Master-Sport: Producent wysokiej jako\u015bci cz\u0119\u015bci samochodowych i rozwi\u0105za\u0144 motoryzacyjnych. Sprawd\u017a nasz\u0105 ofert\u0119 produkt\u00f3w OEM oraz akcesori\u00f3w dla r\u00f3\u017cnych marek i modeli aut. Jako\u015b\u0107 i niezawodno\u015b\u0107 gwarantowane!","robots":{"index":"index","follow":"follow","max-snippet":"max-snippet:-1","max-image-preview":"max-image-preview:large","max-video-preview":"max-video-preview:-1"},"canonical":"https:\/\/www.master-sport.de\/tecdom\/","og_locale":"pl_PL","og_type":"article","og_title":"TECDOC | MasterSport","og_description":"Master-Sport: Producent wysokiej jako\u015bci cz\u0119\u015bci samochodowych i rozwi\u0105za\u0144 motoryzacyjnych. Sprawd\u017a nasz\u0105 ofert\u0119 produkt\u00f3w OEM oraz akcesori\u00f3w dla r\u00f3\u017cnych marek i modeli aut. Jako\u015b\u0107 i niezawodno\u015b\u0107 gwarantowane!","og_url":"https:\/\/www.master-sport.de\/tecdom\/","og_site_name":"MasterSport","article_modified_time":"2024-08-31T08:57:59+00:00","og_image":[{"url":"https:\/\/www.master-sport.de\/wp-content\/uploads\/2024\/08\/TecDoc-Logo_rgb-1.png"}],"twitter_card":"summary_large_image","twitter_misc":{"Szacowany czas czytania":"2 minuty"},"schema":{"@context":"https:\/\/schema.org","@graph":[{"@type":"WebPage","@id":"https:\/\/www.master-sport.de\/tecdom\/","url":"https:\/\/www.master-sport.de\/tecdom\/","name":"TECDOC | MasterSport","isPartOf":{"@id":"https:\/\/www.master-sport.de\/#website"},"primaryImageOfPage":{"@id":"https:\/\/www.master-sport.de\/tecdom\/#primaryimage"},"image":{"@id":"https:\/\/www.master-sport.de\/tecdom\/#primaryimage"},"thumbnailUrl":"https:\/\/www.master-sport.de\/wp-content\/uploads\/2024\/08\/TecDoc-Logo_rgb-1.png","datePublished":"2024-08-27T08:53:47+00:00","dateModified":"2024-08-31T08:57:59+00:00","description":"Master-Sport: Producent wysokiej jako\u015bci cz\u0119\u015bci samochodowych i rozwi\u0105za\u0144 motoryzacyjnych. Sprawd\u017a nasz\u0105 ofert\u0119 produkt\u00f3w OEM oraz akcesori\u00f3w dla r\u00f3\u017cnych marek i modeli aut. Jako\u015b\u0107 i niezawodno\u015b\u0107 gwarantowane!","breadcrumb":{"@id":"https:\/\/www.master-sport.de\/tecdom\/#breadcrumb"},"inLanguage":"pl-PL","potentialAction":[{"@type":"ReadAction","target":["https:\/\/www.master-sport.de\/tecdom\/"]}]},{"@type":"ImageObject","inLanguage":"pl-PL","@id":"https:\/\/www.master-sport.de\/tecdom\/#primaryimage","url":"https:\/\/www.master-sport.de\/wp-content\/uploads\/2024\/08\/TecDoc-Logo_rgb-1.png","contentUrl":"https:\/\/www.master-sport.de\/wp-content\/uploads\/2024\/08\/TecDoc-Logo_rgb-1.png"},{"@type":"BreadcrumbList","@id":"https:\/\/www.master-sport.de\/tecdom\/#breadcrumb","itemListElement":[{"@type":"ListItem","position":1,"name":"Strona g\u0142\u00f3wna","item":"https:\/\/www.master-sport.de\/pl\/"},{"@type":"ListItem","position":2,"name":"TECDOC"}]},{"@type":"WebSite","@id":"https:\/\/www.master-sport.de\/#website","url":"https:\/\/www.master-sport.de\/","name":"MasterSport","description":"","publisher":{"@id":"https:\/\/www.master-sport.de\/#organization"},"potentialAction":[{"@type":"SearchAction","target":{"@type":"EntryPoint","urlTemplate":"https:\/\/www.master-sport.de\/?s={search_term_string}"},"query-input":{"@type":"PropertyValueSpecification","valueRequired":true,"valueName":"search_term_string"}}],"inLanguage":"pl-PL"},{"@type":"Organization","@id":"https:\/\/www.master-sport.de\/#organization","name":"MasterSport","url":"https:\/\/www.master-sport.de\/","logo":{"@type":"ImageObject","inLanguage":"pl-PL","@id":"https:\/\/www.master-sport.de\/#\/schema\/logo\/image\/","url":"https:\/\/www.master-sport.de\/wp-content\/uploads\/2025\/03\/logo_nowe_rgb.png","contentUrl":"https:\/\/www.master-sport.de\/wp-content\/uploads\/2025\/03\/logo_nowe_rgb.png","width":3044,"height":1274,"caption":"MasterSport"},"image":{"@id":"https:\/\/www.master-sport.de\/#\/schema\/logo\/image\/"}}]}},"_links":{"self":[{"href":"https:\/\/www.master-sport.de\/pl\/wp-json\/wp\/v2\/pages\/104","targetHints":{"allow":["GET"]}}],"collection":[{"href":"https:\/\/www.master-sport.de\/pl\/wp-json\/wp\/v2\/pages"}],"about":[{"href":"https:\/\/www.master-sport.de\/pl\/wp-json\/wp\/v2\/types\/page"}],"author":[{"embeddable":true,"href":"https:\/\/www.master-sport.de\/pl\/wp-json\/wp\/v2\/users\/1"}],"replies":[{"embeddable":true,"href":"https:\/\/www.master-sport.de\/pl\/wp-json\/wp\/v2\/comments?post=104"}],"version-history":[{"count":0,"href":"https:\/\/www.master-sport.de\/pl\/wp-json\/wp\/v2\/pages\/104\/revisions"}],"wp:attachment":[{"href":"https:\/\/www.master-sport.de\/pl\/wp-json\/wp\/v2\/media?parent=104"}],"curies":[{"name":"wp","href":"https:\/\/api.w.org\/{rel}","templated":true}]}}