{"id":120,"date":"2024-08-27T08:55:26","date_gmt":"2024-08-27T08:55:26","guid":{"rendered":"https:\/\/www.master-sport.de\/?page_id=120"},"modified":"2024-08-31T09:04:51","modified_gmt":"2024-08-31T09:04:51","slug":"strefa-dystrybutora","status":"publish","type":"page","link":"https:\/\/www.master-sport.de\/pl\/strefa-dystrybutora\/","title":{"rendered":"Strefa Dystrybutora"},"content":{"rendered":"\t\t<div data-elementor-type=\"wp-page\" data-elementor-id=\"120\" class=\"elementor elementor-120\" data-elementor-post-type=\"page\">\n\t\t\t\t\t\t<section class=\"elementor-section elementor-top-section elementor-element elementor-element-37661c38 elementor-section-height-min-height elementor-section-boxed elementor-section-height-default elementor-section-items-middle wpr-particle-no wpr-jarallax-no wpr-parallax-no wpr-sticky-section-no wpr-equal-height-no\" data-id=\"37661c38\" data-element_type=\"section\" data-e-type=\"section\" data-settings=\"{&quot;background_background&quot;:&quot;classic&quot;,&quot;shape_divider_bottom&quot;:&quot;tilt&quot;}\">\n\t\t\t\t\t\t\t<div class=\"elementor-background-overlay\"><\/div>\n\t\t\t\t\t\t<div class=\"elementor-shape elementor-shape-bottom\" aria-hidden=\"true\" data-negative=\"false\">\n\t\t\t<svg xmlns=\"http:\/\/www.w3.org\/2000\/svg\" viewBox=\"0 0 1000 100\" preserveAspectRatio=\"none\">\n\t<path class=\"elementor-shape-fill\" d=\"M0,6V0h1000v100L0,6z\"\/>\n<\/svg>\t\t<\/div>\n\t\t\t\t\t<div class=\"elementor-container elementor-column-gap-default\">\n\t\t\t\t\t<div class=\"elementor-column elementor-col-100 elementor-top-column elementor-element elementor-element-5a85ef37\" data-id=\"5a85ef37\" data-element_type=\"column\" data-e-type=\"column\">\n\t\t\t<div class=\"elementor-widget-wrap elementor-element-populated\">\n\t\t\t\t\t\t<div class=\"elementor-element elementor-element-2c44aaa3 elementor-widget elementor-widget-heading\" data-id=\"2c44aaa3\" data-element_type=\"widget\" data-e-type=\"widget\" data-widget_type=\"heading.default\">\n\t\t\t\t<div class=\"elementor-widget-container\">\n\t\t\t\t\t<h1 class=\"elementor-heading-title elementor-size-default\">STREFA DYSTRYBUTORA<\/h1>\t\t\t\t<\/div>\n\t\t\t\t<\/div>\n\t\t\t\t\t<\/div>\n\t\t<\/div>\n\t\t\t\t\t<\/div>\n\t\t<\/section>\n\t\t<div class=\"elementor-element elementor-element-cec8ce7 e-con-full e-flex wpr-particle-no wpr-jarallax-no wpr-parallax-no wpr-sticky-section-no wpr-equal-height-no e-con e-parent\" data-id=\"cec8ce7\" data-element_type=\"container\" data-e-type=\"container\">\n\t\t\t\t<div class=\"elementor-element elementor-element-fe7825e elementor-widget elementor-widget-text-editor\" data-id=\"fe7825e\" data-element_type=\"widget\" data-e-type=\"widget\" data-widget_type=\"text-editor.default\">\n\t\t\t\t<div class=\"elementor-widget-container\">\n\t\t\t\t\t\t\t\t\t<p>Firma&nbsp;<strong>Master-Sport-Automobiltechnik (MS) GmbH<\/strong>&nbsp;wchodz\u0105ca w sk\u0142ad&nbsp;<strong>MS EUROPEAN PRODUCTION-DISTRIBUTION AUTOMOTIVE GROUP<\/strong>&nbsp;jest uznanym producentem cz\u0119\u015bci motoryzacyjnych. W ci\u0105g\u0142ej sprzeda\u017cy oferujemy ponad 11 tys. referencji w r\u00f3\u017cnych grupach towarowych. Posiadamy sie\u0107 odbiorc\u00f3w w Europie oraz na innych kontynentach. Produkujemy pod kilkoma markami towarowymi oraz dostarczamy produkty dla marek prywatnych. Posiadamy w\u0142asne, opatentowane rozwi\u0105zania zgodne z normami europejskimi oraz wszelkie niezb\u0119dne certyfikaty. Jeste\u015bmy obecni w&nbsp;<strong>TecDoc<\/strong>&nbsp;oraz na platformie&nbsp;<strong>TecCom<\/strong>. Aktywnie uczestniczymy we wszystkich uznanych imprezach targowych na ca\u0142ym \u015bwiecie.<\/p>\n<p>Naszym Partnerom oferujemy:<\/p>\n<p>\u2013 wy\u0142\u0105czno\u015b\u0107 terytorialn\u0105<\/p>\n<p>\u2013 wsparcie marketingowe<\/p>\n<p>\u2013 materia\u0142y wizualizacyjne \u2013 banery, flagi<\/p>\n<p>\u2013 narz\u0119dzia informatyczne do bezpo\u015bredniej komunikacji \u2013&nbsp;<strong>B2B, Web Service<\/strong><\/p>\n<p>\u2013 partnerskie podej\u015bcie do biznesu<\/p>\n<p>\u2013 dodatkowe bonusy<\/p>\n<p>\u2013 ceny specjalne na wybrane referencje<\/p>\n<p>\u2013 zatowarowanie na bardzo atrakcyjnych warunkach, r\u00f3wnie\u017c w formie komisu<\/p>\n<p>\u2013 wysoki poziom osi\u0105ganej mar\u017cy<\/p>\n<p>\u2013 szerok\u0105 baz\u0119 zamiennik\u00f3w<\/p>\n<p>\u2013 zdj\u0119cia \/ filmy (YouTube) produkt\u00f3w<\/p>\n<p>\u2013 szkolenia produktowe<\/p>\n<p>\u2013 jako\u015b\u0107 OE (wsp\u00f3\u0142czynnik reklamacji na poziomie 0,2%)<\/p>\n<p>\u2013&nbsp;<strong>ISO 9001:2015<\/strong>&nbsp;wydany przez<strong>&nbsp;T\u00dcV S\u00dcD Management Service GmbH, Monachium<\/strong><\/p>\n<p>\u2013 podmiot zaufany&nbsp;<strong>AEO<\/strong><\/p>\n<div class=\"wp-block-spacer\" aria-hidden=\"true\">&nbsp;<\/div>\n<p>Platforma B2B&nbsp;<strong>www.master-sport.eu<\/strong><\/p>\t\t\t\t\t\t\t\t<\/div>\n\t\t\t\t<\/div>\n\t\t\t\t<\/div>\n\t\t\t\t<\/div>\n\t\t","protected":false},"excerpt":{"rendered":"<p>STREFA DYSTRYBUTORA Firma&nbsp;Master-Sport-Automobiltechnik (MS) GmbH&nbsp;wchodz\u0105ca w sk\u0142ad&nbsp;MS EUROPEAN PRODUCTION-DISTRIBUTION AUTOMOTIVE GROUP&nbsp;jest uznanym producentem cz\u0119\u015bci motoryzacyjnych. W ci\u0105g\u0142ej sprzeda\u017cy oferujemy ponad 11 tys. referencji w r\u00f3\u017cnych grupach towarowych. Posiadamy sie\u0107 odbiorc\u00f3w w Europie oraz na innych kontynentach. Produkujemy pod kilkoma markami towarowymi oraz dostarczamy produkty dla marek prywatnych. Posiadamy w\u0142asne, opatentowane rozwi\u0105zania zgodne z normami europejskimi oraz wszelkie niezb\u0119dne certyfikaty. Jeste\u015bmy obecni w&nbsp;TecDoc&nbsp;oraz na platformie&nbsp;TecCom. Aktywnie uczestniczymy we wszystkich uznanych imprezach targowych na ca\u0142ym \u015bwiecie. Naszym Partnerom oferujemy: \u2013 wy\u0142\u0105czno\u015b\u0107 terytorialn\u0105 \u2013 wsparcie marketingowe \u2013 materia\u0142y wizualizacyjne \u2013 banery, flagi \u2013 narz\u0119dzia informatyczne do bezpo\u015bredniej komunikacji \u2013&nbsp;B2B, Web Service \u2013 partnerskie podej\u015bcie do biznesu \u2013 dodatkowe bonusy \u2013 ceny specjalne na wybrane referencje \u2013 zatowarowanie na bardzo atrakcyjnych warunkach, r\u00f3wnie\u017c w formie komisu \u2013 wysoki poziom osi\u0105ganej mar\u017cy \u2013 szerok\u0105 baz\u0119 zamiennik\u00f3w \u2013 zdj\u0119cia \/ filmy (YouTube) produkt\u00f3w \u2013 szkolenia produktowe \u2013 jako\u015b\u0107 OE (wsp\u00f3\u0142czynnik reklamacji na poziomie 0,2%) \u2013&nbsp;ISO 9001:2015&nbsp;wydany przez&nbsp;T\u00dcV S\u00dcD Management Service GmbH, Monachium \u2013 podmiot zaufany&nbsp;AEO &nbsp; Platforma B2B&nbsp;www.master-sport.eu<\/p>\n","protected":false},"author":1,"featured_media":0,"parent":0,"menu_order":0,"comment_status":"closed","ping_status":"closed","template":"","meta":{"footnotes":""},"class_list":["post-120","page","type-page","status-publish","hentry"],"yoast_head":"<!-- This site is optimized with the Yoast SEO plugin v23.5 - https:\/\/yoast.com\/wordpress\/plugins\/seo\/ -->\n<title>Strefa Dystrybutora | MasterSport<\/title>\n<meta name=\"description\" content=\"Master-Sport: Producent wysokiej jako\u015bci cz\u0119\u015bci samochodowych i rozwi\u0105za\u0144 motoryzacyjnych. Sprawd\u017a nasz\u0105 ofert\u0119 produkt\u00f3w OEM oraz akcesori\u00f3w dla r\u00f3\u017cnych marek i modeli aut. Jako\u015b\u0107 i niezawodno\u015b\u0107 gwarantowane!\" \/>\n<meta name=\"robots\" content=\"index, follow, max-snippet:-1, max-image-preview:large, max-video-preview:-1\" \/>\n<link rel=\"canonical\" href=\"https:\/\/www.master-sport.de\/strefa-dystrybutora\/\" \/>\n<meta property=\"og:locale\" content=\"pl_PL\" \/>\n<meta property=\"og:type\" content=\"article\" \/>\n<meta property=\"og:title\" content=\"Strefa Dystrybutora | MasterSport\" \/>\n<meta property=\"og:description\" content=\"Master-Sport: Producent wysokiej jako\u015bci cz\u0119\u015bci samochodowych i rozwi\u0105za\u0144 motoryzacyjnych. Sprawd\u017a nasz\u0105 ofert\u0119 produkt\u00f3w OEM oraz akcesori\u00f3w dla r\u00f3\u017cnych marek i modeli aut. Jako\u015b\u0107 i niezawodno\u015b\u0107 gwarantowane!\" \/>\n<meta property=\"og:url\" content=\"https:\/\/www.master-sport.de\/strefa-dystrybutora\/\" \/>\n<meta property=\"og:site_name\" content=\"MasterSport\" \/>\n<meta property=\"article:modified_time\" content=\"2024-08-31T09:04:51+00:00\" \/>\n<meta property=\"og:image\" content=\"https:\/\/www.master-sport.de\/wp-content\/uploads\/2024\/08\/LOGO-2.jpg\" \/>\n\t<meta property=\"og:image:width\" content=\"300\" \/>\n\t<meta property=\"og:image:height\" content=\"300\" \/>\n\t<meta property=\"og:image:type\" content=\"image\/jpeg\" \/>\n<meta name=\"twitter:card\" content=\"summary_large_image\" \/>\n<meta name=\"twitter:label1\" content=\"Szacowany czas czytania\" \/>\n\t<meta name=\"twitter:data1\" content=\"1 minuta\" \/>\n<script type=\"application\/ld+json\" class=\"yoast-schema-graph\">{\"@context\":\"https:\/\/schema.org\",\"@graph\":[{\"@type\":\"WebPage\",\"@id\":\"https:\/\/www.master-sport.de\/strefa-dystrybutora\/\",\"url\":\"https:\/\/www.master-sport.de\/strefa-dystrybutora\/\",\"name\":\"Strefa Dystrybutora | MasterSport\",\"isPartOf\":{\"@id\":\"https:\/\/www.master-sport.de\/#website\"},\"datePublished\":\"2024-08-27T08:55:26+00:00\",\"dateModified\":\"2024-08-31T09:04:51+00:00\",\"description\":\"Master-Sport: Producent wysokiej jako\u015bci cz\u0119\u015bci samochodowych i rozwi\u0105za\u0144 motoryzacyjnych. Sprawd\u017a nasz\u0105 ofert\u0119 produkt\u00f3w OEM oraz akcesori\u00f3w dla r\u00f3\u017cnych marek i modeli aut. Jako\u015b\u0107 i niezawodno\u015b\u0107 gwarantowane!\",\"breadcrumb\":{\"@id\":\"https:\/\/www.master-sport.de\/strefa-dystrybutora\/#breadcrumb\"},\"inLanguage\":\"pl-PL\",\"potentialAction\":[{\"@type\":\"ReadAction\",\"target\":[\"https:\/\/www.master-sport.de\/strefa-dystrybutora\/\"]}]},{\"@type\":\"BreadcrumbList\",\"@id\":\"https:\/\/www.master-sport.de\/strefa-dystrybutora\/#breadcrumb\",\"itemListElement\":[{\"@type\":\"ListItem\",\"position\":1,\"name\":\"Strona g\u0142\u00f3wna\",\"item\":\"https:\/\/www.master-sport.de\/pl\/\"},{\"@type\":\"ListItem\",\"position\":2,\"name\":\"Strefa Dystrybutora\"}]},{\"@type\":\"WebSite\",\"@id\":\"https:\/\/www.master-sport.de\/#website\",\"url\":\"https:\/\/www.master-sport.de\/\",\"name\":\"MasterSport\",\"description\":\"\",\"publisher\":{\"@id\":\"https:\/\/www.master-sport.de\/#organization\"},\"potentialAction\":[{\"@type\":\"SearchAction\",\"target\":{\"@type\":\"EntryPoint\",\"urlTemplate\":\"https:\/\/www.master-sport.de\/?s={search_term_string}\"},\"query-input\":{\"@type\":\"PropertyValueSpecification\",\"valueRequired\":true,\"valueName\":\"search_term_string\"}}],\"inLanguage\":\"pl-PL\"},{\"@type\":\"Organization\",\"@id\":\"https:\/\/www.master-sport.de\/#organization\",\"name\":\"MasterSport\",\"url\":\"https:\/\/www.master-sport.de\/\",\"logo\":{\"@type\":\"ImageObject\",\"inLanguage\":\"pl-PL\",\"@id\":\"https:\/\/www.master-sport.de\/#\/schema\/logo\/image\/\",\"url\":\"https:\/\/www.master-sport.de\/wp-content\/uploads\/2025\/03\/logo_nowe_rgb.png\",\"contentUrl\":\"https:\/\/www.master-sport.de\/wp-content\/uploads\/2025\/03\/logo_nowe_rgb.png\",\"width\":3044,\"height\":1274,\"caption\":\"MasterSport\"},\"image\":{\"@id\":\"https:\/\/www.master-sport.de\/#\/schema\/logo\/image\/\"}}]}<\/script>\n<!-- \/ Yoast SEO plugin. -->","yoast_head_json":{"title":"Strefa Dystrybutora | MasterSport","description":"Master-Sport: Producent wysokiej jako\u015bci cz\u0119\u015bci samochodowych i rozwi\u0105za\u0144 motoryzacyjnych. Sprawd\u017a nasz\u0105 ofert\u0119 produkt\u00f3w OEM oraz akcesori\u00f3w dla r\u00f3\u017cnych marek i modeli aut. Jako\u015b\u0107 i niezawodno\u015b\u0107 gwarantowane!","robots":{"index":"index","follow":"follow","max-snippet":"max-snippet:-1","max-image-preview":"max-image-preview:large","max-video-preview":"max-video-preview:-1"},"canonical":"https:\/\/www.master-sport.de\/strefa-dystrybutora\/","og_locale":"pl_PL","og_type":"article","og_title":"Strefa Dystrybutora | MasterSport","og_description":"Master-Sport: Producent wysokiej jako\u015bci cz\u0119\u015bci samochodowych i rozwi\u0105za\u0144 motoryzacyjnych. Sprawd\u017a nasz\u0105 ofert\u0119 produkt\u00f3w OEM oraz akcesori\u00f3w dla r\u00f3\u017cnych marek i modeli aut. Jako\u015b\u0107 i niezawodno\u015b\u0107 gwarantowane!","og_url":"https:\/\/www.master-sport.de\/strefa-dystrybutora\/","og_site_name":"MasterSport","article_modified_time":"2024-08-31T09:04:51+00:00","og_image":[{"width":300,"height":300,"url":"https:\/\/www.master-sport.de\/wp-content\/uploads\/2024\/08\/LOGO-2.jpg","type":"image\/jpeg"}],"twitter_card":"summary_large_image","twitter_misc":{"Szacowany czas czytania":"1 minuta"},"schema":{"@context":"https:\/\/schema.org","@graph":[{"@type":"WebPage","@id":"https:\/\/www.master-sport.de\/strefa-dystrybutora\/","url":"https:\/\/www.master-sport.de\/strefa-dystrybutora\/","name":"Strefa Dystrybutora | MasterSport","isPartOf":{"@id":"https:\/\/www.master-sport.de\/#website"},"datePublished":"2024-08-27T08:55:26+00:00","dateModified":"2024-08-31T09:04:51+00:00","description":"Master-Sport: Producent wysokiej jako\u015bci cz\u0119\u015bci samochodowych i rozwi\u0105za\u0144 motoryzacyjnych. Sprawd\u017a nasz\u0105 ofert\u0119 produkt\u00f3w OEM oraz akcesori\u00f3w dla r\u00f3\u017cnych marek i modeli aut. Jako\u015b\u0107 i niezawodno\u015b\u0107 gwarantowane!","breadcrumb":{"@id":"https:\/\/www.master-sport.de\/strefa-dystrybutora\/#breadcrumb"},"inLanguage":"pl-PL","potentialAction":[{"@type":"ReadAction","target":["https:\/\/www.master-sport.de\/strefa-dystrybutora\/"]}]},{"@type":"BreadcrumbList","@id":"https:\/\/www.master-sport.de\/strefa-dystrybutora\/#breadcrumb","itemListElement":[{"@type":"ListItem","position":1,"name":"Strona g\u0142\u00f3wna","item":"https:\/\/www.master-sport.de\/pl\/"},{"@type":"ListItem","position":2,"name":"Strefa Dystrybutora"}]},{"@type":"WebSite","@id":"https:\/\/www.master-sport.de\/#website","url":"https:\/\/www.master-sport.de\/","name":"MasterSport","description":"","publisher":{"@id":"https:\/\/www.master-sport.de\/#organization"},"potentialAction":[{"@type":"SearchAction","target":{"@type":"EntryPoint","urlTemplate":"https:\/\/www.master-sport.de\/?s={search_term_string}"},"query-input":{"@type":"PropertyValueSpecification","valueRequired":true,"valueName":"search_term_string"}}],"inLanguage":"pl-PL"},{"@type":"Organization","@id":"https:\/\/www.master-sport.de\/#organization","name":"MasterSport","url":"https:\/\/www.master-sport.de\/","logo":{"@type":"ImageObject","inLanguage":"pl-PL","@id":"https:\/\/www.master-sport.de\/#\/schema\/logo\/image\/","url":"https:\/\/www.master-sport.de\/wp-content\/uploads\/2025\/03\/logo_nowe_rgb.png","contentUrl":"https:\/\/www.master-sport.de\/wp-content\/uploads\/2025\/03\/logo_nowe_rgb.png","width":3044,"height":1274,"caption":"MasterSport"},"image":{"@id":"https:\/\/www.master-sport.de\/#\/schema\/logo\/image\/"}}]}},"_links":{"self":[{"href":"https:\/\/www.master-sport.de\/pl\/wp-json\/wp\/v2\/pages\/120","targetHints":{"allow":["GET"]}}],"collection":[{"href":"https:\/\/www.master-sport.de\/pl\/wp-json\/wp\/v2\/pages"}],"about":[{"href":"https:\/\/www.master-sport.de\/pl\/wp-json\/wp\/v2\/types\/page"}],"author":[{"embeddable":true,"href":"https:\/\/www.master-sport.de\/pl\/wp-json\/wp\/v2\/users\/1"}],"replies":[{"embeddable":true,"href":"https:\/\/www.master-sport.de\/pl\/wp-json\/wp\/v2\/comments?post=120"}],"version-history":[{"count":0,"href":"https:\/\/www.master-sport.de\/pl\/wp-json\/wp\/v2\/pages\/120\/revisions"}],"wp:attachment":[{"href":"https:\/\/www.master-sport.de\/pl\/wp-json\/wp\/v2\/media?parent=120"}],"curies":[{"name":"wp","href":"https:\/\/api.w.org\/{rel}","templated":true}]}}