{"id":129,"date":"2024-08-27T08:56:56","date_gmt":"2024-08-27T08:56:56","guid":{"rendered":"https:\/\/www.master-sport.de\/?page_id=129"},"modified":"2024-08-31T09:07:42","modified_gmt":"2024-08-31T09:07:42","slug":"owzt","status":"publish","type":"page","link":"https:\/\/www.master-sport.de\/pl\/owzt\/","title":{"rendered":"OWZT"},"content":{"rendered":"\t\t<div data-elementor-type=\"wp-page\" data-elementor-id=\"129\" class=\"elementor elementor-129\" data-elementor-post-type=\"page\">\n\t\t\t\t\t\t<section class=\"elementor-section elementor-top-section elementor-element elementor-element-1cf97a3b elementor-section-height-min-height elementor-section-boxed elementor-section-height-default elementor-section-items-middle wpr-particle-no wpr-jarallax-no wpr-parallax-no wpr-sticky-section-no wpr-equal-height-no\" data-id=\"1cf97a3b\" data-element_type=\"section\" data-e-type=\"section\" data-settings=\"{&quot;background_background&quot;:&quot;classic&quot;,&quot;shape_divider_bottom&quot;:&quot;tilt&quot;}\">\n\t\t\t\t\t\t\t<div class=\"elementor-background-overlay\"><\/div>\n\t\t\t\t\t\t<div class=\"elementor-shape elementor-shape-bottom\" aria-hidden=\"true\" data-negative=\"false\">\n\t\t\t<svg xmlns=\"http:\/\/www.w3.org\/2000\/svg\" viewBox=\"0 0 1000 100\" preserveAspectRatio=\"none\">\n\t<path class=\"elementor-shape-fill\" d=\"M0,6V0h1000v100L0,6z\"\/>\n<\/svg>\t\t<\/div>\n\t\t\t\t\t<div class=\"elementor-container elementor-column-gap-default\">\n\t\t\t\t\t<div class=\"elementor-column elementor-col-100 elementor-top-column elementor-element elementor-element-c9ccdff\" data-id=\"c9ccdff\" data-element_type=\"column\" data-e-type=\"column\">\n\t\t\t<div class=\"elementor-widget-wrap elementor-element-populated\">\n\t\t\t\t\t\t<div class=\"elementor-element elementor-element-6fc464a4 elementor-widget elementor-widget-heading\" data-id=\"6fc464a4\" data-element_type=\"widget\" data-e-type=\"widget\" data-widget_type=\"heading.default\">\n\t\t\t\t<div class=\"elementor-widget-container\">\n\t\t\t\t\t<h1 class=\"elementor-heading-title elementor-size-default\">OG\u00d3LNE WARUNKI ZWROTU TOWAR\u00d3W ZAKUPIONYCH PRZEZ KUPUJ\u0104CYCH B\u0118D\u0104CYCH PRZEDSI\u0118BIORCAMI<\/h1>\t\t\t\t<\/div>\n\t\t\t\t<\/div>\n\t\t\t\t\t<\/div>\n\t\t<\/div>\n\t\t\t\t\t<\/div>\n\t\t<\/section>\n\t\t<div class=\"elementor-element elementor-element-e2cdfca e-flex e-con-boxed wpr-particle-no wpr-jarallax-no wpr-parallax-no wpr-sticky-section-no wpr-equal-height-no e-con e-parent\" data-id=\"e2cdfca\" data-element_type=\"container\" data-e-type=\"container\">\n\t\t\t\t\t<div class=\"e-con-inner\">\n\t\t\t\t<div class=\"elementor-element elementor-element-bad3ea8 elementor-widget elementor-widget-text-editor\" data-id=\"bad3ea8\" data-element_type=\"widget\" data-e-type=\"widget\" data-widget_type=\"text-editor.default\">\n\t\t\t\t<div class=\"elementor-widget-container\">\n\t\t\t\t\t\t\t\t\t<p>1. Na zasadach okre\u015blonych w niniejszych Og\u00f3lnych Warunkach Zwrotu Towar\u00f3w (dalej \u201eOWZT\u201d) towary zakupione w Master-Sport-Automobiltechnik (MS) Production-Distribution Center Wies\u0142aw Rutka z siedzib\u0105 w Gorlicach, ul. 11 listopada 68, 38-300 Gorlice, (dalej \u201eMaster Sport\u201d) mog\u0105 by\u0107 zwracane niezale\u017cnie od formy zakupu (sklep stacjonarny, sklep internetowy) w terminie nieprzekraczaj\u0105cym 1 (jednego) roku od dnia zawarcia umowy sprzeda\u017cy, pod warunkiem z\u0142o\u017cenia przez Kupuj\u0105cego b\u0119d\u0105cego przedsi\u0119biorc\u0105 (dalej \u201eKupuj\u0105cy\u201d) pisemnego wniosku o zwrot towar\u00f3w oraz uzyskania uprzedniej pisemnej lub e-mailowej zgody Master Sport na zwrot towar\u00f3w.<\/p><div class=\"wp-block-spacer\" aria-hidden=\"true\">\u00a0<\/div><p>2. Zwrotowi nie podlegaj\u0105 towary specyficzne wyprodukowane na indywidualne zam\u00f3wienie Kupuj\u0105cego.<\/p><div class=\"wp-block-spacer\" aria-hidden=\"true\">\u00a0<\/div><p>3. Z\u0142o\u017cenie wniosku o zwrot towar\u00f3w r\u00f3wnoznaczne jest z akceptacja przez Kupuj\u0105cego warunk\u00f3w OWZT zamieszczonych na stronie internetowej Master Sport.<\/p><div class=\"wp-block-spacer\" aria-hidden=\"true\">\u00a0<\/div><p>4. Kupuj\u0105cy uprawniony jest zwr\u00f3ci\u0107 towar w siedzibie Master Sport lub poprzez wysy\u0142k\u0119 towaru na sw\u00f3j koszt na adres siedziby Master Sport tj. ul. 11 listopada 68, 38-300 Gorlice. W celu zwrotu towaru Kupuj\u0105cy zobowi\u0105zany jest przes\u0142a\u0107 b\u0105d\u017a okaza\u0107 dow\u00f3d zakupu towaru oraz dokumenty przewozowe\/list przewozowy towaru. Dowodem zakupu jest faktura VAT (w formie elektronicznej lub papierowej).<\/p><div class=\"wp-block-spacer\" aria-hidden=\"true\">\u00a0<\/div><p>5. Master Sport po ostateczny przyj\u0119ciu zwracanych towar\u00f3w zgodnie z tre\u015bci\u0105 pkt 9, zwr\u00f3ci Kupuj\u0105cemu cen\u0119 sprzeda\u017cy (z zastrze\u017ceniem tre\u015bci pkt 10) pomniejszon\u0105 o 40% warto\u015bci sprzedanego towaru (gdy dostawa towar\u00f3w do Kupuj\u0105cego odby\u0142a si\u0119 na koszt Master Sport cen\u0119 sprzeda\u017cy do zwrotu pomniejsza si\u0119 dodatkowo o koszty transportu towaru). Ww. kwota przeznaczona jest na pokrycie straty Master Sport wynikaj\u0105cej z obni\u017cenia warto\u015bci towar\u00f3w, pokrycie koszt\u00f3w operacyjnych zwi\u0105zanych z obs\u0142uga zwrotu towar\u00f3w, w szczeg\u00f3lno\u015bci sprawdzeniem przez Master Sport jako\u015bci oraz spe\u0142niania przez towary cech pierwotnych zwracanych towar\u00f3w (m.in. zgodnie z zapisem pkt 6), oraz koszt\u00f3w obs\u0142ugi prawno-ksi\u0119gowej procesu zwrotu towar\u00f3w.<\/p><div class=\"wp-block-spacer\" aria-hidden=\"true\">\u00a0<\/div><p>6. Zwrotowi podlegaj\u0105 towary spe\u0142niaj\u0105ce poni\u017csze kryteria;<br \/>a) w chwili zwrotu towary s\u0105 w takim samym stanie technicznym jak w chwili ich wydania Kupuj\u0105cemu,<br \/>b) towary s\u0105 oryginalnie zapakowane,<br \/>c) pomimo braku spe\u0142nienia warunku opisanego w pkt b, zwracane mog\u0105 by\u0107 r\u00f3wnie\u017c towary rozpakowane, bez oryginalnego opakowania, o ile nie nosz\u0105 \u015blad\u00f3w zu\u017cycia lub nosz\u0105 wy\u0142\u0105cznie takie \u015blady korzystania, kt\u00f3re wynikaj\u0105 z u\u017cycia ich w spos\u00f3b konieczny do stwierdzenia ich charakteru, cech i funkcjonowania.<\/p><div class=\"wp-block-spacer\" aria-hidden=\"true\">\u00a0<\/div><p>7. Zwrotowi nie podlegaj\u0105 towary uszkodzone lub nosz\u0105ce \u015blady u\u017cytkowania.<\/p><div class=\"wp-block-spacer\" aria-hidden=\"true\">\u00a0<\/div><p>8. Towar zostaje przyj\u0119ty na podstawie wst\u0119pnej decyzji upowa\u017cnionego pracownika Master Sport po sprawdzeniu dochowania przez Kupuj\u0105cego terminu okre\u015blonego w pkt 1.<\/p><div class=\"wp-block-spacer\" aria-hidden=\"true\">\u00a0<\/div><p>9. Ostateczn\u0105 decyzj\u0119 o przyj\u0119ciu zwrotu towaru podejmuje upowa\u017cniony pracownik Master Sport po szczeg\u00f3\u0142owym przegl\u0105dni\u0119ciu i zbadaniu zwracanego towaru.<\/p><div class=\"wp-block-spacer\" aria-hidden=\"true\">\u00a0<\/div><p>10. Zwrot ceny sprzeda\u017cy za zwracany towar w wysoko\u015bci wskazanej w pkt 5 nast\u0119puje wy\u0142\u0105cznie w formie wymiany na inny towar Master Sport o tej samej warto\u015bci. Cena sprzeda\u017cy nie b\u0119dzie zwracana got\u00f3wk\u0105 ani przelewem.<\/p><div class=\"wp-block-spacer\" aria-hidden=\"true\">\u00a0<\/div><p>11. W przypadku gdy po sprawdzeniu przez Master Sport ustalone zostanie, \u017ce towar nie nadaje si\u0119 do zwrotu, Kupuj\u0105cy zobowi\u0105zany jest do jego odebrania w terminie 7 dni od dnia wezwania przez Master Sport. W takim przypadku koszty sprawdzenia towaru opisane w pkt 5 obci\u0105\u017caj\u0105 Kupuj\u0105cego i s\u0105 p\u0142atne przez niego w terminie 7 dni od dnia wystawienia przez Master Sport stosownej faktury. W sytuacji gdy Kupuj\u0105cy nie odbierze towar\u00f3w w terminie opisanym w zdaniu pierwszym i nie zap\u0142aci koszt\u00f3w sprawdzenia towar\u00f3w, obci\u0105\u017cony zostanie przez Master Sport kosztami magazynowania towaru w wysoko\u015bci 1% warto\u015bci towaru za ka\u017cd\u0105 rozpocz\u0119t\u0105 dob\u0119 magazynowania towaru, a nadto towar Kupuj\u0105cego mo\u017ce zosta\u0107 zabezpieczonym przez Master Sport na poczet zwrotu koszt\u00f3w sprawdzenia i magazynowania towar\u00f3w.<\/p><div class=\"wp-block-spacer\" aria-hidden=\"true\">\u00a0<\/div><p>12. Zmiana tre\u015bci OWZT pozostanie bez wp\u0142ywu na prawa i obowi\u0105zki Kupuj\u0105cego nabyte przed wej\u015bciem w \u017cycie zmian.<\/p><div class=\"wp-block-spacer\" aria-hidden=\"true\">\u00a0<\/div><p>13. Zmienione OWZT zostan\u0105 udost\u0119pnione na stronie internetowej <a href=\"https:\/\/www.master-sport.euhttps:\/\/www.master-sport.eu\">https:\/\/www.master-sport.eu<\/a> oraz w sklepie stacjonarnym.<\/p><div class=\"wp-block-spacer\" aria-hidden=\"true\">\u00a0<\/div><p>14. Warunki zwrotu towar\u00f3w obowi\u0105zuj\u0105 od dnia 2 stycznia 2017 r.<\/p>\t\t\t\t\t\t\t\t<\/div>\n\t\t\t\t<\/div>\n\t\t\t\t\t<\/div>\n\t\t\t\t<\/div>\n\t\t\t\t<\/div>\n\t\t","protected":false},"excerpt":{"rendered":"<p>OG\u00d3LNE WARUNKI ZWROTU TOWAR\u00d3W ZAKUPIONYCH PRZEZ KUPUJ\u0104CYCH B\u0118D\u0104CYCH PRZEDSI\u0118BIORCAMI 1. Na zasadach okre\u015blonych w niniejszych Og\u00f3lnych Warunkach Zwrotu Towar\u00f3w (dalej \u201eOWZT\u201d) towary zakupione w Master-Sport-Automobiltechnik (MS) Production-Distribution Center Wies\u0142aw Rutka z siedzib\u0105 w Gorlicach, ul. 11 listopada 68, 38-300 Gorlice, (dalej \u201eMaster Sport\u201d) mog\u0105 by\u0107 zwracane niezale\u017cnie od formy zakupu (sklep stacjonarny, sklep internetowy) w terminie nieprzekraczaj\u0105cym 1 (jednego) roku od dnia zawarcia umowy sprzeda\u017cy, pod warunkiem z\u0142o\u017cenia przez Kupuj\u0105cego b\u0119d\u0105cego przedsi\u0119biorc\u0105 (dalej \u201eKupuj\u0105cy\u201d) pisemnego wniosku o zwrot towar\u00f3w oraz uzyskania uprzedniej pisemnej lub e-mailowej zgody Master Sport na zwrot towar\u00f3w. \u00a0 2. Zwrotowi nie podlegaj\u0105 towary specyficzne wyprodukowane na indywidualne zam\u00f3wienie Kupuj\u0105cego. \u00a0 3. Z\u0142o\u017cenie wniosku o zwrot towar\u00f3w r\u00f3wnoznaczne jest z akceptacja przez Kupuj\u0105cego warunk\u00f3w OWZT zamieszczonych na stronie internetowej Master Sport. \u00a0 4. Kupuj\u0105cy uprawniony jest zwr\u00f3ci\u0107 towar w siedzibie Master Sport lub poprzez wysy\u0142k\u0119 towaru na sw\u00f3j koszt na adres siedziby Master Sport tj. ul. 11 listopada 68, 38-300 Gorlice. W celu zwrotu towaru Kupuj\u0105cy zobowi\u0105zany jest przes\u0142a\u0107 b\u0105d\u017a okaza\u0107 dow\u00f3d zakupu towaru oraz dokumenty przewozowe\/list przewozowy towaru. Dowodem zakupu jest faktura VAT (w formie elektronicznej lub papierowej). \u00a0 5. Master Sport po ostateczny przyj\u0119ciu zwracanych towar\u00f3w zgodnie z tre\u015bci\u0105 pkt 9, zwr\u00f3ci Kupuj\u0105cemu cen\u0119 sprzeda\u017cy (z zastrze\u017ceniem tre\u015bci pkt 10) pomniejszon\u0105 o 40% warto\u015bci sprzedanego towaru (gdy dostawa towar\u00f3w do Kupuj\u0105cego odby\u0142a si\u0119 na koszt Master Sport cen\u0119 sprzeda\u017cy do zwrotu pomniejsza si\u0119 dodatkowo o koszty transportu towaru). Ww. kwota przeznaczona jest na pokrycie straty Master Sport wynikaj\u0105cej z obni\u017cenia warto\u015bci towar\u00f3w, pokrycie koszt\u00f3w operacyjnych zwi\u0105zanych z obs\u0142uga zwrotu towar\u00f3w, w szczeg\u00f3lno\u015bci sprawdzeniem przez Master Sport jako\u015bci oraz spe\u0142niania przez towary cech pierwotnych zwracanych towar\u00f3w (m.in. zgodnie z zapisem pkt 6), oraz koszt\u00f3w obs\u0142ugi prawno-ksi\u0119gowej procesu zwrotu towar\u00f3w. \u00a0 6. Zwrotowi podlegaj\u0105 towary spe\u0142niaj\u0105ce poni\u017csze kryteria;a) w chwili zwrotu towary s\u0105 w takim samym stanie technicznym jak w chwili ich wydania Kupuj\u0105cemu,b) towary s\u0105 oryginalnie zapakowane,c) pomimo braku spe\u0142nienia warunku opisanego w pkt b, zwracane mog\u0105 by\u0107 r\u00f3wnie\u017c towary rozpakowane, bez oryginalnego opakowania, o ile nie nosz\u0105 \u015blad\u00f3w zu\u017cycia lub nosz\u0105 wy\u0142\u0105cznie takie \u015blady korzystania, kt\u00f3re wynikaj\u0105 z u\u017cycia ich w spos\u00f3b konieczny do stwierdzenia ich charakteru, cech i funkcjonowania. \u00a0 7. Zwrotowi nie podlegaj\u0105 towary uszkodzone lub nosz\u0105ce \u015blady u\u017cytkowania. \u00a0 8. Towar zostaje przyj\u0119ty na podstawie wst\u0119pnej decyzji upowa\u017cnionego pracownika Master Sport po sprawdzeniu dochowania przez Kupuj\u0105cego terminu okre\u015blonego w pkt 1. \u00a0 9. Ostateczn\u0105 decyzj\u0119 o przyj\u0119ciu zwrotu towaru podejmuje upowa\u017cniony pracownik Master Sport po szczeg\u00f3\u0142owym przegl\u0105dni\u0119ciu i zbadaniu zwracanego towaru. \u00a0 10. Zwrot ceny sprzeda\u017cy za zwracany towar w wysoko\u015bci wskazanej w pkt 5 nast\u0119puje wy\u0142\u0105cznie w formie wymiany na inny towar Master Sport o tej samej warto\u015bci. Cena sprzeda\u017cy nie b\u0119dzie zwracana got\u00f3wk\u0105 ani przelewem. \u00a0 11. W przypadku gdy po sprawdzeniu przez Master Sport ustalone zostanie, \u017ce towar nie nadaje si\u0119 do zwrotu, Kupuj\u0105cy zobowi\u0105zany jest do jego odebrania w terminie 7 dni od dnia wezwania przez Master Sport. W takim przypadku koszty sprawdzenia towaru opisane w pkt 5 obci\u0105\u017caj\u0105 Kupuj\u0105cego i s\u0105 p\u0142atne przez niego w terminie 7 dni od dnia wystawienia przez Master Sport stosownej faktury. W sytuacji gdy Kupuj\u0105cy nie odbierze towar\u00f3w w terminie opisanym w zdaniu pierwszym i nie zap\u0142aci koszt\u00f3w sprawdzenia towar\u00f3w, obci\u0105\u017cony zostanie przez Master Sport kosztami magazynowania towaru w wysoko\u015bci 1% warto\u015bci towaru za ka\u017cd\u0105 rozpocz\u0119t\u0105 dob\u0119 magazynowania towaru, a nadto towar Kupuj\u0105cego mo\u017ce zosta\u0107 zabezpieczonym przez Master Sport na poczet zwrotu koszt\u00f3w sprawdzenia i magazynowania towar\u00f3w. \u00a0 12. Zmiana tre\u015bci OWZT pozostanie bez wp\u0142ywu na prawa i obowi\u0105zki Kupuj\u0105cego nabyte przed wej\u015bciem w \u017cycie zmian. \u00a0 13. Zmienione OWZT zostan\u0105 udost\u0119pnione na stronie internetowej https:\/\/www.master-sport.eu oraz w sklepie stacjonarnym. \u00a0 14. Warunki zwrotu towar\u00f3w obowi\u0105zuj\u0105 od dnia 2 stycznia 2017 r.<\/p>\n","protected":false},"author":1,"featured_media":0,"parent":0,"menu_order":0,"comment_status":"closed","ping_status":"closed","template":"","meta":{"footnotes":""},"class_list":["post-129","page","type-page","status-publish","hentry"],"yoast_head":"<!-- This site is optimized with the Yoast SEO plugin v23.5 - https:\/\/yoast.com\/wordpress\/plugins\/seo\/ -->\n<title>OWZT | MasterSport<\/title>\n<meta name=\"description\" content=\"Master-Sport: Producent wysokiej jako\u015bci cz\u0119\u015bci samochodowych i rozwi\u0105za\u0144 motoryzacyjnych. Sprawd\u017a nasz\u0105 ofert\u0119 produkt\u00f3w OEM oraz akcesori\u00f3w dla r\u00f3\u017cnych marek i modeli aut. Jako\u015b\u0107 i niezawodno\u015b\u0107 gwarantowane!\" \/>\n<meta name=\"robots\" content=\"index, follow, max-snippet:-1, max-image-preview:large, max-video-preview:-1\" \/>\n<link rel=\"canonical\" href=\"https:\/\/www.master-sport.de\/owzt\/\" \/>\n<meta property=\"og:locale\" content=\"pl_PL\" \/>\n<meta property=\"og:type\" content=\"article\" \/>\n<meta property=\"og:title\" content=\"OWZT | MasterSport\" \/>\n<meta property=\"og:description\" content=\"Master-Sport: Producent wysokiej jako\u015bci cz\u0119\u015bci samochodowych i rozwi\u0105za\u0144 motoryzacyjnych. Sprawd\u017a nasz\u0105 ofert\u0119 produkt\u00f3w OEM oraz akcesori\u00f3w dla r\u00f3\u017cnych marek i modeli aut. Jako\u015b\u0107 i niezawodno\u015b\u0107 gwarantowane!\" \/>\n<meta property=\"og:url\" content=\"https:\/\/www.master-sport.de\/owzt\/\" \/>\n<meta property=\"og:site_name\" content=\"MasterSport\" \/>\n<meta property=\"article:modified_time\" content=\"2024-08-31T09:07:42+00:00\" \/>\n<meta property=\"og:image\" content=\"https:\/\/www.master-sport.de\/wp-content\/uploads\/2024\/08\/LOGO-2.jpg\" \/>\n\t<meta property=\"og:image:width\" content=\"300\" \/>\n\t<meta property=\"og:image:height\" content=\"300\" \/>\n\t<meta property=\"og:image:type\" content=\"image\/jpeg\" \/>\n<meta name=\"twitter:card\" content=\"summary_large_image\" \/>\n<meta name=\"twitter:label1\" content=\"Szacowany czas czytania\" \/>\n\t<meta name=\"twitter:data1\" content=\"4 minuty\" \/>\n<script type=\"application\/ld+json\" class=\"yoast-schema-graph\">{\"@context\":\"https:\/\/schema.org\",\"@graph\":[{\"@type\":\"WebPage\",\"@id\":\"https:\/\/www.master-sport.de\/owzt\/\",\"url\":\"https:\/\/www.master-sport.de\/owzt\/\",\"name\":\"OWZT | MasterSport\",\"isPartOf\":{\"@id\":\"https:\/\/www.master-sport.de\/#website\"},\"datePublished\":\"2024-08-27T08:56:56+00:00\",\"dateModified\":\"2024-08-31T09:07:42+00:00\",\"description\":\"Master-Sport: Producent wysokiej jako\u015bci cz\u0119\u015bci samochodowych i rozwi\u0105za\u0144 motoryzacyjnych. Sprawd\u017a nasz\u0105 ofert\u0119 produkt\u00f3w OEM oraz akcesori\u00f3w dla r\u00f3\u017cnych marek i modeli aut. Jako\u015b\u0107 i niezawodno\u015b\u0107 gwarantowane!\",\"breadcrumb\":{\"@id\":\"https:\/\/www.master-sport.de\/owzt\/#breadcrumb\"},\"inLanguage\":\"pl-PL\",\"potentialAction\":[{\"@type\":\"ReadAction\",\"target\":[\"https:\/\/www.master-sport.de\/owzt\/\"]}]},{\"@type\":\"BreadcrumbList\",\"@id\":\"https:\/\/www.master-sport.de\/owzt\/#breadcrumb\",\"itemListElement\":[{\"@type\":\"ListItem\",\"position\":1,\"name\":\"Strona g\u0142\u00f3wna\",\"item\":\"https:\/\/www.master-sport.de\/pl\/\"},{\"@type\":\"ListItem\",\"position\":2,\"name\":\"OWZT\"}]},{\"@type\":\"WebSite\",\"@id\":\"https:\/\/www.master-sport.de\/#website\",\"url\":\"https:\/\/www.master-sport.de\/\",\"name\":\"MasterSport\",\"description\":\"\",\"publisher\":{\"@id\":\"https:\/\/www.master-sport.de\/#organization\"},\"potentialAction\":[{\"@type\":\"SearchAction\",\"target\":{\"@type\":\"EntryPoint\",\"urlTemplate\":\"https:\/\/www.master-sport.de\/?s={search_term_string}\"},\"query-input\":{\"@type\":\"PropertyValueSpecification\",\"valueRequired\":true,\"valueName\":\"search_term_string\"}}],\"inLanguage\":\"pl-PL\"},{\"@type\":\"Organization\",\"@id\":\"https:\/\/www.master-sport.de\/#organization\",\"name\":\"MasterSport\",\"url\":\"https:\/\/www.master-sport.de\/\",\"logo\":{\"@type\":\"ImageObject\",\"inLanguage\":\"pl-PL\",\"@id\":\"https:\/\/www.master-sport.de\/#\/schema\/logo\/image\/\",\"url\":\"https:\/\/www.master-sport.de\/wp-content\/uploads\/2025\/03\/logo_nowe_rgb.png\",\"contentUrl\":\"https:\/\/www.master-sport.de\/wp-content\/uploads\/2025\/03\/logo_nowe_rgb.png\",\"width\":3044,\"height\":1274,\"caption\":\"MasterSport\"},\"image\":{\"@id\":\"https:\/\/www.master-sport.de\/#\/schema\/logo\/image\/\"}}]}<\/script>\n<!-- \/ Yoast SEO plugin. -->","yoast_head_json":{"title":"OWZT | MasterSport","description":"Master-Sport: Producent wysokiej jako\u015bci cz\u0119\u015bci samochodowych i rozwi\u0105za\u0144 motoryzacyjnych. Sprawd\u017a nasz\u0105 ofert\u0119 produkt\u00f3w OEM oraz akcesori\u00f3w dla r\u00f3\u017cnych marek i modeli aut. Jako\u015b\u0107 i niezawodno\u015b\u0107 gwarantowane!","robots":{"index":"index","follow":"follow","max-snippet":"max-snippet:-1","max-image-preview":"max-image-preview:large","max-video-preview":"max-video-preview:-1"},"canonical":"https:\/\/www.master-sport.de\/owzt\/","og_locale":"pl_PL","og_type":"article","og_title":"OWZT | MasterSport","og_description":"Master-Sport: Producent wysokiej jako\u015bci cz\u0119\u015bci samochodowych i rozwi\u0105za\u0144 motoryzacyjnych. Sprawd\u017a nasz\u0105 ofert\u0119 produkt\u00f3w OEM oraz akcesori\u00f3w dla r\u00f3\u017cnych marek i modeli aut. Jako\u015b\u0107 i niezawodno\u015b\u0107 gwarantowane!","og_url":"https:\/\/www.master-sport.de\/owzt\/","og_site_name":"MasterSport","article_modified_time":"2024-08-31T09:07:42+00:00","og_image":[{"width":300,"height":300,"url":"https:\/\/www.master-sport.de\/wp-content\/uploads\/2024\/08\/LOGO-2.jpg","type":"image\/jpeg"}],"twitter_card":"summary_large_image","twitter_misc":{"Szacowany czas czytania":"4 minuty"},"schema":{"@context":"https:\/\/schema.org","@graph":[{"@type":"WebPage","@id":"https:\/\/www.master-sport.de\/owzt\/","url":"https:\/\/www.master-sport.de\/owzt\/","name":"OWZT | MasterSport","isPartOf":{"@id":"https:\/\/www.master-sport.de\/#website"},"datePublished":"2024-08-27T08:56:56+00:00","dateModified":"2024-08-31T09:07:42+00:00","description":"Master-Sport: Producent wysokiej jako\u015bci cz\u0119\u015bci samochodowych i rozwi\u0105za\u0144 motoryzacyjnych. Sprawd\u017a nasz\u0105 ofert\u0119 produkt\u00f3w OEM oraz akcesori\u00f3w dla r\u00f3\u017cnych marek i modeli aut. Jako\u015b\u0107 i niezawodno\u015b\u0107 gwarantowane!","breadcrumb":{"@id":"https:\/\/www.master-sport.de\/owzt\/#breadcrumb"},"inLanguage":"pl-PL","potentialAction":[{"@type":"ReadAction","target":["https:\/\/www.master-sport.de\/owzt\/"]}]},{"@type":"BreadcrumbList","@id":"https:\/\/www.master-sport.de\/owzt\/#breadcrumb","itemListElement":[{"@type":"ListItem","position":1,"name":"Strona g\u0142\u00f3wna","item":"https:\/\/www.master-sport.de\/pl\/"},{"@type":"ListItem","position":2,"name":"OWZT"}]},{"@type":"WebSite","@id":"https:\/\/www.master-sport.de\/#website","url":"https:\/\/www.master-sport.de\/","name":"MasterSport","description":"","publisher":{"@id":"https:\/\/www.master-sport.de\/#organization"},"potentialAction":[{"@type":"SearchAction","target":{"@type":"EntryPoint","urlTemplate":"https:\/\/www.master-sport.de\/?s={search_term_string}"},"query-input":{"@type":"PropertyValueSpecification","valueRequired":true,"valueName":"search_term_string"}}],"inLanguage":"pl-PL"},{"@type":"Organization","@id":"https:\/\/www.master-sport.de\/#organization","name":"MasterSport","url":"https:\/\/www.master-sport.de\/","logo":{"@type":"ImageObject","inLanguage":"pl-PL","@id":"https:\/\/www.master-sport.de\/#\/schema\/logo\/image\/","url":"https:\/\/www.master-sport.de\/wp-content\/uploads\/2025\/03\/logo_nowe_rgb.png","contentUrl":"https:\/\/www.master-sport.de\/wp-content\/uploads\/2025\/03\/logo_nowe_rgb.png","width":3044,"height":1274,"caption":"MasterSport"},"image":{"@id":"https:\/\/www.master-sport.de\/#\/schema\/logo\/image\/"}}]}},"_links":{"self":[{"href":"https:\/\/www.master-sport.de\/pl\/wp-json\/wp\/v2\/pages\/129","targetHints":{"allow":["GET"]}}],"collection":[{"href":"https:\/\/www.master-sport.de\/pl\/wp-json\/wp\/v2\/pages"}],"about":[{"href":"https:\/\/www.master-sport.de\/pl\/wp-json\/wp\/v2\/types\/page"}],"author":[{"embeddable":true,"href":"https:\/\/www.master-sport.de\/pl\/wp-json\/wp\/v2\/users\/1"}],"replies":[{"embeddable":true,"href":"https:\/\/www.master-sport.de\/pl\/wp-json\/wp\/v2\/comments?post=129"}],"version-history":[{"count":0,"href":"https:\/\/www.master-sport.de\/pl\/wp-json\/wp\/v2\/pages\/129\/revisions"}],"wp:attachment":[{"href":"https:\/\/www.master-sport.de\/pl\/wp-json\/wp\/v2\/media?parent=129"}],"curies":[{"name":"wp","href":"https:\/\/api.w.org\/{rel}","templated":true}]}}