{"id":2628,"date":"2024-08-28T15:00:07","date_gmt":"2024-08-28T15:00:07","guid":{"rendered":"https:\/\/www.master-sport.de\/?page_id=2628"},"modified":"2025-02-24T10:07:40","modified_gmt":"2025-02-24T10:07:40","slug":"zestawy-amortyzatorow","status":"publish","type":"page","link":"https:\/\/www.master-sport.de\/pl\/zestawy-amortyzatorow\/","title":{"rendered":"Zestawy amortyzator\u00f3w"},"content":{"rendered":"\t\t<div data-elementor-type=\"wp-page\" data-elementor-id=\"2628\" class=\"elementor elementor-2628\" data-elementor-post-type=\"page\">\n\t\t\t\t\t\t<section class=\"elementor-section elementor-top-section elementor-element elementor-element-4d1cc285 elementor-section-height-min-height elementor-section-boxed elementor-section-height-default elementor-section-items-middle wpr-particle-no wpr-jarallax-no wpr-parallax-no wpr-sticky-section-no\" data-id=\"4d1cc285\" data-element_type=\"section\" data-e-type=\"section\" data-settings=\"{&quot;background_background&quot;:&quot;classic&quot;,&quot;shape_divider_bottom&quot;:&quot;tilt&quot;}\">\n\t\t\t\t\t\t\t<div class=\"elementor-background-overlay\"><\/div>\n\t\t\t\t\t\t<div class=\"elementor-shape elementor-shape-bottom\" aria-hidden=\"true\" data-negative=\"false\">\n\t\t\t<svg xmlns=\"http:\/\/www.w3.org\/2000\/svg\" viewBox=\"0 0 1000 100\" preserveAspectRatio=\"none\">\n\t<path class=\"elementor-shape-fill\" d=\"M0,6V0h1000v100L0,6z\"\/>\n<\/svg>\t\t<\/div>\n\t\t\t\t\t<div class=\"elementor-container elementor-column-gap-default\">\n\t\t\t\t\t<div class=\"elementor-column elementor-col-100 elementor-top-column elementor-element elementor-element-5b31a4e7\" data-id=\"5b31a4e7\" data-element_type=\"column\" data-e-type=\"column\">\n\t\t\t<div class=\"elementor-widget-wrap elementor-element-populated\">\n\t\t\t\t\t\t<div class=\"elementor-element elementor-element-7472c370 elementor-widget elementor-widget-heading\" data-id=\"7472c370\" data-element_type=\"widget\" data-e-type=\"widget\" data-widget_type=\"heading.default\">\n\t\t\t\t<div class=\"elementor-widget-container\">\n\t\t\t\t\t<h2 class=\"elementor-heading-title elementor-size-default\">Zestawy amortyzator\u00f3w<\/h2>\t\t\t\t<\/div>\n\t\t\t\t<\/div>\n\t\t\t\t\t<\/div>\n\t\t<\/div>\n\t\t\t\t\t<\/div>\n\t\t<\/section>\n\t\t<div class=\"elementor-element elementor-element-7929b719 e-con-full e-flex wpr-particle-no wpr-jarallax-no wpr-parallax-no wpr-sticky-section-no e-con e-parent\" data-id=\"7929b719\" data-element_type=\"container\" data-e-type=\"container\">\n\t\t<div class=\"elementor-element elementor-element-6dd980be e-con-full e-flex wpr-particle-no wpr-jarallax-no wpr-parallax-no wpr-sticky-section-no e-con e-child\" data-id=\"6dd980be\" data-element_type=\"container\" data-e-type=\"container\">\n\t\t\t\t<div class=\"elementor-element elementor-element-d12013f elementor-widget elementor-widget-icon-box\" data-id=\"d12013f\" data-element_type=\"widget\" data-e-type=\"widget\" data-widget_type=\"icon-box.default\">\n\t\t\t\t<div class=\"elementor-widget-container\">\n\t\t\t\t\t\t\t<div class=\"elementor-icon-box-wrapper\">\n\n\t\t\t\n\t\t\t\t\t\t<div class=\"elementor-icon-box-content\">\n\n\t\t\t\t\n\t\t\t\t\t\t\t\t\t<p class=\"elementor-icon-box-description\">\n\t\t\t\t\t\tZestawy wahaczy\t\t\t\t\t<\/p>\n\t\t\t\t\n\t\t\t<\/div>\n\t\t\t\n\t\t<\/div>\n\t\t\t\t\t\t<\/div>\n\t\t\t\t<\/div>\n\t\t\t\t<div class=\"elementor-element elementor-element-719d948e elementor-icon-list--layout-traditional elementor-list-item-link-full_width elementor-widget elementor-widget-icon-list\" data-id=\"719d948e\" data-element_type=\"widget\" data-e-type=\"widget\" data-widget_type=\"icon-list.default\">\n\t\t\t\t<div class=\"elementor-widget-container\">\n\t\t\t\t\t\t\t<ul class=\"elementor-icon-list-items\">\n\t\t\t\t\t\t\t<li class=\"elementor-icon-list-item\">\n\t\t\t\t\t\t\t\t\t\t\t<a href=\"https:\/\/www.master-sport.de\/pl\/zestawy-amortyzatorow\/\">\n\n\t\t\t\t\t\t\t\t\t\t\t\t<span class=\"elementor-icon-list-icon\">\n\t\t\t\t\t\t\t<svg aria-hidden=\"true\" class=\"e-font-icon-svg e-fas-arrow-circle-right\" viewBox=\"0 0 512 512\" xmlns=\"http:\/\/www.w3.org\/2000\/svg\"><path d=\"M256 8c137 0 248 111 248 248S393 504 256 504 8 393 8 256 119 8 256 8zm-28.9 143.6l75.5 72.4H120c-13.3 0-24 10.7-24 24v16c0 13.3 10.7 24 24 24h182.6l-75.5 72.4c-9.7 9.3-9.9 24.8-.4 34.3l11 10.9c9.4 9.4 24.6 9.4 33.9 0L404.3 273c9.4-9.4 9.4-24.6 0-33.9L271.6 106.3c-9.4-9.4-24.6-9.4-33.9 0l-11 10.9c-9.5 9.6-9.3 25.1.4 34.4z\"><\/path><\/svg>\t\t\t\t\t\t<\/span>\n\t\t\t\t\t\t\t\t\t\t<span class=\"elementor-icon-list-text\">ZESTAWY WAHACZY<\/span>\n\t\t\t\t\t\t\t\t\t\t\t<\/a>\n\t\t\t\t\t\t\t\t\t<\/li>\n\t\t\t\t\t\t\t\t<li class=\"elementor-icon-list-item\">\n\t\t\t\t\t\t\t\t\t\t\t<a href=\"https:\/\/www.master-sport.de\/pl\/amortyzatory\/\">\n\n\t\t\t\t\t\t\t\t\t\t\t\t<span class=\"elementor-icon-list-icon\">\n\t\t\t\t\t\t\t<svg aria-hidden=\"true\" class=\"e-font-icon-svg e-fas-arrow-circle-right\" viewBox=\"0 0 512 512\" xmlns=\"http:\/\/www.w3.org\/2000\/svg\"><path d=\"M256 8c137 0 248 111 248 248S393 504 256 504 8 393 8 256 119 8 256 8zm-28.9 143.6l75.5 72.4H120c-13.3 0-24 10.7-24 24v16c0 13.3 10.7 24 24 24h182.6l-75.5 72.4c-9.7 9.3-9.9 24.8-.4 34.3l11 10.9c9.4 9.4 24.6 9.4 33.9 0L404.3 273c9.4-9.4 9.4-24.6 0-33.9L271.6 106.3c-9.4-9.4-24.6-9.4-33.9 0l-11 10.9c-9.5 9.6-9.3 25.1.4 34.4z\"><\/path><\/svg>\t\t\t\t\t\t<\/span>\n\t\t\t\t\t\t\t\t\t\t<span class=\"elementor-icon-list-text\">Amortyzatory<\/span>\n\t\t\t\t\t\t\t\t\t\t\t<\/a>\n\t\t\t\t\t\t\t\t\t<\/li>\n\t\t\t\t\t\t\t\t<li class=\"elementor-icon-list-item\">\n\t\t\t\t\t\t\t\t\t\t\t<a href=\"https:\/\/www.master-sport.de\/pl\/sprezyny-amortyzatora\/\">\n\n\t\t\t\t\t\t\t\t\t\t\t\t<span class=\"elementor-icon-list-icon\">\n\t\t\t\t\t\t\t<svg aria-hidden=\"true\" class=\"e-font-icon-svg e-fas-arrow-circle-right\" viewBox=\"0 0 512 512\" xmlns=\"http:\/\/www.w3.org\/2000\/svg\"><path d=\"M256 8c137 0 248 111 248 248S393 504 256 504 8 393 8 256 119 8 256 8zm-28.9 143.6l75.5 72.4H120c-13.3 0-24 10.7-24 24v16c0 13.3 10.7 24 24 24h182.6l-75.5 72.4c-9.7 9.3-9.9 24.8-.4 34.3l11 10.9c9.4 9.4 24.6 9.4 33.9 0L404.3 273c9.4-9.4 9.4-24.6 0-33.9L271.6 106.3c-9.4-9.4-24.6-9.4-33.9 0l-11 10.9c-9.5 9.6-9.3 25.1.4 34.4z\"><\/path><\/svg>\t\t\t\t\t\t<\/span>\n\t\t\t\t\t\t\t\t\t\t<span class=\"elementor-icon-list-text\">Spr\u0119\u017cyny amortyzatora<\/span>\n\t\t\t\t\t\t\t\t\t\t\t<\/a>\n\t\t\t\t\t\t\t\t\t<\/li>\n\t\t\t\t\t\t\t\t<li class=\"elementor-icon-list-item\">\n\t\t\t\t\t\t\t\t\t\t\t<a href=\"https:\/\/www.master-sport.de\/pl\/lozyska-amortyzatora\/\">\n\n\t\t\t\t\t\t\t\t\t\t\t\t<span class=\"elementor-icon-list-icon\">\n\t\t\t\t\t\t\t<svg aria-hidden=\"true\" class=\"e-font-icon-svg e-fas-arrow-circle-right\" viewBox=\"0 0 512 512\" xmlns=\"http:\/\/www.w3.org\/2000\/svg\"><path d=\"M256 8c137 0 248 111 248 248S393 504 256 504 8 393 8 256 119 8 256 8zm-28.9 143.6l75.5 72.4H120c-13.3 0-24 10.7-24 24v16c0 13.3 10.7 24 24 24h182.6l-75.5 72.4c-9.7 9.3-9.9 24.8-.4 34.3l11 10.9c9.4 9.4 24.6 9.4 33.9 0L404.3 273c9.4-9.4 9.4-24.6 0-33.9L271.6 106.3c-9.4-9.4-24.6-9.4-33.9 0l-11 10.9c-9.5 9.6-9.3 25.1.4 34.4z\"><\/path><\/svg>\t\t\t\t\t\t<\/span>\n\t\t\t\t\t\t\t\t\t\t<span class=\"elementor-icon-list-text\">\u0141o\u017cyska amortyzator\u00f3w<\/span>\n\t\t\t\t\t\t\t\t\t\t\t<\/a>\n\t\t\t\t\t\t\t\t\t<\/li>\n\t\t\t\t\t\t\t\t<li class=\"elementor-icon-list-item\">\n\t\t\t\t\t\t\t\t\t\t\t<a href=\"https:\/\/www.master-sport.de\/pl\/nakladki-amortyzatora\/\">\n\n\t\t\t\t\t\t\t\t\t\t\t\t<span class=\"elementor-icon-list-icon\">\n\t\t\t\t\t\t\t<svg aria-hidden=\"true\" class=\"e-font-icon-svg e-fas-arrow-circle-right\" viewBox=\"0 0 512 512\" xmlns=\"http:\/\/www.w3.org\/2000\/svg\"><path d=\"M256 8c137 0 248 111 248 248S393 504 256 504 8 393 8 256 119 8 256 8zm-28.9 143.6l75.5 72.4H120c-13.3 0-24 10.7-24 24v16c0 13.3 10.7 24 24 24h182.6l-75.5 72.4c-9.7 9.3-9.9 24.8-.4 34.3l11 10.9c9.4 9.4 24.6 9.4 33.9 0L404.3 273c9.4-9.4 9.4-24.6 0-33.9L271.6 106.3c-9.4-9.4-24.6-9.4-33.9 0l-11 10.9c-9.5 9.6-9.3 25.1.4 34.4z\"><\/path><\/svg>\t\t\t\t\t\t<\/span>\n\t\t\t\t\t\t\t\t\t\t<span class=\"elementor-icon-list-text\">Nak\u0142adki amortyzator\u00f3w<\/span>\n\t\t\t\t\t\t\t\t\t\t\t<\/a>\n\t\t\t\t\t\t\t\t\t<\/li>\n\t\t\t\t\t\t<\/ul>\n\t\t\t\t\t\t<\/div>\n\t\t\t\t<\/div>\n\t\t\t\t<\/div>\n\t\t<div class=\"elementor-element elementor-element-13226167 e-con-full e-flex wpr-particle-no wpr-jarallax-no wpr-parallax-no wpr-sticky-section-no e-con e-child\" data-id=\"13226167\" data-element_type=\"container\" data-e-type=\"container\">\n\t\t\t\t<div class=\"elementor-element elementor-element-7c419905 elementor-widget elementor-widget-text-editor\" data-id=\"7c419905\" data-element_type=\"widget\" data-e-type=\"widget\" data-widget_type=\"text-editor.default\">\n\t\t\t\t<div class=\"elementor-widget-container\">\n\t\t\t\t\t\t\t\t\t<p>Niezawodno\u015b\u0107 i Komfort na Najwy\u017cszym Poziomie \u2013 Zestawy Amortyzator\u00f3w<\/p><p>Twoje bezpiecze\u0144stwo i komfort jazdy to nasza misja! Dlatego stworzyli\u015bmy zestawy amortyzator\u00f3w, kt\u00f3re zapewniaj\u0105 doskona\u0142\u0105 jako\u015b\u0107, niezawodno\u015b\u0107 i wydajno\u015b\u0107, jakiej potrzebujesz na ka\u017cdej drodze.<\/p><p>Dlaczego warto wybra\u0107 nasze zestawy amortyzator\u00f3w?<br \/>1. Wyj\u0105tkowa Jako\u015b\u0107 Materia\u0142\u00f3w<\/p><p>Nasze amortyzatory wykonane s\u0105 z najwy\u017cszej jako\u015bci materia\u0142\u00f3w, co gwarantuje ich d\u0142ug\u0105 \u017cywotno\u015b\u0107 i niezawodno\u015b\u0107. Dzi\u0119ki temu, mo\u017cesz by\u0107 pewien, \u017ce Tw\u00f3j pojazd b\u0119dzie zawsze gotowy na ka\u017cde wyzwanie, jakie stawia przed Tob\u0105 droga.<\/p><p>2. Optymalny Komfort Jazdy<\/p><p>Ka\u017cdy zestaw amortyzator\u00f3w zosta\u0142 zaprojektowany tak, aby maksymalnie t\u0142umi\u0107 drgania i nier\u00f3wno\u015bci nawierzchni, co przek\u0142ada si\u0119 na p\u0142ynn\u0105 i komfortow\u0105 jazd\u0119. Niezale\u017cnie od warunk\u00f3w drogowych, Twoje podr\u00f3\u017ce b\u0119d\u0105 zawsze przyjemne i bezstresowe.<\/p><p>3. Zwi\u0119kszona Stabilno\u015b\u0107 i Kontrola<\/p><p>Nasze amortyzatory poprawiaj\u0105 stabilno\u015b\u0107 pojazdu i zwi\u0119kszaj\u0105 kontrol\u0119 nad nim, co jest kluczowe dla Twojego bezpiecze\u0144stwa. Dzi\u0119ki nim, zakr\u0119ty i nag\u0142e manewry staj\u0105 si\u0119 pewniejsze i bardziej precyzyjne, co przek\u0142ada si\u0119 na wi\u0119ksze poczucie pewno\u015bci za kierownic\u0105.<\/p><p>4. \u0141atwa Instalacja<\/p><p>Zestawy amortyzator\u00f3w s\u0105 kompatybilne z szerok\u0105 gam\u0105 modeli samochod\u00f3w, a ich instalacja jest szybka i prosta. To oznacza, \u017ce mo\u017cesz szybko wr\u00f3ci\u0107 na drog\u0119, ciesz\u0105c si\u0119 lepsz\u0105 jako\u015bci\u0105 jazdy bez d\u0142ugich przestoj\u00f3w w warsztacie.<\/p><p>5. Ekonomiczne Rozwi\u0105zanie<\/p><p>Inwestycja w nasze amortyzatory to oszcz\u0119dno\u015b\u0107 na d\u0142ugoterminowych kosztach eksploatacji pojazdu. Dzi\u0119ki ich trwa\u0142o\u015bci i niezawodno\u015bci, zmniejszasz cz\u0119stotliwo\u015b\u0107 wymiany cz\u0119\u015bci, co obni\u017ca koszty utrzymania Twojego auta.<\/p><p>6. Zaawansowana Technologia<\/p><p>Wykorzystujemy najnowsze technologie i innowacje w produkcji naszych amortyzator\u00f3w, aby zapewni\u0107 ich najwy\u017csz\u0105 efektywno\u015b\u0107 i niezawodno\u015b\u0107. To gwarancja, \u017ce otrzymujesz produkt, kt\u00f3ry spe\u0142nia najwy\u017csze standardy jako\u015bci.<\/p><p>Zaufaj Ekspertom<\/p><p>Nasze produkty ciesz\u0105 si\u0119 zaufaniem tysi\u0119cy kierowc\u00f3w, kt\u00f3rzy doceniaj\u0105 komfort i bezpiecze\u0144stwo, jakie oferuj\u0105 nasze zestawy amortyzator\u00f3w. Do\u0142\u0105cz do nich i odkryj, jak wiele mo\u017cesz zyska\u0107, wybieraj\u0105c nasz\u0105 mark\u0119.<\/p><p>Podsumowanie<\/p><p>Nie ryzykuj swojego komfortu i bezpiecze\u0144stwa. Wybierz zestawy amortyzator\u00f3w, kt\u00f3re oferuj\u0105 najwy\u017csz\u0105 jako\u015b\u0107, wydajno\u015b\u0107 i komfort jazdy. Zam\u00f3w ju\u017c dzi\u015b i poczuj r\u00f3\u017cnic\u0119, jak\u0105 daje jazda z pewno\u015bci\u0105, \u017ce Tw\u00f3j pojazd jest w najlepszych r\u0119kach.<\/p><p>Zestawy Amortyzator\u00f3w \u2013 Twoja gwarancja komfortowej i bezpiecznej jazdy!<\/p>\t\t\t\t\t\t\t\t<\/div>\n\t\t\t\t<\/div>\n\t\t\t\t<\/div>\n\t\t\t\t<\/div>\n\t\t\t\t<\/div>\n\t\t","protected":false},"excerpt":{"rendered":"<p>Zestawy amortyzator\u00f3w Zestawy wahaczy ZESTAWY WAHACZY Amortyzatory Spr\u0119\u017cyny amortyzatora \u0141o\u017cyska amortyzator\u00f3w Nak\u0142adki amortyzator\u00f3w Niezawodno\u015b\u0107 i Komfort na Najwy\u017cszym Poziomie \u2013 Zestawy Amortyzator\u00f3w Twoje bezpiecze\u0144stwo i komfort jazdy to nasza misja! Dlatego stworzyli\u015bmy zestawy amortyzator\u00f3w, kt\u00f3re zapewniaj\u0105 doskona\u0142\u0105 jako\u015b\u0107, niezawodno\u015b\u0107 i wydajno\u015b\u0107, jakiej potrzebujesz na ka\u017cdej drodze. Dlaczego warto wybra\u0107 nasze zestawy amortyzator\u00f3w?1. Wyj\u0105tkowa Jako\u015b\u0107 Materia\u0142\u00f3w Nasze amortyzatory wykonane s\u0105 z najwy\u017cszej jako\u015bci materia\u0142\u00f3w, co gwarantuje ich d\u0142ug\u0105 \u017cywotno\u015b\u0107 i niezawodno\u015b\u0107. Dzi\u0119ki temu, mo\u017cesz by\u0107 pewien, \u017ce Tw\u00f3j pojazd b\u0119dzie zawsze gotowy na ka\u017cde wyzwanie, jakie stawia przed Tob\u0105 droga. 2. Optymalny Komfort Jazdy Ka\u017cdy zestaw amortyzator\u00f3w zosta\u0142 zaprojektowany tak, aby maksymalnie t\u0142umi\u0107 drgania i nier\u00f3wno\u015bci nawierzchni, co przek\u0142ada si\u0119 na p\u0142ynn\u0105 i komfortow\u0105 jazd\u0119. Niezale\u017cnie od warunk\u00f3w drogowych, Twoje podr\u00f3\u017ce b\u0119d\u0105 zawsze przyjemne i bezstresowe. 3. Zwi\u0119kszona Stabilno\u015b\u0107 i Kontrola Nasze amortyzatory poprawiaj\u0105 stabilno\u015b\u0107 pojazdu i zwi\u0119kszaj\u0105 kontrol\u0119 nad nim, co jest kluczowe dla Twojego bezpiecze\u0144stwa. Dzi\u0119ki nim, zakr\u0119ty i nag\u0142e manewry staj\u0105 si\u0119 pewniejsze i bardziej precyzyjne, co przek\u0142ada si\u0119 na wi\u0119ksze poczucie pewno\u015bci za kierownic\u0105. 4. \u0141atwa Instalacja Zestawy amortyzator\u00f3w s\u0105 kompatybilne z szerok\u0105 gam\u0105 modeli samochod\u00f3w, a ich instalacja jest szybka i prosta. To oznacza, \u017ce mo\u017cesz szybko wr\u00f3ci\u0107 na drog\u0119, ciesz\u0105c si\u0119 lepsz\u0105 jako\u015bci\u0105 jazdy bez d\u0142ugich przestoj\u00f3w w warsztacie. 5. Ekonomiczne Rozwi\u0105zanie Inwestycja w nasze amortyzatory to oszcz\u0119dno\u015b\u0107 na d\u0142ugoterminowych kosztach eksploatacji pojazdu. Dzi\u0119ki ich trwa\u0142o\u015bci i niezawodno\u015bci, zmniejszasz cz\u0119stotliwo\u015b\u0107 wymiany cz\u0119\u015bci, co obni\u017ca koszty utrzymania Twojego auta. 6. Zaawansowana Technologia Wykorzystujemy najnowsze technologie i innowacje w produkcji naszych amortyzator\u00f3w, aby zapewni\u0107 ich najwy\u017csz\u0105 efektywno\u015b\u0107 i niezawodno\u015b\u0107. To gwarancja, \u017ce otrzymujesz produkt, kt\u00f3ry spe\u0142nia najwy\u017csze standardy jako\u015bci. Zaufaj Ekspertom Nasze produkty ciesz\u0105 si\u0119 zaufaniem tysi\u0119cy kierowc\u00f3w, kt\u00f3rzy doceniaj\u0105 komfort i bezpiecze\u0144stwo, jakie oferuj\u0105 nasze zestawy amortyzator\u00f3w. Do\u0142\u0105cz do nich i odkryj, jak wiele mo\u017cesz zyska\u0107, wybieraj\u0105c nasz\u0105 mark\u0119. Podsumowanie Nie ryzykuj swojego komfortu i bezpiecze\u0144stwa. Wybierz zestawy amortyzator\u00f3w, kt\u00f3re oferuj\u0105 najwy\u017csz\u0105 jako\u015b\u0107, wydajno\u015b\u0107 i komfort jazdy. Zam\u00f3w ju\u017c dzi\u015b i poczuj r\u00f3\u017cnic\u0119, jak\u0105 daje jazda z pewno\u015bci\u0105, \u017ce Tw\u00f3j pojazd jest w najlepszych r\u0119kach. Zestawy Amortyzator\u00f3w \u2013 Twoja gwarancja komfortowej i bezpiecznej jazdy!<\/p>\n","protected":false},"author":1,"featured_media":0,"parent":0,"menu_order":0,"comment_status":"closed","ping_status":"closed","template":"","meta":{"footnotes":""},"class_list":["post-2628","page","type-page","status-publish","hentry"],"yoast_head":"<!-- This site is optimized with the Yoast SEO plugin v23.5 - https:\/\/yoast.com\/wordpress\/plugins\/seo\/ -->\n<title>Zestawy amortyzator\u00f3w | MasterSport<\/title>\n<meta name=\"description\" content=\"Master-Sport: Producent wysokiej jako\u015bci cz\u0119\u015bci samochodowych i rozwi\u0105za\u0144 motoryzacyjnych. Sprawd\u017a nasz\u0105 ofert\u0119 produkt\u00f3w OEM oraz akcesori\u00f3w dla r\u00f3\u017cnych marek i modeli aut. Jako\u015b\u0107 i niezawodno\u015b\u0107 gwarantowane!\" \/>\n<meta name=\"robots\" content=\"index, follow, max-snippet:-1, max-image-preview:large, max-video-preview:-1\" \/>\n<link rel=\"canonical\" href=\"https:\/\/www.master-sport.de\/shock-absorber-kits\/\" \/>\n<meta property=\"og:locale\" content=\"pl_PL\" \/>\n<meta property=\"og:type\" content=\"article\" \/>\n<meta property=\"og:title\" content=\"Zestawy amortyzator\u00f3w | MasterSport\" \/>\n<meta property=\"og:description\" content=\"Master-Sport: Producent wysokiej jako\u015bci cz\u0119\u015bci samochodowych i rozwi\u0105za\u0144 motoryzacyjnych. Sprawd\u017a nasz\u0105 ofert\u0119 produkt\u00f3w OEM oraz akcesori\u00f3w dla r\u00f3\u017cnych marek i modeli aut. Jako\u015b\u0107 i niezawodno\u015b\u0107 gwarantowane!\" \/>\n<meta property=\"og:url\" content=\"https:\/\/www.master-sport.de\/shock-absorber-kits\/\" \/>\n<meta property=\"og:site_name\" content=\"MasterSport\" \/>\n<meta property=\"article:modified_time\" content=\"2025-02-24T10:07:40+00:00\" \/>\n<meta property=\"og:image\" content=\"https:\/\/www.master-sport.de\/wp-content\/uploads\/2024\/08\/LOGO-2.jpg\" \/>\n\t<meta property=\"og:image:width\" content=\"300\" \/>\n\t<meta property=\"og:image:height\" content=\"300\" \/>\n\t<meta property=\"og:image:type\" content=\"image\/jpeg\" \/>\n<meta name=\"twitter:card\" content=\"summary_large_image\" \/>\n<meta name=\"twitter:label1\" content=\"Szacowany czas czytania\" \/>\n\t<meta name=\"twitter:data1\" content=\"3 minuty\" \/>\n<script type=\"application\/ld+json\" class=\"yoast-schema-graph\">{\"@context\":\"https:\/\/schema.org\",\"@graph\":[{\"@type\":\"WebPage\",\"@id\":\"https:\/\/www.master-sport.de\/shock-absorber-kits\/\",\"url\":\"https:\/\/www.master-sport.de\/shock-absorber-kits\/\",\"name\":\"Zestawy amortyzator\u00f3w | MasterSport\",\"isPartOf\":{\"@id\":\"https:\/\/www.master-sport.de\/#website\"},\"datePublished\":\"2024-08-28T15:00:07+00:00\",\"dateModified\":\"2025-02-24T10:07:40+00:00\",\"description\":\"Master-Sport: Producent wysokiej jako\u015bci cz\u0119\u015bci samochodowych i rozwi\u0105za\u0144 motoryzacyjnych. Sprawd\u017a nasz\u0105 ofert\u0119 produkt\u00f3w OEM oraz akcesori\u00f3w dla r\u00f3\u017cnych marek i modeli aut. Jako\u015b\u0107 i niezawodno\u015b\u0107 gwarantowane!\",\"breadcrumb\":{\"@id\":\"https:\/\/www.master-sport.de\/shock-absorber-kits\/#breadcrumb\"},\"inLanguage\":\"pl-PL\",\"potentialAction\":[{\"@type\":\"ReadAction\",\"target\":[\"https:\/\/www.master-sport.de\/shock-absorber-kits\/\"]}]},{\"@type\":\"BreadcrumbList\",\"@id\":\"https:\/\/www.master-sport.de\/shock-absorber-kits\/#breadcrumb\",\"itemListElement\":[{\"@type\":\"ListItem\",\"position\":1,\"name\":\"Strona g\u0142\u00f3wna\",\"item\":\"https:\/\/www.master-sport.de\/pl\/\"},{\"@type\":\"ListItem\",\"position\":2,\"name\":\"Zestawy amortyzator\u00f3w\"}]},{\"@type\":\"WebSite\",\"@id\":\"https:\/\/www.master-sport.de\/#website\",\"url\":\"https:\/\/www.master-sport.de\/\",\"name\":\"MasterSport\",\"description\":\"\",\"publisher\":{\"@id\":\"https:\/\/www.master-sport.de\/#organization\"},\"potentialAction\":[{\"@type\":\"SearchAction\",\"target\":{\"@type\":\"EntryPoint\",\"urlTemplate\":\"https:\/\/www.master-sport.de\/?s={search_term_string}\"},\"query-input\":{\"@type\":\"PropertyValueSpecification\",\"valueRequired\":true,\"valueName\":\"search_term_string\"}}],\"inLanguage\":\"pl-PL\"},{\"@type\":\"Organization\",\"@id\":\"https:\/\/www.master-sport.de\/#organization\",\"name\":\"MasterSport\",\"url\":\"https:\/\/www.master-sport.de\/\",\"logo\":{\"@type\":\"ImageObject\",\"inLanguage\":\"pl-PL\",\"@id\":\"https:\/\/www.master-sport.de\/#\/schema\/logo\/image\/\",\"url\":\"https:\/\/www.master-sport.de\/wp-content\/uploads\/2025\/03\/logo_nowe_rgb.png\",\"contentUrl\":\"https:\/\/www.master-sport.de\/wp-content\/uploads\/2025\/03\/logo_nowe_rgb.png\",\"width\":3044,\"height\":1274,\"caption\":\"MasterSport\"},\"image\":{\"@id\":\"https:\/\/www.master-sport.de\/#\/schema\/logo\/image\/\"}}]}<\/script>\n<!-- \/ Yoast SEO plugin. -->","yoast_head_json":{"title":"Zestawy amortyzator\u00f3w | MasterSport","description":"Master-Sport: Producent wysokiej jako\u015bci cz\u0119\u015bci samochodowych i rozwi\u0105za\u0144 motoryzacyjnych. Sprawd\u017a nasz\u0105 ofert\u0119 produkt\u00f3w OEM oraz akcesori\u00f3w dla r\u00f3\u017cnych marek i modeli aut. Jako\u015b\u0107 i niezawodno\u015b\u0107 gwarantowane!","robots":{"index":"index","follow":"follow","max-snippet":"max-snippet:-1","max-image-preview":"max-image-preview:large","max-video-preview":"max-video-preview:-1"},"canonical":"https:\/\/www.master-sport.de\/shock-absorber-kits\/","og_locale":"pl_PL","og_type":"article","og_title":"Zestawy amortyzator\u00f3w | MasterSport","og_description":"Master-Sport: Producent wysokiej jako\u015bci cz\u0119\u015bci samochodowych i rozwi\u0105za\u0144 motoryzacyjnych. Sprawd\u017a nasz\u0105 ofert\u0119 produkt\u00f3w OEM oraz akcesori\u00f3w dla r\u00f3\u017cnych marek i modeli aut. Jako\u015b\u0107 i niezawodno\u015b\u0107 gwarantowane!","og_url":"https:\/\/www.master-sport.de\/shock-absorber-kits\/","og_site_name":"MasterSport","article_modified_time":"2025-02-24T10:07:40+00:00","og_image":[{"width":300,"height":300,"url":"https:\/\/www.master-sport.de\/wp-content\/uploads\/2024\/08\/LOGO-2.jpg","type":"image\/jpeg"}],"twitter_card":"summary_large_image","twitter_misc":{"Szacowany czas czytania":"3 minuty"},"schema":{"@context":"https:\/\/schema.org","@graph":[{"@type":"WebPage","@id":"https:\/\/www.master-sport.de\/shock-absorber-kits\/","url":"https:\/\/www.master-sport.de\/shock-absorber-kits\/","name":"Zestawy amortyzator\u00f3w | MasterSport","isPartOf":{"@id":"https:\/\/www.master-sport.de\/#website"},"datePublished":"2024-08-28T15:00:07+00:00","dateModified":"2025-02-24T10:07:40+00:00","description":"Master-Sport: Producent wysokiej jako\u015bci cz\u0119\u015bci samochodowych i rozwi\u0105za\u0144 motoryzacyjnych. Sprawd\u017a nasz\u0105 ofert\u0119 produkt\u00f3w OEM oraz akcesori\u00f3w dla r\u00f3\u017cnych marek i modeli aut. Jako\u015b\u0107 i niezawodno\u015b\u0107 gwarantowane!","breadcrumb":{"@id":"https:\/\/www.master-sport.de\/shock-absorber-kits\/#breadcrumb"},"inLanguage":"pl-PL","potentialAction":[{"@type":"ReadAction","target":["https:\/\/www.master-sport.de\/shock-absorber-kits\/"]}]},{"@type":"BreadcrumbList","@id":"https:\/\/www.master-sport.de\/shock-absorber-kits\/#breadcrumb","itemListElement":[{"@type":"ListItem","position":1,"name":"Strona g\u0142\u00f3wna","item":"https:\/\/www.master-sport.de\/pl\/"},{"@type":"ListItem","position":2,"name":"Zestawy amortyzator\u00f3w"}]},{"@type":"WebSite","@id":"https:\/\/www.master-sport.de\/#website","url":"https:\/\/www.master-sport.de\/","name":"MasterSport","description":"","publisher":{"@id":"https:\/\/www.master-sport.de\/#organization"},"potentialAction":[{"@type":"SearchAction","target":{"@type":"EntryPoint","urlTemplate":"https:\/\/www.master-sport.de\/?s={search_term_string}"},"query-input":{"@type":"PropertyValueSpecification","valueRequired":true,"valueName":"search_term_string"}}],"inLanguage":"pl-PL"},{"@type":"Organization","@id":"https:\/\/www.master-sport.de\/#organization","name":"MasterSport","url":"https:\/\/www.master-sport.de\/","logo":{"@type":"ImageObject","inLanguage":"pl-PL","@id":"https:\/\/www.master-sport.de\/#\/schema\/logo\/image\/","url":"https:\/\/www.master-sport.de\/wp-content\/uploads\/2025\/03\/logo_nowe_rgb.png","contentUrl":"https:\/\/www.master-sport.de\/wp-content\/uploads\/2025\/03\/logo_nowe_rgb.png","width":3044,"height":1274,"caption":"MasterSport"},"image":{"@id":"https:\/\/www.master-sport.de\/#\/schema\/logo\/image\/"}}]}},"_links":{"self":[{"href":"https:\/\/www.master-sport.de\/pl\/wp-json\/wp\/v2\/pages\/2628","targetHints":{"allow":["GET"]}}],"collection":[{"href":"https:\/\/www.master-sport.de\/pl\/wp-json\/wp\/v2\/pages"}],"about":[{"href":"https:\/\/www.master-sport.de\/pl\/wp-json\/wp\/v2\/types\/page"}],"author":[{"embeddable":true,"href":"https:\/\/www.master-sport.de\/pl\/wp-json\/wp\/v2\/users\/1"}],"replies":[{"embeddable":true,"href":"https:\/\/www.master-sport.de\/pl\/wp-json\/wp\/v2\/comments?post=2628"}],"version-history":[{"count":0,"href":"https:\/\/www.master-sport.de\/pl\/wp-json\/wp\/v2\/pages\/2628\/revisions"}],"wp:attachment":[{"href":"https:\/\/www.master-sport.de\/pl\/wp-json\/wp\/v2\/media?parent=2628"}],"curies":[{"name":"wp","href":"https:\/\/api.w.org\/{rel}","templated":true}]}}