{"id":2641,"date":"2024-08-28T15:00:55","date_gmt":"2024-08-28T15:00:55","guid":{"rendered":"https:\/\/www.master-sport.de\/?page_id=2641"},"modified":"2025-02-24T10:06:09","modified_gmt":"2025-02-24T10:06:09","slug":"filtry-oleju","status":"publish","type":"page","link":"https:\/\/www.master-sport.de\/pl\/filtry-oleju\/","title":{"rendered":"Filtry oleju"},"content":{"rendered":"\t\t<div data-elementor-type=\"wp-page\" data-elementor-id=\"2641\" class=\"elementor elementor-2641\" data-elementor-post-type=\"page\">\n\t\t\t\t\t\t<section class=\"elementor-section elementor-top-section elementor-element elementor-element-4b2925d4 elementor-section-height-min-height elementor-section-boxed elementor-section-height-default elementor-section-items-middle wpr-particle-no wpr-jarallax-no wpr-parallax-no wpr-sticky-section-no wpr-column-slider-no wpr-equal-height-no\" data-id=\"4b2925d4\" data-element_type=\"section\" data-e-type=\"section\" data-settings=\"{&quot;background_background&quot;:&quot;classic&quot;,&quot;shape_divider_bottom&quot;:&quot;tilt&quot;}\">\n\t\t\t\t\t\t\t<div class=\"elementor-background-overlay\"><\/div>\n\t\t\t\t\t\t<div class=\"elementor-shape elementor-shape-bottom\" aria-hidden=\"true\" data-negative=\"false\">\n\t\t\t<svg xmlns=\"http:\/\/www.w3.org\/2000\/svg\" viewBox=\"0 0 1000 100\" preserveAspectRatio=\"none\">\n\t<path class=\"elementor-shape-fill\" d=\"M0,6V0h1000v100L0,6z\"\/>\n<\/svg>\t\t<\/div>\n\t\t\t\t\t<div class=\"elementor-container elementor-column-gap-default\">\n\t\t\t\t\t<div class=\"elementor-column elementor-col-100 elementor-top-column elementor-element elementor-element-48654873\" data-id=\"48654873\" data-element_type=\"column\" data-e-type=\"column\">\n\t\t\t<div class=\"elementor-widget-wrap elementor-element-populated\">\n\t\t\t\t\t\t<div class=\"elementor-element elementor-element-43410942 elementor-widget elementor-widget-heading\" data-id=\"43410942\" data-element_type=\"widget\" data-e-type=\"widget\" data-widget_type=\"heading.default\">\n\t\t\t\t<div class=\"elementor-widget-container\">\n\t\t\t\t\t<h2 class=\"elementor-heading-title elementor-size-default\">Filtry oleju<\/h2>\t\t\t\t<\/div>\n\t\t\t\t<\/div>\n\t\t\t\t\t<\/div>\n\t\t<\/div>\n\t\t\t\t\t<\/div>\n\t\t<\/section>\n\t\t<div class=\"elementor-element elementor-element-114ca4fc e-con-full e-flex wpr-particle-no wpr-jarallax-no wpr-parallax-no wpr-sticky-section-no wpr-column-slider-no wpr-equal-height-no e-con e-parent\" data-id=\"114ca4fc\" data-element_type=\"container\" data-e-type=\"container\">\n\t\t<div class=\"elementor-element elementor-element-21b08461 e-con-full e-flex wpr-particle-no wpr-jarallax-no wpr-parallax-no wpr-sticky-section-no wpr-column-slider-no wpr-equal-height-no e-con e-child\" data-id=\"21b08461\" data-element_type=\"container\" data-e-type=\"container\">\n\t\t\t\t<div class=\"elementor-element elementor-element-55f5d100 elementor-widget elementor-widget-icon-box\" data-id=\"55f5d100\" data-element_type=\"widget\" data-e-type=\"widget\" data-widget_type=\"icon-box.default\">\n\t\t\t\t<div class=\"elementor-widget-container\">\n\t\t\t\t\t\t\t<div class=\"elementor-icon-box-wrapper\">\n\n\t\t\t\n\t\t\t\t\t\t<div class=\"elementor-icon-box-content\">\n\n\t\t\t\t\n\t\t\t\t\t\t\t\t\t<p class=\"elementor-icon-box-description\">\n\t\t\t\t\t\tFiltry oleju\t\t\t\t\t<\/p>\n\t\t\t\t\n\t\t\t<\/div>\n\t\t\t\n\t\t<\/div>\n\t\t\t\t\t\t<\/div>\n\t\t\t\t<\/div>\n\t\t\t\t<div class=\"elementor-element elementor-element-d8fc067 elementor-icon-list--layout-traditional elementor-list-item-link-full_width elementor-widget elementor-widget-icon-list\" data-id=\"d8fc067\" data-element_type=\"widget\" data-e-type=\"widget\" data-widget_type=\"icon-list.default\">\n\t\t\t\t<div class=\"elementor-widget-container\">\n\t\t\t\t\t\t\t<ul class=\"elementor-icon-list-items\">\n\t\t\t\t\t\t\t<li class=\"elementor-icon-list-item\">\n\t\t\t\t\t\t\t\t\t\t\t<a href=\"https:\/\/www.master-sport.de\/pl\/zestawy-filtrow\/\">\n\n\t\t\t\t\t\t\t\t\t\t\t\t<span class=\"elementor-icon-list-icon\">\n\t\t\t\t\t\t\t<svg aria-hidden=\"true\" class=\"e-font-icon-svg e-fas-arrow-circle-right\" viewBox=\"0 0 512 512\" xmlns=\"http:\/\/www.w3.org\/2000\/svg\"><path d=\"M256 8c137 0 248 111 248 248S393 504 256 504 8 393 8 256 119 8 256 8zm-28.9 143.6l75.5 72.4H120c-13.3 0-24 10.7-24 24v16c0 13.3 10.7 24 24 24h182.6l-75.5 72.4c-9.7 9.3-9.9 24.8-.4 34.3l11 10.9c9.4 9.4 24.6 9.4 33.9 0L404.3 273c9.4-9.4 9.4-24.6 0-33.9L271.6 106.3c-9.4-9.4-24.6-9.4-33.9 0l-11 10.9c-9.5 9.6-9.3 25.1.4 34.4z\"><\/path><\/svg>\t\t\t\t\t\t<\/span>\n\t\t\t\t\t\t\t\t\t\t<span class=\"elementor-icon-list-text\">Zestawy filtr\u00f3w<\/span>\n\t\t\t\t\t\t\t\t\t\t\t<\/a>\n\t\t\t\t\t\t\t\t\t<\/li>\n\t\t\t\t\t\t\t\t<li class=\"elementor-icon-list-item\">\n\t\t\t\t\t\t\t\t\t\t\t<a href=\"https:\/\/www.master-sport.de\/pl\/filtry-oleju\/\">\n\n\t\t\t\t\t\t\t\t\t\t\t\t<span class=\"elementor-icon-list-icon\">\n\t\t\t\t\t\t\t<svg aria-hidden=\"true\" class=\"e-font-icon-svg e-fas-arrow-circle-right\" viewBox=\"0 0 512 512\" xmlns=\"http:\/\/www.w3.org\/2000\/svg\"><path d=\"M256 8c137 0 248 111 248 248S393 504 256 504 8 393 8 256 119 8 256 8zm-28.9 143.6l75.5 72.4H120c-13.3 0-24 10.7-24 24v16c0 13.3 10.7 24 24 24h182.6l-75.5 72.4c-9.7 9.3-9.9 24.8-.4 34.3l11 10.9c9.4 9.4 24.6 9.4 33.9 0L404.3 273c9.4-9.4 9.4-24.6 0-33.9L271.6 106.3c-9.4-9.4-24.6-9.4-33.9 0l-11 10.9c-9.5 9.6-9.3 25.1.4 34.4z\"><\/path><\/svg>\t\t\t\t\t\t<\/span>\n\t\t\t\t\t\t\t\t\t\t<span class=\"elementor-icon-list-text\">Filtry oleju<\/span>\n\t\t\t\t\t\t\t\t\t\t\t<\/a>\n\t\t\t\t\t\t\t\t\t<\/li>\n\t\t\t\t\t\t\t\t<li class=\"elementor-icon-list-item\">\n\t\t\t\t\t\t\t\t\t\t\t<a href=\"https:\/\/www.master-sport.de\/pl\/filtry-paliwa\/\">\n\n\t\t\t\t\t\t\t\t\t\t\t\t<span class=\"elementor-icon-list-icon\">\n\t\t\t\t\t\t\t<svg aria-hidden=\"true\" class=\"e-font-icon-svg e-fas-arrow-circle-right\" viewBox=\"0 0 512 512\" xmlns=\"http:\/\/www.w3.org\/2000\/svg\"><path d=\"M256 8c137 0 248 111 248 248S393 504 256 504 8 393 8 256 119 8 256 8zm-28.9 143.6l75.5 72.4H120c-13.3 0-24 10.7-24 24v16c0 13.3 10.7 24 24 24h182.6l-75.5 72.4c-9.7 9.3-9.9 24.8-.4 34.3l11 10.9c9.4 9.4 24.6 9.4 33.9 0L404.3 273c9.4-9.4 9.4-24.6 0-33.9L271.6 106.3c-9.4-9.4-24.6-9.4-33.9 0l-11 10.9c-9.5 9.6-9.3 25.1.4 34.4z\"><\/path><\/svg>\t\t\t\t\t\t<\/span>\n\t\t\t\t\t\t\t\t\t\t<span class=\"elementor-icon-list-text\">Filtry paliwa<\/span>\n\t\t\t\t\t\t\t\t\t\t\t<\/a>\n\t\t\t\t\t\t\t\t\t<\/li>\n\t\t\t\t\t\t\t\t<li class=\"elementor-icon-list-item\">\n\t\t\t\t\t\t\t\t\t\t\t<a href=\"https:\/\/www.master-sport.de\/pl\/filtry-powietrza\/\">\n\n\t\t\t\t\t\t\t\t\t\t\t\t<span class=\"elementor-icon-list-icon\">\n\t\t\t\t\t\t\t<svg aria-hidden=\"true\" class=\"e-font-icon-svg e-fas-arrow-circle-right\" viewBox=\"0 0 512 512\" xmlns=\"http:\/\/www.w3.org\/2000\/svg\"><path d=\"M256 8c137 0 248 111 248 248S393 504 256 504 8 393 8 256 119 8 256 8zm-28.9 143.6l75.5 72.4H120c-13.3 0-24 10.7-24 24v16c0 13.3 10.7 24 24 24h182.6l-75.5 72.4c-9.7 9.3-9.9 24.8-.4 34.3l11 10.9c9.4 9.4 24.6 9.4 33.9 0L404.3 273c9.4-9.4 9.4-24.6 0-33.9L271.6 106.3c-9.4-9.4-24.6-9.4-33.9 0l-11 10.9c-9.5 9.6-9.3 25.1.4 34.4z\"><\/path><\/svg>\t\t\t\t\t\t<\/span>\n\t\t\t\t\t\t\t\t\t\t<span class=\"elementor-icon-list-text\">Filtry powietrza<\/span>\n\t\t\t\t\t\t\t\t\t\t\t<\/a>\n\t\t\t\t\t\t\t\t\t<\/li>\n\t\t\t\t\t\t\t\t<li class=\"elementor-icon-list-item\">\n\t\t\t\t\t\t\t\t\t\t\t<a href=\"https:\/\/www.master-sport.de\/pl\/filtry-kabinowe-a-alergie-jak-wybrac-odpowiedni-filtr\/\">\n\n\t\t\t\t\t\t\t\t\t\t\t\t<span class=\"elementor-icon-list-icon\">\n\t\t\t\t\t\t\t<svg aria-hidden=\"true\" class=\"e-font-icon-svg e-fas-arrow-circle-right\" viewBox=\"0 0 512 512\" xmlns=\"http:\/\/www.w3.org\/2000\/svg\"><path d=\"M256 8c137 0 248 111 248 248S393 504 256 504 8 393 8 256 119 8 256 8zm-28.9 143.6l75.5 72.4H120c-13.3 0-24 10.7-24 24v16c0 13.3 10.7 24 24 24h182.6l-75.5 72.4c-9.7 9.3-9.9 24.8-.4 34.3l11 10.9c9.4 9.4 24.6 9.4 33.9 0L404.3 273c9.4-9.4 9.4-24.6 0-33.9L271.6 106.3c-9.4-9.4-24.6-9.4-33.9 0l-11 10.9c-9.5 9.6-9.3 25.1.4 34.4z\"><\/path><\/svg>\t\t\t\t\t\t<\/span>\n\t\t\t\t\t\t\t\t\t\t<span class=\"elementor-icon-list-text\">Filtry kabinowe<\/span>\n\t\t\t\t\t\t\t\t\t\t\t<\/a>\n\t\t\t\t\t\t\t\t\t<\/li>\n\t\t\t\t\t\t\t\t<li class=\"elementor-icon-list-item\">\n\t\t\t\t\t\t\t\t\t\t\t<a href=\"https:\/\/www.master-sport.de\/pl\/filtry-kabinowe-ifb\/\">\n\n\t\t\t\t\t\t\t\t\t\t\t\t<span class=\"elementor-icon-list-icon\">\n\t\t\t\t\t\t\t<svg aria-hidden=\"true\" class=\"e-font-icon-svg e-fas-arrow-circle-right\" viewBox=\"0 0 512 512\" xmlns=\"http:\/\/www.w3.org\/2000\/svg\"><path d=\"M256 8c137 0 248 111 248 248S393 504 256 504 8 393 8 256 119 8 256 8zm-28.9 143.6l75.5 72.4H120c-13.3 0-24 10.7-24 24v16c0 13.3 10.7 24 24 24h182.6l-75.5 72.4c-9.7 9.3-9.9 24.8-.4 34.3l11 10.9c9.4 9.4 24.6 9.4 33.9 0L404.3 273c9.4-9.4 9.4-24.6 0-33.9L271.6 106.3c-9.4-9.4-24.6-9.4-33.9 0l-11 10.9c-9.5 9.6-9.3 25.1.4 34.4z\"><\/path><\/svg>\t\t\t\t\t\t<\/span>\n\t\t\t\t\t\t\t\t\t\t<span class=\"elementor-icon-list-text\">Filtry kabinowe IFB<\/span>\n\t\t\t\t\t\t\t\t\t\t\t<\/a>\n\t\t\t\t\t\t\t\t\t<\/li>\n\t\t\t\t\t\t<\/ul>\n\t\t\t\t\t\t<\/div>\n\t\t\t\t<\/div>\n\t\t\t\t<\/div>\n\t\t<div class=\"elementor-element elementor-element-3b1a597 e-con-full e-flex wpr-particle-no wpr-jarallax-no wpr-parallax-no wpr-sticky-section-no wpr-column-slider-no wpr-equal-height-no e-con e-child\" data-id=\"3b1a597\" data-element_type=\"container\" data-e-type=\"container\">\n\t\t\t\t<div class=\"elementor-element elementor-element-56de2dc3 elementor-widget elementor-widget-text-editor\" data-id=\"56de2dc3\" data-element_type=\"widget\" data-e-type=\"widget\" data-widget_type=\"text-editor.default\">\n\t\t\t\t<div class=\"elementor-widget-container\">\n\t\t\t\t\t\t\t\t\t<p><strong>2 lata gwarancji<\/strong><\/p><p>Odporny na korozj\u0119<br \/>\u2013 dzi\u0119ki specjalnej pow\u0142oce antykorozyjne<\/p><p><br \/>Super wytrzyma\u0142y 14MPa<br \/>\u2013 dzi\u0119ki zastosowaniu wysokogatunkowej stali<\/p><p><br \/>Zapobiega gotowaniu oleju silnikowego<br \/>\u2013 dzi\u0119ki zastosowaniu zaworu przepustowego<\/p><p>Idealne szczelny<br \/>\u2013 dzi\u0119ki specjalnej mieszance<\/p><p>Pewno\u015b\u0107 filtracji<br \/>\u2013 dzi\u0119ki zaworowi przeciw spustowemu<\/p><p>20% skuteczniejsza filtracja<br \/>\u2013 dzi\u0119ki innowacyjnemu materia\u0142owi filtruj\u0105cemu<\/p><p>Chroni silnik<br \/>Wychwytuje opi\u0142ki metalu<br \/>\u2013 dzi\u0119ki specjalnemu elementowi magnetycznemu<\/p><p><strong>Zalecany po remoncie silnika, naprawach i profilaktyczne<\/strong><\/p><div class=\"wp-block-spacer\" aria-hidden=\"true\">\u00a0<\/div><hr class=\"wp-block-separator\" \/><div class=\"wp-block-spacer\" aria-hidden=\"true\">\u00a0<\/div><p>Filtr oleju \u201eNEOMAG\u201d opatentowany przez Master-Sport Automobiltechnik (MS) GmbH to podw\u00f3jna ochrona silnika przy pracy w warunkach umiarkowanego i surowego klimatu. Element magnetyczny zatrzymuje metalowe cz\u0105stki, w filtrze zastosowano magnesy neodymowe, kt\u00f3re s\u0105 10 razy silniejszy ni\u017c zwyk\u0142e magnesy. Materia\u0142 uszczelki zachowuje hermetyczno\u015b\u0107 przy krytycznych temperaturach. Specjalny, wysokiej jako\u015bci filtruj\u0105cy materia\u0142 gwarantuje wysoki poziom oczyszczania. Konstrukcja przelewowego zaworu wy\u0142\u0105cza \u201eg\u0142odowanie olejowe silnika\u201d, zapewniaj\u0105c smarowanie przy nie pracuj\u0105cym (zatkanym) filtruj\u0105cym elemencie. Zaw\u00f3r zwrotny nie dopuszcza do sp\u0142ywania oleju z filtra i uk\u0142adu. Ka\u017cdy filtr sprawdzany jest na hermetyczno\u015b\u0107 i ci\u015bnienie otwarcia zaworu przelewowego.<\/p>\t\t\t\t\t\t\t\t<\/div>\n\t\t\t\t<\/div>\n\t\t\t\t<div class=\"elementor-element elementor-element-1c324315 elementor-widget elementor-widget-gallery\" data-id=\"1c324315\" data-element_type=\"widget\" data-e-type=\"widget\" data-settings=\"{&quot;columns_mobile&quot;:2,&quot;gap&quot;:{&quot;unit&quot;:&quot;px&quot;,&quot;size&quot;:2,&quot;sizes&quot;:[]},&quot;columns&quot;:2,&quot;lazyload&quot;:&quot;yes&quot;,&quot;gallery_layout&quot;:&quot;grid&quot;,&quot;columns_tablet&quot;:2,&quot;gap_laptop&quot;:{&quot;unit&quot;:&quot;px&quot;,&quot;size&quot;:10,&quot;sizes&quot;:[]},&quot;gap_tablet_extra&quot;:{&quot;unit&quot;:&quot;px&quot;,&quot;size&quot;:10,&quot;sizes&quot;:[]},&quot;gap_tablet&quot;:{&quot;unit&quot;:&quot;px&quot;,&quot;size&quot;:10,&quot;sizes&quot;:[]},&quot;gap_mobile_extra&quot;:{&quot;unit&quot;:&quot;px&quot;,&quot;size&quot;:10,&quot;sizes&quot;:[]},&quot;gap_mobile&quot;:{&quot;unit&quot;:&quot;px&quot;,&quot;size&quot;:10,&quot;sizes&quot;:[]},&quot;link_to&quot;:&quot;file&quot;,&quot;aspect_ratio&quot;:&quot;3:2&quot;,&quot;overlay_background&quot;:&quot;yes&quot;,&quot;content_hover_animation&quot;:&quot;fade-in&quot;}\" data-widget_type=\"gallery.default\">\n\t\t\t\t<div class=\"elementor-widget-container\">\n\t\t\t\t\t\t\t<div class=\"elementor-gallery__container\">\n\t\t\t\t\t\t\t<a class=\"e-gallery-item elementor-gallery-item elementor-animated-content\" href=\"https:\/\/www.master-sport.de\/wp-content\/uploads\/2024\/08\/max_2-6-1.jpg\" data-elementor-open-lightbox=\"yes\" data-elementor-lightbox-slideshow=\"1c324315\" data-elementor-lightbox-title=\"max_2-6\" data-elementor-lightbox-description=\"Filtry oleju MasterSport\" data-e-action-hash=\"#elementor-action%3Aaction%3Dlightbox%26settings%3DeyJpZCI6MzAzNCwidXJsIjoiaHR0cHM6XC9cL3d3dy5tYXN0ZXItc3BvcnQuZGVcL3dwLWNvbnRlbnRcL3VwbG9hZHNcLzIwMjRcLzA4XC9tYXhfMi02LTEuanBnIiwic2xpZGVzaG93IjoiMWMzMjQzMTUifQ%3D%3D\">\n\t\t\t\t\t<div class=\"e-gallery-image elementor-gallery-item__image\" data-thumbnail=\"https:\/\/www.master-sport.de\/wp-content\/uploads\/2024\/08\/max_2-6-1-300x225.jpg\" data-width=\"300\" data-height=\"225\" aria-label=\"\" role=\"img\" ><\/div>\n\t\t\t\t\t\t\t\t\t\t\t<div class=\"elementor-gallery-item__overlay\"><\/div>\n\t\t\t\t\t\t\t\t\t\t\t\t\t\t<\/a>\n\t\t\t\t\t\t\t<a class=\"e-gallery-item elementor-gallery-item elementor-animated-content\" href=\"https:\/\/www.master-sport.de\/wp-content\/uploads\/2024\/08\/max_1-7-1-1.jpg\" data-elementor-open-lightbox=\"yes\" data-elementor-lightbox-slideshow=\"1c324315\" data-elementor-lightbox-title=\"max_1-7 (1)\" data-elementor-lightbox-description=\"Filtry oleju MasterSport\" data-e-action-hash=\"#elementor-action%3Aaction%3Dlightbox%26settings%3DeyJpZCI6MzAzNSwidXJsIjoiaHR0cHM6XC9cL3d3dy5tYXN0ZXItc3BvcnQuZGVcL3dwLWNvbnRlbnRcL3VwbG9hZHNcLzIwMjRcLzA4XC9tYXhfMS03LTEtMS5qcGciLCJzbGlkZXNob3ciOiIxYzMyNDMxNSJ9\">\n\t\t\t\t\t<div class=\"e-gallery-image elementor-gallery-item__image\" data-thumbnail=\"https:\/\/www.master-sport.de\/wp-content\/uploads\/2024\/08\/max_1-7-1-1-300x225.jpg\" data-width=\"300\" data-height=\"225\" aria-label=\"\" role=\"img\" ><\/div>\n\t\t\t\t\t\t\t\t\t\t\t<div class=\"elementor-gallery-item__overlay\"><\/div>\n\t\t\t\t\t\t\t\t\t\t\t\t\t\t<\/a>\n\t\t\t\t\t<\/div>\n\t\t\t\t\t<\/div>\n\t\t\t\t<\/div>\n\t\t\t\t<\/div>\n\t\t\t\t<\/div>\n\t\t\t\t<\/div>\n\t\t","protected":false},"excerpt":{"rendered":"<p>Filtry oleju Filtry oleju Zestawy filtr\u00f3w Filtry oleju Filtry paliwa Filtry powietrza Filtry kabinowe Filtry kabinowe IFB 2 lata gwarancji Odporny na korozj\u0119\u2013 dzi\u0119ki specjalnej pow\u0142oce antykorozyjne Super wytrzyma\u0142y 14MPa\u2013 dzi\u0119ki zastosowaniu wysokogatunkowej stali Zapobiega gotowaniu oleju silnikowego\u2013 dzi\u0119ki zastosowaniu zaworu przepustowego Idealne szczelny\u2013 dzi\u0119ki specjalnej mieszance Pewno\u015b\u0107 filtracji\u2013 dzi\u0119ki zaworowi przeciw spustowemu 20% skuteczniejsza filtracja\u2013 dzi\u0119ki innowacyjnemu materia\u0142owi filtruj\u0105cemu Chroni silnikWychwytuje opi\u0142ki metalu\u2013 dzi\u0119ki specjalnemu elementowi magnetycznemu Zalecany po remoncie silnika, naprawach i profilaktyczne \u00a0 \u00a0 Filtr oleju \u201eNEOMAG\u201d opatentowany przez Master-Sport Automobiltechnik (MS) GmbH to podw\u00f3jna ochrona silnika przy pracy w warunkach umiarkowanego i surowego klimatu. Element magnetyczny zatrzymuje metalowe cz\u0105stki, w filtrze zastosowano magnesy neodymowe, kt\u00f3re s\u0105 10 razy silniejszy ni\u017c zwyk\u0142e magnesy. Materia\u0142 uszczelki zachowuje hermetyczno\u015b\u0107 przy krytycznych temperaturach. Specjalny, wysokiej jako\u015bci filtruj\u0105cy materia\u0142 gwarantuje wysoki poziom oczyszczania. Konstrukcja przelewowego zaworu wy\u0142\u0105cza \u201eg\u0142odowanie olejowe silnika\u201d, zapewniaj\u0105c smarowanie przy nie pracuj\u0105cym (zatkanym) filtruj\u0105cym elemencie. Zaw\u00f3r zwrotny nie dopuszcza do sp\u0142ywania oleju z filtra i uk\u0142adu. Ka\u017cdy filtr sprawdzany jest na hermetyczno\u015b\u0107 i ci\u015bnienie otwarcia zaworu przelewowego.<\/p>\n","protected":false},"author":1,"featured_media":0,"parent":0,"menu_order":0,"comment_status":"closed","ping_status":"closed","template":"","meta":{"footnotes":""},"class_list":["post-2641","page","type-page","status-publish","hentry"],"yoast_head":"<!-- This site is optimized with the Yoast SEO plugin v23.5 - https:\/\/yoast.com\/wordpress\/plugins\/seo\/ -->\n<title>Filtry oleju | MasterSport<\/title>\n<meta name=\"description\" content=\"Master-Sport: Producent wysokiej jako\u015bci cz\u0119\u015bci samochodowych i rozwi\u0105za\u0144 motoryzacyjnych. Sprawd\u017a nasz\u0105 ofert\u0119 produkt\u00f3w OEM oraz akcesori\u00f3w dla r\u00f3\u017cnych marek i modeli aut. Jako\u015b\u0107 i niezawodno\u015b\u0107 gwarantowane!\" \/>\n<meta name=\"robots\" content=\"index, follow, max-snippet:-1, max-image-preview:large, max-video-preview:-1\" \/>\n<link rel=\"canonical\" href=\"https:\/\/www.master-sport.de\/oil-filters\/\" \/>\n<meta property=\"og:locale\" content=\"pl_PL\" \/>\n<meta property=\"og:type\" content=\"article\" \/>\n<meta property=\"og:title\" content=\"Filtry oleju | MasterSport\" \/>\n<meta property=\"og:description\" content=\"Master-Sport: Producent wysokiej jako\u015bci cz\u0119\u015bci samochodowych i rozwi\u0105za\u0144 motoryzacyjnych. Sprawd\u017a nasz\u0105 ofert\u0119 produkt\u00f3w OEM oraz akcesori\u00f3w dla r\u00f3\u017cnych marek i modeli aut. Jako\u015b\u0107 i niezawodno\u015b\u0107 gwarantowane!\" \/>\n<meta property=\"og:url\" content=\"https:\/\/www.master-sport.de\/oil-filters\/\" \/>\n<meta property=\"og:site_name\" content=\"MasterSport\" \/>\n<meta property=\"article:modified_time\" content=\"2025-02-24T10:06:09+00:00\" \/>\n<meta property=\"og:image\" content=\"https:\/\/www.master-sport.de\/wp-content\/uploads\/2024\/08\/LOGO-2.jpg\" \/>\n\t<meta property=\"og:image:width\" content=\"300\" \/>\n\t<meta property=\"og:image:height\" content=\"300\" \/>\n\t<meta property=\"og:image:type\" content=\"image\/jpeg\" \/>\n<meta name=\"twitter:card\" content=\"summary_large_image\" \/>\n<meta name=\"twitter:label1\" content=\"Szacowany czas czytania\" \/>\n\t<meta name=\"twitter:data1\" content=\"1 minuta\" \/>\n<script type=\"application\/ld+json\" class=\"yoast-schema-graph\">{\"@context\":\"https:\/\/schema.org\",\"@graph\":[{\"@type\":\"WebPage\",\"@id\":\"https:\/\/www.master-sport.de\/oil-filters\/\",\"url\":\"https:\/\/www.master-sport.de\/oil-filters\/\",\"name\":\"Filtry oleju | MasterSport\",\"isPartOf\":{\"@id\":\"https:\/\/www.master-sport.de\/#website\"},\"datePublished\":\"2024-08-28T15:00:55+00:00\",\"dateModified\":\"2025-02-24T10:06:09+00:00\",\"description\":\"Master-Sport: Producent wysokiej jako\u015bci cz\u0119\u015bci samochodowych i rozwi\u0105za\u0144 motoryzacyjnych. Sprawd\u017a nasz\u0105 ofert\u0119 produkt\u00f3w OEM oraz akcesori\u00f3w dla r\u00f3\u017cnych marek i modeli aut. Jako\u015b\u0107 i niezawodno\u015b\u0107 gwarantowane!\",\"breadcrumb\":{\"@id\":\"https:\/\/www.master-sport.de\/oil-filters\/#breadcrumb\"},\"inLanguage\":\"pl-PL\",\"potentialAction\":[{\"@type\":\"ReadAction\",\"target\":[\"https:\/\/www.master-sport.de\/oil-filters\/\"]}]},{\"@type\":\"BreadcrumbList\",\"@id\":\"https:\/\/www.master-sport.de\/oil-filters\/#breadcrumb\",\"itemListElement\":[{\"@type\":\"ListItem\",\"position\":1,\"name\":\"Strona g\u0142\u00f3wna\",\"item\":\"https:\/\/www.master-sport.de\/pl\/\"},{\"@type\":\"ListItem\",\"position\":2,\"name\":\"Filtry oleju\"}]},{\"@type\":\"WebSite\",\"@id\":\"https:\/\/www.master-sport.de\/#website\",\"url\":\"https:\/\/www.master-sport.de\/\",\"name\":\"MasterSport\",\"description\":\"\",\"publisher\":{\"@id\":\"https:\/\/www.master-sport.de\/#organization\"},\"potentialAction\":[{\"@type\":\"SearchAction\",\"target\":{\"@type\":\"EntryPoint\",\"urlTemplate\":\"https:\/\/www.master-sport.de\/?s={search_term_string}\"},\"query-input\":{\"@type\":\"PropertyValueSpecification\",\"valueRequired\":true,\"valueName\":\"search_term_string\"}}],\"inLanguage\":\"pl-PL\"},{\"@type\":\"Organization\",\"@id\":\"https:\/\/www.master-sport.de\/#organization\",\"name\":\"MasterSport\",\"url\":\"https:\/\/www.master-sport.de\/\",\"logo\":{\"@type\":\"ImageObject\",\"inLanguage\":\"pl-PL\",\"@id\":\"https:\/\/www.master-sport.de\/#\/schema\/logo\/image\/\",\"url\":\"https:\/\/www.master-sport.de\/wp-content\/uploads\/2025\/03\/logo_nowe_rgb.png\",\"contentUrl\":\"https:\/\/www.master-sport.de\/wp-content\/uploads\/2025\/03\/logo_nowe_rgb.png\",\"width\":3044,\"height\":1274,\"caption\":\"MasterSport\"},\"image\":{\"@id\":\"https:\/\/www.master-sport.de\/#\/schema\/logo\/image\/\"}}]}<\/script>\n<!-- \/ Yoast SEO plugin. -->","yoast_head_json":{"title":"Filtry oleju | MasterSport","description":"Master-Sport: Producent wysokiej jako\u015bci cz\u0119\u015bci samochodowych i rozwi\u0105za\u0144 motoryzacyjnych. Sprawd\u017a nasz\u0105 ofert\u0119 produkt\u00f3w OEM oraz akcesori\u00f3w dla r\u00f3\u017cnych marek i modeli aut. Jako\u015b\u0107 i niezawodno\u015b\u0107 gwarantowane!","robots":{"index":"index","follow":"follow","max-snippet":"max-snippet:-1","max-image-preview":"max-image-preview:large","max-video-preview":"max-video-preview:-1"},"canonical":"https:\/\/www.master-sport.de\/oil-filters\/","og_locale":"pl_PL","og_type":"article","og_title":"Filtry oleju | MasterSport","og_description":"Master-Sport: Producent wysokiej jako\u015bci cz\u0119\u015bci samochodowych i rozwi\u0105za\u0144 motoryzacyjnych. Sprawd\u017a nasz\u0105 ofert\u0119 produkt\u00f3w OEM oraz akcesori\u00f3w dla r\u00f3\u017cnych marek i modeli aut. Jako\u015b\u0107 i niezawodno\u015b\u0107 gwarantowane!","og_url":"https:\/\/www.master-sport.de\/oil-filters\/","og_site_name":"MasterSport","article_modified_time":"2025-02-24T10:06:09+00:00","og_image":[{"width":300,"height":300,"url":"https:\/\/www.master-sport.de\/wp-content\/uploads\/2024\/08\/LOGO-2.jpg","type":"image\/jpeg"}],"twitter_card":"summary_large_image","twitter_misc":{"Szacowany czas czytania":"1 minuta"},"schema":{"@context":"https:\/\/schema.org","@graph":[{"@type":"WebPage","@id":"https:\/\/www.master-sport.de\/oil-filters\/","url":"https:\/\/www.master-sport.de\/oil-filters\/","name":"Filtry oleju | MasterSport","isPartOf":{"@id":"https:\/\/www.master-sport.de\/#website"},"datePublished":"2024-08-28T15:00:55+00:00","dateModified":"2025-02-24T10:06:09+00:00","description":"Master-Sport: Producent wysokiej jako\u015bci cz\u0119\u015bci samochodowych i rozwi\u0105za\u0144 motoryzacyjnych. Sprawd\u017a nasz\u0105 ofert\u0119 produkt\u00f3w OEM oraz akcesori\u00f3w dla r\u00f3\u017cnych marek i modeli aut. Jako\u015b\u0107 i niezawodno\u015b\u0107 gwarantowane!","breadcrumb":{"@id":"https:\/\/www.master-sport.de\/oil-filters\/#breadcrumb"},"inLanguage":"pl-PL","potentialAction":[{"@type":"ReadAction","target":["https:\/\/www.master-sport.de\/oil-filters\/"]}]},{"@type":"BreadcrumbList","@id":"https:\/\/www.master-sport.de\/oil-filters\/#breadcrumb","itemListElement":[{"@type":"ListItem","position":1,"name":"Strona g\u0142\u00f3wna","item":"https:\/\/www.master-sport.de\/pl\/"},{"@type":"ListItem","position":2,"name":"Filtry oleju"}]},{"@type":"WebSite","@id":"https:\/\/www.master-sport.de\/#website","url":"https:\/\/www.master-sport.de\/","name":"MasterSport","description":"","publisher":{"@id":"https:\/\/www.master-sport.de\/#organization"},"potentialAction":[{"@type":"SearchAction","target":{"@type":"EntryPoint","urlTemplate":"https:\/\/www.master-sport.de\/?s={search_term_string}"},"query-input":{"@type":"PropertyValueSpecification","valueRequired":true,"valueName":"search_term_string"}}],"inLanguage":"pl-PL"},{"@type":"Organization","@id":"https:\/\/www.master-sport.de\/#organization","name":"MasterSport","url":"https:\/\/www.master-sport.de\/","logo":{"@type":"ImageObject","inLanguage":"pl-PL","@id":"https:\/\/www.master-sport.de\/#\/schema\/logo\/image\/","url":"https:\/\/www.master-sport.de\/wp-content\/uploads\/2025\/03\/logo_nowe_rgb.png","contentUrl":"https:\/\/www.master-sport.de\/wp-content\/uploads\/2025\/03\/logo_nowe_rgb.png","width":3044,"height":1274,"caption":"MasterSport"},"image":{"@id":"https:\/\/www.master-sport.de\/#\/schema\/logo\/image\/"}}]}},"_links":{"self":[{"href":"https:\/\/www.master-sport.de\/pl\/wp-json\/wp\/v2\/pages\/2641","targetHints":{"allow":["GET"]}}],"collection":[{"href":"https:\/\/www.master-sport.de\/pl\/wp-json\/wp\/v2\/pages"}],"about":[{"href":"https:\/\/www.master-sport.de\/pl\/wp-json\/wp\/v2\/types\/page"}],"author":[{"embeddable":true,"href":"https:\/\/www.master-sport.de\/pl\/wp-json\/wp\/v2\/users\/1"}],"replies":[{"embeddable":true,"href":"https:\/\/www.master-sport.de\/pl\/wp-json\/wp\/v2\/comments?post=2641"}],"version-history":[{"count":0,"href":"https:\/\/www.master-sport.de\/pl\/wp-json\/wp\/v2\/pages\/2641\/revisions"}],"wp:attachment":[{"href":"https:\/\/www.master-sport.de\/pl\/wp-json\/wp\/v2\/media?parent=2641"}],"curies":[{"name":"wp","href":"https:\/\/api.w.org\/{rel}","templated":true}]}}