{"id":84,"date":"2024-08-27T08:51:46","date_gmt":"2024-08-27T08:51:46","guid":{"rendered":"https:\/\/www.master-sport.de\/?page_id=84"},"modified":"2024-08-31T08:54:36","modified_gmt":"2024-08-31T08:54:36","slug":"polityka-jakosci","status":"publish","type":"page","link":"https:\/\/www.master-sport.de\/pl\/polityka-jakosci\/","title":{"rendered":"Polityka Jako\u015bci"},"content":{"rendered":"\t\t<div data-elementor-type=\"wp-page\" data-elementor-id=\"84\" class=\"elementor elementor-84\" data-elementor-post-type=\"page\">\n\t\t\t\t\t\t<section class=\"elementor-section elementor-top-section elementor-element elementor-element-4099e4fb elementor-section-height-min-height elementor-section-boxed elementor-section-height-default elementor-section-items-middle wpr-particle-no wpr-jarallax-no wpr-parallax-no wpr-sticky-section-no wpr-equal-height-no\" data-id=\"4099e4fb\" data-element_type=\"section\" data-e-type=\"section\" data-settings=\"{&quot;background_background&quot;:&quot;classic&quot;,&quot;shape_divider_bottom&quot;:&quot;tilt&quot;}\">\n\t\t\t\t\t\t\t<div class=\"elementor-background-overlay\"><\/div>\n\t\t\t\t\t\t<div class=\"elementor-shape elementor-shape-bottom\" aria-hidden=\"true\" data-negative=\"false\">\n\t\t\t<svg xmlns=\"http:\/\/www.w3.org\/2000\/svg\" viewBox=\"0 0 1000 100\" preserveAspectRatio=\"none\">\n\t<path class=\"elementor-shape-fill\" d=\"M0,6V0h1000v100L0,6z\"\/>\n<\/svg>\t\t<\/div>\n\t\t\t\t\t<div class=\"elementor-container elementor-column-gap-default\">\n\t\t\t\t\t<div class=\"elementor-column elementor-col-100 elementor-top-column elementor-element elementor-element-5cad5c60\" data-id=\"5cad5c60\" data-element_type=\"column\" data-e-type=\"column\">\n\t\t\t<div class=\"elementor-widget-wrap elementor-element-populated\">\n\t\t\t\t\t\t<div class=\"elementor-element elementor-element-5a25348 elementor-widget elementor-widget-heading\" data-id=\"5a25348\" data-element_type=\"widget\" data-e-type=\"widget\" data-widget_type=\"heading.default\">\n\t\t\t\t<div class=\"elementor-widget-container\">\n\t\t\t\t\t<h1 class=\"elementor-heading-title elementor-size-default\">polityka jako\u015bci<\/h1>\t\t\t\t<\/div>\n\t\t\t\t<\/div>\n\t\t\t\t\t<\/div>\n\t\t<\/div>\n\t\t\t\t\t<\/div>\n\t\t<\/section>\n\t\t<div class=\"elementor-element elementor-element-f692186 e-flex e-con-boxed wpr-particle-no wpr-jarallax-no wpr-parallax-no wpr-sticky-section-no wpr-equal-height-no e-con e-parent\" data-id=\"f692186\" data-element_type=\"container\" data-e-type=\"container\">\n\t\t\t\t\t<div class=\"e-con-inner\">\n\t\t\t\t<div class=\"elementor-element elementor-element-a6b7ac9 elementor-widget elementor-widget-heading\" data-id=\"a6b7ac9\" data-element_type=\"widget\" data-e-type=\"widget\" data-widget_type=\"heading.default\">\n\t\t\t\t<div class=\"elementor-widget-container\">\n\t\t\t\t\t<h2 class=\"elementor-heading-title elementor-size-default\">Monachium dn. 26.10.2021r.<\/h2>\t\t\t\t<\/div>\n\t\t\t\t<\/div>\n\t\t<div class=\"elementor-element elementor-element-df4ffa2 e-con-full e-flex wpr-particle-no wpr-jarallax-no wpr-parallax-no wpr-sticky-section-no wpr-equal-height-no e-con e-child\" data-id=\"df4ffa2\" data-element_type=\"container\" data-e-type=\"container\">\n\t\t\t\t<div class=\"elementor-element elementor-element-85eb038 elementor-widget elementor-widget-heading\" data-id=\"85eb038\" data-element_type=\"widget\" data-e-type=\"widget\" data-widget_type=\"heading.default\">\n\t\t\t\t<div class=\"elementor-widget-container\">\n\t\t\t\t\t<h2 class=\"elementor-heading-title elementor-size-default\">POLITYKA JAKO\u015aCI GRUPY MASTER-SPORT Automobiltechnik (MS) GmbH<\/h2>\t\t\t\t<\/div>\n\t\t\t\t<\/div>\n\t\t\t\t<div class=\"elementor-element elementor-element-b658e03 elementor-widget elementor-widget-text-editor\" data-id=\"b658e03\" data-element_type=\"widget\" data-e-type=\"widget\" data-widget_type=\"text-editor.default\">\n\t\t\t\t<div class=\"elementor-widget-container\">\n\t\t\t\t\t\t\t\t\t<p>Celem naszej dzia\u0142alno\u015bci jest projektowanie, produkcja i dystrybucja samochodowych cz\u0119\u015bci zamiennych i akcesori\u00f3w oraz ich doskonalenie przy r\u00f3wnoczesnym poszerzaniu udzia\u0142u w mi\u0119dzynarodowym rynku cz\u0119\u015bci zamiennych bran\u017cy motoryzacyjnej.<\/p><hr class=\"wp-block-separator has-text-color has-background has-white-background-color has-white-color\" \/><p>Zobowi\u0105zaniem naszego dzia\u0142ania jest zagwarantowanie rzetelnej realizacji zawieranych um\u00f3w i sta\u0142ego d\u0105\u017cenia do podnoszenia jako\u015bci \u015bwiadczonych us\u0142ug i proces\u00f3w przy doskonaleniu systemu zarz\u0105dzania jako\u015bci\u0105 i jednoczesnym zapewnieniu podmiotom Grupy MASTER-SPORT i jej systemowych partner\u00f3w<br \/>stabilnego rozwoju.<\/p>\t\t\t\t\t\t\t\t<\/div>\n\t\t\t\t<\/div>\n\t\t\t\t<div class=\"elementor-element elementor-element-6f3c618 elementor-widget elementor-widget-heading\" data-id=\"6f3c618\" data-element_type=\"widget\" data-e-type=\"widget\" data-widget_type=\"heading.default\">\n\t\t\t\t<div class=\"elementor-widget-container\">\n\t\t\t\t\t<h2 class=\"elementor-heading-title elementor-size-default\">NINIEJSZ\u0104 POLITYK\u0118 JAKO\u015aCI REALIZUJEMY PRZEZ:<\/h2>\t\t\t\t<\/div>\n\t\t\t\t<\/div>\n\t\t\t\t<div class=\"elementor-element elementor-element-f8efaf3 elementor-widget elementor-widget-text-editor\" data-id=\"f8efaf3\" data-element_type=\"widget\" data-e-type=\"widget\" data-widget_type=\"text-editor.default\">\n\t\t\t\t<div class=\"elementor-widget-container\">\n\t\t\t\t\t\t\t\t\t<p>\u25cf Identyfikowanie i zrozumienie zainteresowanych stron zwi\u0105zanych z funkcjonowaniem naszej organizacji<br \/>\u25cf Dok\u0142adne i nieustanne identyfikowanie potrzeb Klient\u00f3w i badanie nowych rynk\u00f3w, zachowa\u0144 konkurencji<br \/>\u25cf Reagowanie na wszystkie sygna\u0142y p\u0142yn\u0105ce od Klient\u00f3w i Partner\u00f3w<br \/>\u25cf Analiz\u0119 ryzyk \/ szans odnosz\u0105cych si\u0119 do realizacji proces\u00f3w, cel\u00f3w oraz ich nast\u0119pstw<br \/>\u25cf D\u0105\u017cenie do uzyskania optymalnej ceny oferowanych produkt\u00f3w przy r\u00f3wnoczesnym zapewnieniu wysokiej ich jako\u015bci<br \/>\u25cf Zapewnienie kompleksowo\u015bci dostaw<br \/>\u25cf Ci\u0105g\u0142e poszukiwanie i ocena dostawc\u00f3w<br \/>\u25cf Wsp\u00f3\u0142praca oraz wspieranie techniczne i marketingowe naszych<br \/>\u25cf Klient\u00f3w i Partner\u00f3w systemowych<br \/>\u25cf Uwzgl\u0119dnianie uwarunkowa\u0144 mi\u0119dzynarodowych wp\u0142ywaj\u0105cych na rynek naszych produkt\u00f3w<br \/>\u25cf Wykorzystywanie systemowych zasad wsp\u00f3\u0142pracy w Grupie do ci\u0105g\u0142ego doskonalenia wyrob\u00f3w, proces\u00f3w i systemu<br \/>\u25cf Zrozumienie Polityki i dost\u0119p dla zainteresowanych stron<\/p><p>\u00a0<\/p><p>Gwarancj\u0105 realizacji Polityki Jako\u015bci Firmy jest wdro\u017cony i rozwijany wsp\u00f3lny z Oddzia\u0142em w Polsce System Zarz\u0105dzania Jako\u015bci\u0105 oparty o wymagania normy ISO 9001:2015 i jego oddzia\u0142ywanie na podmiot zale\u017cny i wsp\u00f3\u0142pracuj\u0105cy w Polsce tj. MASTER-SPORT \u2013 AUTOMOBILTECHNIK \/MS\/ PRODUCTION \u2013 DISTRIBUTION CENTER.<\/p><hr class=\"wp-block-separator has-text-color has-background has-white-background-color has-white-color\" \/><p>Prezes Zarz\u0105du<\/p><p>Wies\u0142aw Rutka<\/p><p>\u00a0<\/p>\t\t\t\t\t\t\t\t<\/div>\n\t\t\t\t<\/div>\n\t\t\t\t<\/div>\n\t\t\t\t\t<\/div>\n\t\t\t\t<\/div>\n\t\t\t\t<\/div>\n\t\t","protected":false},"excerpt":{"rendered":"<p>polityka jako\u015bci Monachium dn. 26.10.2021r. POLITYKA JAKO\u015aCI GRUPY MASTER-SPORT Automobiltechnik (MS) GmbH Celem naszej dzia\u0142alno\u015bci jest projektowanie, produkcja i dystrybucja samochodowych cz\u0119\u015bci zamiennych i akcesori\u00f3w oraz ich doskonalenie przy r\u00f3wnoczesnym poszerzaniu udzia\u0142u w mi\u0119dzynarodowym rynku cz\u0119\u015bci zamiennych bran\u017cy motoryzacyjnej. Zobowi\u0105zaniem naszego dzia\u0142ania jest zagwarantowanie rzetelnej realizacji zawieranych um\u00f3w i sta\u0142ego d\u0105\u017cenia do podnoszenia jako\u015bci \u015bwiadczonych us\u0142ug i proces\u00f3w przy doskonaleniu systemu zarz\u0105dzania jako\u015bci\u0105 i jednoczesnym zapewnieniu podmiotom Grupy MASTER-SPORT i jej systemowych partner\u00f3wstabilnego rozwoju. NINIEJSZ\u0104 POLITYK\u0118 JAKO\u015aCI REALIZUJEMY PRZEZ: \u25cf Identyfikowanie i zrozumienie zainteresowanych stron zwi\u0105zanych z funkcjonowaniem naszej organizacji\u25cf Dok\u0142adne i nieustanne identyfikowanie potrzeb Klient\u00f3w i badanie nowych rynk\u00f3w, zachowa\u0144 konkurencji\u25cf Reagowanie na wszystkie sygna\u0142y p\u0142yn\u0105ce od Klient\u00f3w i Partner\u00f3w\u25cf Analiz\u0119 ryzyk \/ szans odnosz\u0105cych si\u0119 do realizacji proces\u00f3w, cel\u00f3w oraz ich nast\u0119pstw\u25cf D\u0105\u017cenie do uzyskania optymalnej ceny oferowanych produkt\u00f3w przy r\u00f3wnoczesnym zapewnieniu wysokiej ich jako\u015bci\u25cf Zapewnienie kompleksowo\u015bci dostaw\u25cf Ci\u0105g\u0142e poszukiwanie i ocena dostawc\u00f3w\u25cf Wsp\u00f3\u0142praca oraz wspieranie techniczne i marketingowe naszych\u25cf Klient\u00f3w i Partner\u00f3w systemowych\u25cf Uwzgl\u0119dnianie uwarunkowa\u0144 mi\u0119dzynarodowych wp\u0142ywaj\u0105cych na rynek naszych produkt\u00f3w\u25cf Wykorzystywanie systemowych zasad wsp\u00f3\u0142pracy w Grupie do ci\u0105g\u0142ego doskonalenia wyrob\u00f3w, proces\u00f3w i systemu\u25cf Zrozumienie Polityki i dost\u0119p dla zainteresowanych stron \u00a0 Gwarancj\u0105 realizacji Polityki Jako\u015bci Firmy jest wdro\u017cony i rozwijany wsp\u00f3lny z Oddzia\u0142em w Polsce System Zarz\u0105dzania Jako\u015bci\u0105 oparty o wymagania normy ISO 9001:2015 i jego oddzia\u0142ywanie na podmiot zale\u017cny i wsp\u00f3\u0142pracuj\u0105cy w Polsce tj. MASTER-SPORT \u2013 AUTOMOBILTECHNIK \/MS\/ PRODUCTION \u2013 DISTRIBUTION CENTER. Prezes Zarz\u0105du Wies\u0142aw Rutka \u00a0<\/p>\n","protected":false},"author":1,"featured_media":0,"parent":0,"menu_order":0,"comment_status":"closed","ping_status":"closed","template":"","meta":{"footnotes":""},"class_list":["post-84","page","type-page","status-publish","hentry"],"yoast_head":"<!-- This site is optimized with the Yoast SEO plugin v23.5 - https:\/\/yoast.com\/wordpress\/plugins\/seo\/ -->\n<title>Polityka Jako\u015bci | MasterSport<\/title>\n<meta name=\"description\" content=\"Master-Sport: Producent wysokiej jako\u015bci cz\u0119\u015bci samochodowych i rozwi\u0105za\u0144 motoryzacyjnych. Sprawd\u017a nasz\u0105 ofert\u0119 produkt\u00f3w OEM oraz akcesori\u00f3w dla r\u00f3\u017cnych marek i modeli aut. Jako\u015b\u0107 i niezawodno\u015b\u0107 gwarantowane!\" \/>\n<meta name=\"robots\" content=\"index, follow, max-snippet:-1, max-image-preview:large, max-video-preview:-1\" \/>\n<link rel=\"canonical\" href=\"https:\/\/www.master-sport.de\/polityka-jakosci\/\" \/>\n<meta property=\"og:locale\" content=\"pl_PL\" \/>\n<meta property=\"og:type\" content=\"article\" \/>\n<meta property=\"og:title\" content=\"Polityka Jako\u015bci | MasterSport\" \/>\n<meta property=\"og:description\" content=\"Master-Sport: Producent wysokiej jako\u015bci cz\u0119\u015bci samochodowych i rozwi\u0105za\u0144 motoryzacyjnych. Sprawd\u017a nasz\u0105 ofert\u0119 produkt\u00f3w OEM oraz akcesori\u00f3w dla r\u00f3\u017cnych marek i modeli aut. Jako\u015b\u0107 i niezawodno\u015b\u0107 gwarantowane!\" \/>\n<meta property=\"og:url\" content=\"https:\/\/www.master-sport.de\/polityka-jakosci\/\" \/>\n<meta property=\"og:site_name\" content=\"MasterSport\" \/>\n<meta property=\"article:modified_time\" content=\"2024-08-31T08:54:36+00:00\" \/>\n<meta property=\"og:image\" content=\"https:\/\/www.master-sport.de\/wp-content\/uploads\/2024\/08\/LOGO-2.jpg\" \/>\n\t<meta property=\"og:image:width\" content=\"300\" \/>\n\t<meta property=\"og:image:height\" content=\"300\" \/>\n\t<meta property=\"og:image:type\" content=\"image\/jpeg\" \/>\n<meta name=\"twitter:card\" content=\"summary_large_image\" \/>\n<meta name=\"twitter:label1\" content=\"Szacowany czas czytania\" \/>\n\t<meta name=\"twitter:data1\" content=\"2 minuty\" \/>\n<script type=\"application\/ld+json\" class=\"yoast-schema-graph\">{\"@context\":\"https:\/\/schema.org\",\"@graph\":[{\"@type\":\"WebPage\",\"@id\":\"https:\/\/www.master-sport.de\/polityka-jakosci\/\",\"url\":\"https:\/\/www.master-sport.de\/polityka-jakosci\/\",\"name\":\"Polityka Jako\u015bci | MasterSport\",\"isPartOf\":{\"@id\":\"https:\/\/www.master-sport.de\/#website\"},\"datePublished\":\"2024-08-27T08:51:46+00:00\",\"dateModified\":\"2024-08-31T08:54:36+00:00\",\"description\":\"Master-Sport: Producent wysokiej jako\u015bci cz\u0119\u015bci samochodowych i rozwi\u0105za\u0144 motoryzacyjnych. Sprawd\u017a nasz\u0105 ofert\u0119 produkt\u00f3w OEM oraz akcesori\u00f3w dla r\u00f3\u017cnych marek i modeli aut. Jako\u015b\u0107 i niezawodno\u015b\u0107 gwarantowane!\",\"breadcrumb\":{\"@id\":\"https:\/\/www.master-sport.de\/polityka-jakosci\/#breadcrumb\"},\"inLanguage\":\"pl-PL\",\"potentialAction\":[{\"@type\":\"ReadAction\",\"target\":[\"https:\/\/www.master-sport.de\/polityka-jakosci\/\"]}]},{\"@type\":\"BreadcrumbList\",\"@id\":\"https:\/\/www.master-sport.de\/polityka-jakosci\/#breadcrumb\",\"itemListElement\":[{\"@type\":\"ListItem\",\"position\":1,\"name\":\"Strona g\u0142\u00f3wna\",\"item\":\"https:\/\/www.master-sport.de\/pl\/\"},{\"@type\":\"ListItem\",\"position\":2,\"name\":\"Polityka Jako\u015bci\"}]},{\"@type\":\"WebSite\",\"@id\":\"https:\/\/www.master-sport.de\/#website\",\"url\":\"https:\/\/www.master-sport.de\/\",\"name\":\"MasterSport\",\"description\":\"\",\"publisher\":{\"@id\":\"https:\/\/www.master-sport.de\/#organization\"},\"potentialAction\":[{\"@type\":\"SearchAction\",\"target\":{\"@type\":\"EntryPoint\",\"urlTemplate\":\"https:\/\/www.master-sport.de\/?s={search_term_string}\"},\"query-input\":{\"@type\":\"PropertyValueSpecification\",\"valueRequired\":true,\"valueName\":\"search_term_string\"}}],\"inLanguage\":\"pl-PL\"},{\"@type\":\"Organization\",\"@id\":\"https:\/\/www.master-sport.de\/#organization\",\"name\":\"MasterSport\",\"url\":\"https:\/\/www.master-sport.de\/\",\"logo\":{\"@type\":\"ImageObject\",\"inLanguage\":\"pl-PL\",\"@id\":\"https:\/\/www.master-sport.de\/#\/schema\/logo\/image\/\",\"url\":\"https:\/\/www.master-sport.de\/wp-content\/uploads\/2025\/03\/logo_nowe_rgb.png\",\"contentUrl\":\"https:\/\/www.master-sport.de\/wp-content\/uploads\/2025\/03\/logo_nowe_rgb.png\",\"width\":3044,\"height\":1274,\"caption\":\"MasterSport\"},\"image\":{\"@id\":\"https:\/\/www.master-sport.de\/#\/schema\/logo\/image\/\"}}]}<\/script>\n<!-- \/ Yoast SEO plugin. -->","yoast_head_json":{"title":"Polityka Jako\u015bci | MasterSport","description":"Master-Sport: Producent wysokiej jako\u015bci cz\u0119\u015bci samochodowych i rozwi\u0105za\u0144 motoryzacyjnych. Sprawd\u017a nasz\u0105 ofert\u0119 produkt\u00f3w OEM oraz akcesori\u00f3w dla r\u00f3\u017cnych marek i modeli aut. Jako\u015b\u0107 i niezawodno\u015b\u0107 gwarantowane!","robots":{"index":"index","follow":"follow","max-snippet":"max-snippet:-1","max-image-preview":"max-image-preview:large","max-video-preview":"max-video-preview:-1"},"canonical":"https:\/\/www.master-sport.de\/polityka-jakosci\/","og_locale":"pl_PL","og_type":"article","og_title":"Polityka Jako\u015bci | MasterSport","og_description":"Master-Sport: Producent wysokiej jako\u015bci cz\u0119\u015bci samochodowych i rozwi\u0105za\u0144 motoryzacyjnych. Sprawd\u017a nasz\u0105 ofert\u0119 produkt\u00f3w OEM oraz akcesori\u00f3w dla r\u00f3\u017cnych marek i modeli aut. Jako\u015b\u0107 i niezawodno\u015b\u0107 gwarantowane!","og_url":"https:\/\/www.master-sport.de\/polityka-jakosci\/","og_site_name":"MasterSport","article_modified_time":"2024-08-31T08:54:36+00:00","og_image":[{"width":300,"height":300,"url":"https:\/\/www.master-sport.de\/wp-content\/uploads\/2024\/08\/LOGO-2.jpg","type":"image\/jpeg"}],"twitter_card":"summary_large_image","twitter_misc":{"Szacowany czas czytania":"2 minuty"},"schema":{"@context":"https:\/\/schema.org","@graph":[{"@type":"WebPage","@id":"https:\/\/www.master-sport.de\/polityka-jakosci\/","url":"https:\/\/www.master-sport.de\/polityka-jakosci\/","name":"Polityka Jako\u015bci | MasterSport","isPartOf":{"@id":"https:\/\/www.master-sport.de\/#website"},"datePublished":"2024-08-27T08:51:46+00:00","dateModified":"2024-08-31T08:54:36+00:00","description":"Master-Sport: Producent wysokiej jako\u015bci cz\u0119\u015bci samochodowych i rozwi\u0105za\u0144 motoryzacyjnych. Sprawd\u017a nasz\u0105 ofert\u0119 produkt\u00f3w OEM oraz akcesori\u00f3w dla r\u00f3\u017cnych marek i modeli aut. Jako\u015b\u0107 i niezawodno\u015b\u0107 gwarantowane!","breadcrumb":{"@id":"https:\/\/www.master-sport.de\/polityka-jakosci\/#breadcrumb"},"inLanguage":"pl-PL","potentialAction":[{"@type":"ReadAction","target":["https:\/\/www.master-sport.de\/polityka-jakosci\/"]}]},{"@type":"BreadcrumbList","@id":"https:\/\/www.master-sport.de\/polityka-jakosci\/#breadcrumb","itemListElement":[{"@type":"ListItem","position":1,"name":"Strona g\u0142\u00f3wna","item":"https:\/\/www.master-sport.de\/pl\/"},{"@type":"ListItem","position":2,"name":"Polityka Jako\u015bci"}]},{"@type":"WebSite","@id":"https:\/\/www.master-sport.de\/#website","url":"https:\/\/www.master-sport.de\/","name":"MasterSport","description":"","publisher":{"@id":"https:\/\/www.master-sport.de\/#organization"},"potentialAction":[{"@type":"SearchAction","target":{"@type":"EntryPoint","urlTemplate":"https:\/\/www.master-sport.de\/?s={search_term_string}"},"query-input":{"@type":"PropertyValueSpecification","valueRequired":true,"valueName":"search_term_string"}}],"inLanguage":"pl-PL"},{"@type":"Organization","@id":"https:\/\/www.master-sport.de\/#organization","name":"MasterSport","url":"https:\/\/www.master-sport.de\/","logo":{"@type":"ImageObject","inLanguage":"pl-PL","@id":"https:\/\/www.master-sport.de\/#\/schema\/logo\/image\/","url":"https:\/\/www.master-sport.de\/wp-content\/uploads\/2025\/03\/logo_nowe_rgb.png","contentUrl":"https:\/\/www.master-sport.de\/wp-content\/uploads\/2025\/03\/logo_nowe_rgb.png","width":3044,"height":1274,"caption":"MasterSport"},"image":{"@id":"https:\/\/www.master-sport.de\/#\/schema\/logo\/image\/"}}]}},"_links":{"self":[{"href":"https:\/\/www.master-sport.de\/pl\/wp-json\/wp\/v2\/pages\/84","targetHints":{"allow":["GET"]}}],"collection":[{"href":"https:\/\/www.master-sport.de\/pl\/wp-json\/wp\/v2\/pages"}],"about":[{"href":"https:\/\/www.master-sport.de\/pl\/wp-json\/wp\/v2\/types\/page"}],"author":[{"embeddable":true,"href":"https:\/\/www.master-sport.de\/pl\/wp-json\/wp\/v2\/users\/1"}],"replies":[{"embeddable":true,"href":"https:\/\/www.master-sport.de\/pl\/wp-json\/wp\/v2\/comments?post=84"}],"version-history":[{"count":0,"href":"https:\/\/www.master-sport.de\/pl\/wp-json\/wp\/v2\/pages\/84\/revisions"}],"wp:attachment":[{"href":"https:\/\/www.master-sport.de\/pl\/wp-json\/wp\/v2\/media?parent=84"}],"curies":[{"name":"wp","href":"https:\/\/api.w.org\/{rel}","templated":true}]}}