{"id":15480,"date":"2024-08-27T08:50:46","date_gmt":"2024-08-27T08:50:46","guid":{"rendered":"https:\/\/www.master-sport.de\/%d0%bd%d0%be%d0%b2%d1%96-%d1%96%d0%bd%d0%b2%d0%b5%d1%81%d1%82%d0%b8%d1%86%d1%96%d1%97\/"},"modified":"2024-09-01T17:44:44","modified_gmt":"2024-09-01T17:44:44","slug":"%d0%bd%d0%be%d0%b2%d1%96-%d1%96%d0%bd%d0%b2%d0%b5%d1%81%d1%82%d0%b8%d1%86%d1%96%d1%97","status":"publish","type":"page","link":"https:\/\/www.master-sport.de\/uk\/%d0%bd%d0%be%d0%b2%d1%96-%d1%96%d0%bd%d0%b2%d0%b5%d1%81%d1%82%d0%b8%d1%86%d1%96%d1%97\/","title":{"rendered":"\u041d\u043e\u0432\u0456 \u0456\u043d\u0432\u0435\u0441\u0442\u0438\u0446\u0456\u0457"},"content":{"rendered":"\t\t<div data-elementor-type=\"wp-page\" data-elementor-id=\"15480\" class=\"elementor elementor-15480 elementor-73\" data-elementor-post-type=\"page\">\n\t\t\t\t\t\t<section class=\"elementor-section elementor-top-section elementor-element elementor-element-4342a845 elementor-section-height-min-height elementor-section-boxed elementor-section-height-default elementor-section-items-middle wpr-particle-no wpr-jarallax-no wpr-parallax-no wpr-sticky-section-no wpr-equal-height-no\" data-id=\"4342a845\" data-element_type=\"section\" data-e-type=\"section\" data-settings=\"{&quot;background_background&quot;:&quot;classic&quot;,&quot;shape_divider_bottom&quot;:&quot;tilt&quot;}\">\n\t\t\t\t\t\t\t<div class=\"elementor-background-overlay\"><\/div>\n\t\t\t\t\t\t<div class=\"elementor-shape elementor-shape-bottom\" aria-hidden=\"true\" data-negative=\"false\">\n\t\t\t<svg xmlns=\"http:\/\/www.w3.org\/2000\/svg\" viewBox=\"0 0 1000 100\" preserveAspectRatio=\"none\">\n\t<path class=\"elementor-shape-fill\" d=\"M0,6V0h1000v100L0,6z\"\/>\n<\/svg>\t\t<\/div>\n\t\t\t\t\t<div class=\"elementor-container elementor-column-gap-default\">\n\t\t\t\t\t<div class=\"elementor-column elementor-col-100 elementor-top-column elementor-element elementor-element-64958f27\" data-id=\"64958f27\" data-element_type=\"column\" data-e-type=\"column\">\n\t\t\t<div class=\"elementor-widget-wrap elementor-element-populated\">\n\t\t\t\t\t\t<div class=\"elementor-element elementor-element-267f7644 elementor-widget elementor-widget-heading\" data-id=\"267f7644\" data-element_type=\"widget\" data-e-type=\"widget\" data-widget_type=\"heading.default\">\n\t\t\t\t<div class=\"elementor-widget-container\">\n\t\t\t\t\t<h1 class=\"elementor-heading-title elementor-size-default\">\u0406\u043d\u0432\u0435\u0441\u0442\u0438\u0446\u0456\u0457<\/h1>\t\t\t\t<\/div>\n\t\t\t\t<\/div>\n\t\t\t\t\t<\/div>\n\t\t<\/div>\n\t\t\t\t\t<\/div>\n\t\t<\/section>\n\t\t<div class=\"elementor-element elementor-element-64e4d01 e-flex e-con-boxed wpr-particle-no wpr-jarallax-no wpr-parallax-no wpr-sticky-section-no wpr-equal-height-no e-con e-parent\" data-id=\"64e4d01\" data-element_type=\"container\" data-e-type=\"container\">\n\t\t\t\t\t<div class=\"e-con-inner\">\n\t\t\t\t<div class=\"elementor-element elementor-element-4244985 elementor-widget elementor-widget-video\" data-id=\"4244985\" data-element_type=\"widget\" data-e-type=\"widget\" data-settings=\"{&quot;youtube_url&quot;:&quot;https:\\\/\\\/youtu.be\\\/6e7dRW4PqE0&quot;,&quot;video_type&quot;:&quot;youtube&quot;,&quot;controls&quot;:&quot;yes&quot;}\" data-widget_type=\"video.default\">\n\t\t\t\t<div class=\"elementor-widget-container\">\n\t\t\t\t\t\t\t<div class=\"elementor-wrapper elementor-open-inline\">\n\t\t\t<div class=\"elementor-video\"><\/div>\t\t<\/div>\n\t\t\t\t\t\t<\/div>\n\t\t\t\t<\/div>\n\t\t\t\t\t<\/div>\n\t\t\t\t<\/div>\n\t\t\t\t<\/div>\n\t\t","protected":false},"excerpt":{"rendered":"<p>\u0406\u043d\u0432\u0435\u0441\u0442\u0438\u0446\u0456\u0457<\/p>\n","protected":false},"author":1,"featured_media":0,"parent":0,"menu_order":0,"comment_status":"closed","ping_status":"closed","template":"","meta":{"footnotes":""},"class_list":["post-15480","page","type-page","status-publish","hentry"],"yoast_head":"<!-- This site is optimized with the Yoast SEO plugin v23.5 - https:\/\/yoast.com\/wordpress\/plugins\/seo\/ -->\n<title>\u041d\u043e\u0432\u0456 \u0456\u043d\u0432\u0435\u0441\u0442\u0438\u0446\u0456\u0457 | MasterSport<\/title>\n<meta name=\"description\" content=\"Master-Sport: Producent wysokiej jako\u015bci cz\u0119\u015bci samochodowych i rozwi\u0105za\u0144 motoryzacyjnych. Sprawd\u017a nasz\u0105 ofert\u0119 produkt\u00f3w OEM oraz akcesori\u00f3w dla r\u00f3\u017cnych marek i modeli aut. Jako\u015b\u0107 i niezawodno\u015b\u0107 gwarantowane!\" \/>\n<meta name=\"robots\" content=\"index, follow, max-snippet:-1, max-image-preview:large, max-video-preview:-1\" \/>\n<link rel=\"canonical\" href=\"https:\/\/www.master-sport.de\/uk\/\u043d\u043e\u0432\u0456-\u0456\u043d\u0432\u0435\u0441\u0442\u0438\u0446\u0456\u0457\/\" \/>\n<meta property=\"og:locale\" content=\"uk_UA\" \/>\n<meta property=\"og:type\" content=\"article\" \/>\n<meta property=\"og:title\" content=\"\u041d\u043e\u0432\u0456 \u0456\u043d\u0432\u0435\u0441\u0442\u0438\u0446\u0456\u0457 | MasterSport\" \/>\n<meta property=\"og:description\" content=\"Master-Sport: Producent wysokiej jako\u015bci cz\u0119\u015bci samochodowych i rozwi\u0105za\u0144 motoryzacyjnych. Sprawd\u017a nasz\u0105 ofert\u0119 produkt\u00f3w OEM oraz akcesori\u00f3w dla r\u00f3\u017cnych marek i modeli aut. Jako\u015b\u0107 i niezawodno\u015b\u0107 gwarantowane!\" \/>\n<meta property=\"og:url\" content=\"https:\/\/www.master-sport.de\/uk\/\u043d\u043e\u0432\u0456-\u0456\u043d\u0432\u0435\u0441\u0442\u0438\u0446\u0456\u0457\/\" \/>\n<meta property=\"og:site_name\" content=\"MasterSport\" \/>\n<meta property=\"article:modified_time\" content=\"2024-09-01T17:44:44+00:00\" \/>\n<meta property=\"og:image\" content=\"https:\/\/www.master-sport.de\/wp-content\/uploads\/2024\/08\/LOGO-2.jpg\" \/>\n\t<meta property=\"og:image:width\" content=\"300\" \/>\n\t<meta property=\"og:image:height\" content=\"300\" \/>\n\t<meta property=\"og:image:type\" content=\"image\/jpeg\" \/>\n<meta name=\"twitter:card\" content=\"summary_large_image\" \/>\n<script type=\"application\/ld+json\" class=\"yoast-schema-graph\">{\"@context\":\"https:\/\/schema.org\",\"@graph\":[{\"@type\":\"WebPage\",\"@id\":\"https:\/\/www.master-sport.de\/uk\/%d0%bd%d0%be%d0%b2%d1%96-%d1%96%d0%bd%d0%b2%d0%b5%d1%81%d1%82%d0%b8%d1%86%d1%96%d1%97\/\",\"url\":\"https:\/\/www.master-sport.de\/uk\/%d0%bd%d0%be%d0%b2%d1%96-%d1%96%d0%bd%d0%b2%d0%b5%d1%81%d1%82%d0%b8%d1%86%d1%96%d1%97\/\",\"name\":\"\u041d\u043e\u0432\u0456 \u0456\u043d\u0432\u0435\u0441\u0442\u0438\u0446\u0456\u0457 | MasterSport\",\"isPartOf\":{\"@id\":\"https:\/\/www.master-sport.de\/#website\"},\"datePublished\":\"2024-08-27T08:50:46+00:00\",\"dateModified\":\"2024-09-01T17:44:44+00:00\",\"description\":\"Master-Sport: Producent wysokiej jako\u015bci cz\u0119\u015bci samochodowych i rozwi\u0105za\u0144 motoryzacyjnych. Sprawd\u017a nasz\u0105 ofert\u0119 produkt\u00f3w OEM oraz akcesori\u00f3w dla r\u00f3\u017cnych marek i modeli aut. Jako\u015b\u0107 i niezawodno\u015b\u0107 gwarantowane!\",\"breadcrumb\":{\"@id\":\"https:\/\/www.master-sport.de\/uk\/%d0%bd%d0%be%d0%b2%d1%96-%d1%96%d0%bd%d0%b2%d0%b5%d1%81%d1%82%d0%b8%d1%86%d1%96%d1%97\/#breadcrumb\"},\"inLanguage\":\"uk\",\"potentialAction\":[{\"@type\":\"ReadAction\",\"target\":[\"https:\/\/www.master-sport.de\/uk\/%d0%bd%d0%be%d0%b2%d1%96-%d1%96%d0%bd%d0%b2%d0%b5%d1%81%d1%82%d0%b8%d1%86%d1%96%d1%97\/\"]}]},{\"@type\":\"BreadcrumbList\",\"@id\":\"https:\/\/www.master-sport.de\/uk\/%d0%bd%d0%be%d0%b2%d1%96-%d1%96%d0%bd%d0%b2%d0%b5%d1%81%d1%82%d0%b8%d1%86%d1%96%d1%97\/#breadcrumb\",\"itemListElement\":[{\"@type\":\"ListItem\",\"position\":1,\"name\":\"Strona g\u0142\u00f3wna\",\"item\":\"https:\/\/www.master-sport.de\/pl\/\"},{\"@type\":\"ListItem\",\"position\":2,\"name\":\"\u041d\u043e\u0432\u0456 \u0456\u043d\u0432\u0435\u0441\u0442\u0438\u0446\u0456\u0457\"}]},{\"@type\":\"WebSite\",\"@id\":\"https:\/\/www.master-sport.de\/#website\",\"url\":\"https:\/\/www.master-sport.de\/\",\"name\":\"MasterSport\",\"description\":\"\",\"publisher\":{\"@id\":\"https:\/\/www.master-sport.de\/#organization\"},\"potentialAction\":[{\"@type\":\"SearchAction\",\"target\":{\"@type\":\"EntryPoint\",\"urlTemplate\":\"https:\/\/www.master-sport.de\/?s={search_term_string}\"},\"query-input\":{\"@type\":\"PropertyValueSpecification\",\"valueRequired\":true,\"valueName\":\"search_term_string\"}}],\"inLanguage\":\"uk\"},{\"@type\":\"Organization\",\"@id\":\"https:\/\/www.master-sport.de\/#organization\",\"name\":\"MasterSport\",\"url\":\"https:\/\/www.master-sport.de\/\",\"logo\":{\"@type\":\"ImageObject\",\"inLanguage\":\"uk\",\"@id\":\"https:\/\/www.master-sport.de\/#\/schema\/logo\/image\/\",\"url\":\"https:\/\/www.master-sport.de\/wp-content\/uploads\/2025\/03\/logo_nowe_rgb.png\",\"contentUrl\":\"https:\/\/www.master-sport.de\/wp-content\/uploads\/2025\/03\/logo_nowe_rgb.png\",\"width\":3044,\"height\":1274,\"caption\":\"MasterSport\"},\"image\":{\"@id\":\"https:\/\/www.master-sport.de\/#\/schema\/logo\/image\/\"}}]}<\/script>\n<!-- \/ Yoast SEO plugin. -->","yoast_head_json":{"title":"\u041d\u043e\u0432\u0456 \u0456\u043d\u0432\u0435\u0441\u0442\u0438\u0446\u0456\u0457 | MasterSport","description":"Master-Sport: Producent wysokiej jako\u015bci cz\u0119\u015bci samochodowych i rozwi\u0105za\u0144 motoryzacyjnych. Sprawd\u017a nasz\u0105 ofert\u0119 produkt\u00f3w OEM oraz akcesori\u00f3w dla r\u00f3\u017cnych marek i modeli aut. Jako\u015b\u0107 i niezawodno\u015b\u0107 gwarantowane!","robots":{"index":"index","follow":"follow","max-snippet":"max-snippet:-1","max-image-preview":"max-image-preview:large","max-video-preview":"max-video-preview:-1"},"canonical":"https:\/\/www.master-sport.de\/uk\/\u043d\u043e\u0432\u0456-\u0456\u043d\u0432\u0435\u0441\u0442\u0438\u0446\u0456\u0457\/","og_locale":"uk_UA","og_type":"article","og_title":"\u041d\u043e\u0432\u0456 \u0456\u043d\u0432\u0435\u0441\u0442\u0438\u0446\u0456\u0457 | MasterSport","og_description":"Master-Sport: Producent wysokiej jako\u015bci cz\u0119\u015bci samochodowych i rozwi\u0105za\u0144 motoryzacyjnych. Sprawd\u017a nasz\u0105 ofert\u0119 produkt\u00f3w OEM oraz akcesori\u00f3w dla r\u00f3\u017cnych marek i modeli aut. Jako\u015b\u0107 i niezawodno\u015b\u0107 gwarantowane!","og_url":"https:\/\/www.master-sport.de\/uk\/\u043d\u043e\u0432\u0456-\u0456\u043d\u0432\u0435\u0441\u0442\u0438\u0446\u0456\u0457\/","og_site_name":"MasterSport","article_modified_time":"2024-09-01T17:44:44+00:00","og_image":[{"width":300,"height":300,"url":"https:\/\/www.master-sport.de\/wp-content\/uploads\/2024\/08\/LOGO-2.jpg","type":"image\/jpeg"}],"twitter_card":"summary_large_image","schema":{"@context":"https:\/\/schema.org","@graph":[{"@type":"WebPage","@id":"https:\/\/www.master-sport.de\/uk\/%d0%bd%d0%be%d0%b2%d1%96-%d1%96%d0%bd%d0%b2%d0%b5%d1%81%d1%82%d0%b8%d1%86%d1%96%d1%97\/","url":"https:\/\/www.master-sport.de\/uk\/%d0%bd%d0%be%d0%b2%d1%96-%d1%96%d0%bd%d0%b2%d0%b5%d1%81%d1%82%d0%b8%d1%86%d1%96%d1%97\/","name":"\u041d\u043e\u0432\u0456 \u0456\u043d\u0432\u0435\u0441\u0442\u0438\u0446\u0456\u0457 | MasterSport","isPartOf":{"@id":"https:\/\/www.master-sport.de\/#website"},"datePublished":"2024-08-27T08:50:46+00:00","dateModified":"2024-09-01T17:44:44+00:00","description":"Master-Sport: Producent wysokiej jako\u015bci cz\u0119\u015bci samochodowych i rozwi\u0105za\u0144 motoryzacyjnych. Sprawd\u017a nasz\u0105 ofert\u0119 produkt\u00f3w OEM oraz akcesori\u00f3w dla r\u00f3\u017cnych marek i modeli aut. Jako\u015b\u0107 i niezawodno\u015b\u0107 gwarantowane!","breadcrumb":{"@id":"https:\/\/www.master-sport.de\/uk\/%d0%bd%d0%be%d0%b2%d1%96-%d1%96%d0%bd%d0%b2%d0%b5%d1%81%d1%82%d0%b8%d1%86%d1%96%d1%97\/#breadcrumb"},"inLanguage":"uk","potentialAction":[{"@type":"ReadAction","target":["https:\/\/www.master-sport.de\/uk\/%d0%bd%d0%be%d0%b2%d1%96-%d1%96%d0%bd%d0%b2%d0%b5%d1%81%d1%82%d0%b8%d1%86%d1%96%d1%97\/"]}]},{"@type":"BreadcrumbList","@id":"https:\/\/www.master-sport.de\/uk\/%d0%bd%d0%be%d0%b2%d1%96-%d1%96%d0%bd%d0%b2%d0%b5%d1%81%d1%82%d0%b8%d1%86%d1%96%d1%97\/#breadcrumb","itemListElement":[{"@type":"ListItem","position":1,"name":"Strona g\u0142\u00f3wna","item":"https:\/\/www.master-sport.de\/pl\/"},{"@type":"ListItem","position":2,"name":"\u041d\u043e\u0432\u0456 \u0456\u043d\u0432\u0435\u0441\u0442\u0438\u0446\u0456\u0457"}]},{"@type":"WebSite","@id":"https:\/\/www.master-sport.de\/#website","url":"https:\/\/www.master-sport.de\/","name":"MasterSport","description":"","publisher":{"@id":"https:\/\/www.master-sport.de\/#organization"},"potentialAction":[{"@type":"SearchAction","target":{"@type":"EntryPoint","urlTemplate":"https:\/\/www.master-sport.de\/?s={search_term_string}"},"query-input":{"@type":"PropertyValueSpecification","valueRequired":true,"valueName":"search_term_string"}}],"inLanguage":"uk"},{"@type":"Organization","@id":"https:\/\/www.master-sport.de\/#organization","name":"MasterSport","url":"https:\/\/www.master-sport.de\/","logo":{"@type":"ImageObject","inLanguage":"uk","@id":"https:\/\/www.master-sport.de\/#\/schema\/logo\/image\/","url":"https:\/\/www.master-sport.de\/wp-content\/uploads\/2025\/03\/logo_nowe_rgb.png","contentUrl":"https:\/\/www.master-sport.de\/wp-content\/uploads\/2025\/03\/logo_nowe_rgb.png","width":3044,"height":1274,"caption":"MasterSport"},"image":{"@id":"https:\/\/www.master-sport.de\/#\/schema\/logo\/image\/"}}]}},"_links":{"self":[{"href":"https:\/\/www.master-sport.de\/uk\/wp-json\/wp\/v2\/pages\/15480","targetHints":{"allow":["GET"]}}],"collection":[{"href":"https:\/\/www.master-sport.de\/uk\/wp-json\/wp\/v2\/pages"}],"about":[{"href":"https:\/\/www.master-sport.de\/uk\/wp-json\/wp\/v2\/types\/page"}],"author":[{"embeddable":true,"href":"https:\/\/www.master-sport.de\/uk\/wp-json\/wp\/v2\/users\/1"}],"replies":[{"embeddable":true,"href":"https:\/\/www.master-sport.de\/uk\/wp-json\/wp\/v2\/comments?post=15480"}],"version-history":[{"count":0,"href":"https:\/\/www.master-sport.de\/uk\/wp-json\/wp\/v2\/pages\/15480\/revisions"}],"wp:attachment":[{"href":"https:\/\/www.master-sport.de\/uk\/wp-json\/wp\/v2\/media?parent=15480"}],"curies":[{"name":"wp","href":"https:\/\/api.w.org\/{rel}","templated":true}]}}