{"id":15589,"date":"2024-08-27T08:51:54","date_gmt":"2024-08-27T08:51:54","guid":{"rendered":"https:\/\/www.master-sport.de\/%d1%81%d0%bf%d0%be%d1%80%d1%82\/"},"modified":"2024-09-27T08:22:27","modified_gmt":"2024-09-27T08:22:27","slug":"%d1%81%d0%bf%d0%be%d1%80%d1%82","status":"publish","type":"page","link":"https:\/\/www.master-sport.de\/uk\/%d1%81%d0%bf%d0%be%d1%80%d1%82\/","title":{"rendered":"\u0421\u043f\u043e\u0440\u0442"},"content":{"rendered":"\t\t<div data-elementor-type=\"wp-page\" data-elementor-id=\"15589\" class=\"elementor elementor-15589 elementor-86\" data-elementor-post-type=\"page\">\n\t\t\t\t\t\t<section class=\"elementor-section elementor-top-section elementor-element elementor-element-d16e4b9 elementor-section-height-min-height elementor-section-boxed elementor-section-height-default elementor-section-items-middle wpr-particle-no wpr-jarallax-no wpr-parallax-no wpr-sticky-section-no\" data-id=\"d16e4b9\" data-element_type=\"section\" data-e-type=\"section\" data-settings=\"{&quot;background_background&quot;:&quot;classic&quot;,&quot;shape_divider_bottom&quot;:&quot;tilt&quot;}\">\n\t\t\t\t\t\t\t<div class=\"elementor-background-overlay\"><\/div>\n\t\t\t\t\t\t<div class=\"elementor-shape elementor-shape-bottom\" aria-hidden=\"true\" data-negative=\"false\">\n\t\t\t<svg xmlns=\"http:\/\/www.w3.org\/2000\/svg\" viewBox=\"0 0 1000 100\" preserveAspectRatio=\"none\">\n\t<path class=\"elementor-shape-fill\" d=\"M0,6V0h1000v100L0,6z\"\/>\n<\/svg>\t\t<\/div>\n\t\t\t\t\t<div class=\"elementor-container elementor-column-gap-default\">\n\t\t\t\t\t<div class=\"elementor-column elementor-col-100 elementor-top-column elementor-element elementor-element-51b19a5b\" data-id=\"51b19a5b\" data-element_type=\"column\" data-e-type=\"column\">\n\t\t\t<div class=\"elementor-widget-wrap elementor-element-populated\">\n\t\t\t\t\t\t<div class=\"elementor-element elementor-element-1816f7e4 elementor-widget elementor-widget-heading\" data-id=\"1816f7e4\" data-element_type=\"widget\" data-e-type=\"widget\" data-widget_type=\"heading.default\">\n\t\t\t\t<div class=\"elementor-widget-container\">\n\t\t\t\t\t<h1 class=\"elementor-heading-title elementor-size-default\">\u0441\u043f\u043e\u0440\u0442<\/h1>\t\t\t\t<\/div>\n\t\t\t\t<\/div>\n\t\t\t\t\t<\/div>\n\t\t<\/div>\n\t\t\t\t\t<\/div>\n\t\t<\/section>\n\t\t<div class=\"elementor-element elementor-element-ad5aa6b e-flex e-con-boxed wpr-particle-no wpr-jarallax-no wpr-parallax-no wpr-sticky-section-no e-con e-parent\" data-id=\"ad5aa6b\" data-element_type=\"container\" data-e-type=\"container\">\n\t\t\t\t\t<div class=\"e-con-inner\">\n\t\t\t\t<div class=\"elementor-element elementor-element-589d1d0 anwp-pg-widget-header-style--b anwp-pg-post-teaser__post-icon--size-16 elementor-widget elementor-widget-anwp-pg-simple-grid\" data-id=\"589d1d0\" data-element_type=\"widget\" data-e-type=\"widget\" data-widget_type=\"anwp-pg-simple-grid.default\">\n\t\t\t\t<div class=\"elementor-widget-container\">\n\t\t\t\t\t<div class=\"anwp-pg-wrap\">\n\n\t\n\t<div class=\"d-flex anwp-row flex-wrap anwp-pg-simple-grid anwp-pg-posts-wrapper anwp-pg-simple-grid__gutter-thick \">\n\t\t<div class=\"anwp-pg-post-teaser anwp-pg-post-teaser--layout-a anwp-col-lg-4 anwp-col-sm-6 anwp-col-12\">\n\t<div class=\"anwp-pg-post-teaser__thumbnail position-relative\">\n\n\t\t\n\t\t\t\t\t<img loading=\"lazy\" class=\"anwp-pg-post-teaser__thumbnail-img d-block anwp-pg-height-180 anwp-object-cover m-0 w-100\"\n\t\t\t\talt=\"\u0427\u0435\u043c\u043f\u0456\u043e\u043d \u0404\u0432\u0440\u043e\u043f\u0438 FiA &#8211; Master-Sport Partner [Video]\"\n\t\t\t\tsrc=\"https:\/\/www.master-sport.de\/wp-content\/uploads\/2024\/09\/DSC01955.jpg\" \/>\n\t\t\n\t\t<div class=\"anwp-pg-post-teaser__muted_bg\"><\/div>\n\t\t<div class=\"anwp-pg-post-teaser__thumbnail-bg anwp-position-cover\"><\/div>\n\n\t\t<div class=\"anwp-pg-post-teaser__content d-flex flex-column anwp-position-cover\">\n\t\t\t<div class=\"anwp-pg-post-teaser__top-meta d-flex mb-2\">\n\t\t\t\t\t\t\t<\/div>\n\n\t\t\t\t\t\t\t<div class=\"d-flex flex-column anwp-pg-post-teaser__category-column ml-auto\">\n\t\t\t\t\t<div class=\"anwp-pg-category__wrapper-filled px-2 d-flex align-items-center anwp-pg-post-teaser__category-wrapper align-self-end anwp-pg-category-parent-0\" style=\"background-color: #1565C0\"><span>Sport_uk<\/span><\/div>\t\t\t\t<\/div>\n\t\t\t\n\t\t\t<div class=\"anwp-pg-post-teaser__title anwp-font-heading mt-auto mb-1\">\n\t\t\t\t\u0427\u0435\u043c\u043f\u0456\u043e\u043d \u0404\u0432\u0440\u043e\u043f\u0438 FiA &#8211; Master-Sport Partner [Video]\t\t\t<\/div>\n\n\t\t\t\t\t\t\t<div class=\"anwp-pg-post-teaser__bottom-meta mt-1 position-relative mb-2\">\n\t\t\t\t\t<span class=\"posted-on m-0\"><span class=\"screen-reader-text\">Posted on<\/span><time class=\"anwp-pg-published\" datetime=\"2024-01-31T12:15:28+00:00\">31.01.2024<\/time><time class=\"anwp-pg-updated\" datetime=\"2024-09-29T18:39:32+00:00\">29.09.2024<\/time><\/span>\n\t\t\t\t<\/div>\n\t\t\t\t\t<\/div>\n\n\t\t<a class=\"anwp-position-cover anwp-link-without-effects\" href=\"https:\/\/www.master-sport.de\/uk\/%d1%87%d0%b5%d0%bc%d0%bf%d1%96%d0%be%d0%bd-%d1%94%d0%b2%d1%80%d0%be%d0%bf%d0%b8-fia-master-sport-partner-video\/\" aria-hidden=\"true\" ><\/a>\n\t<\/div>\n<\/div>\n<div class=\"anwp-pg-post-teaser anwp-pg-post-teaser--layout-a anwp-col-lg-4 anwp-col-sm-6 anwp-col-12\">\n\t<div class=\"anwp-pg-post-teaser__thumbnail position-relative\">\n\n\t\t\n\t\t\t\t\t<img loading=\"lazy\" class=\"anwp-pg-post-teaser__thumbnail-img d-block anwp-pg-height-180 anwp-object-cover m-0 w-100\"\n\t\t\t\talt=\"\u0427\u0435\u043c\u043f\u0456\u043e\u043d \u0404\u0432\u0440\u043e\u043f\u0438 FiA &#8211; Master-Sport Partner\"\n\t\t\t\tsrc=\"https:\/\/www.master-sport.de\/wp-content\/uploads\/2024\/09\/fia-zaj-1.jpg\" \/>\n\t\t\n\t\t<div class=\"anwp-pg-post-teaser__muted_bg\"><\/div>\n\t\t<div class=\"anwp-pg-post-teaser__thumbnail-bg anwp-position-cover\"><\/div>\n\n\t\t<div class=\"anwp-pg-post-teaser__content d-flex flex-column anwp-position-cover\">\n\t\t\t<div class=\"anwp-pg-post-teaser__top-meta d-flex mb-2\">\n\t\t\t\t\t\t\t<\/div>\n\n\t\t\t\t\t\t\t<div class=\"d-flex flex-column anwp-pg-post-teaser__category-column ml-auto\">\n\t\t\t\t\t<div class=\"anwp-pg-category__wrapper-filled px-2 d-flex align-items-center anwp-pg-post-teaser__category-wrapper align-self-end anwp-pg-category-parent-0\" style=\"background-color: #1565C0\"><span>Sport_ru<\/span><\/div>\t\t\t\t<\/div>\n\t\t\t\n\t\t\t<div class=\"anwp-pg-post-teaser__title anwp-font-heading mt-auto mb-1\">\n\t\t\t\t\u0427\u0435\u043c\u043f\u0456\u043e\u043d \u0404\u0432\u0440\u043e\u043f\u0438 FiA &#8211; Master-Sport Partner\t\t\t<\/div>\n\n\t\t\t\t\t\t\t<div class=\"anwp-pg-post-teaser__bottom-meta mt-1 position-relative mb-2\">\n\t\t\t\t\t<span class=\"posted-on m-0\"><span class=\"screen-reader-text\">Posted on<\/span><time class=\"anwp-pg-published\" datetime=\"2023-09-08T14:30:14+00:00\">08.09.2023<\/time><time class=\"anwp-pg-updated\" datetime=\"2024-09-29T18:39:13+00:00\">29.09.2024<\/time><\/span>\n\t\t\t\t<\/div>\n\t\t\t\t\t<\/div>\n\n\t\t<a class=\"anwp-position-cover anwp-link-without-effects\" href=\"https:\/\/www.master-sport.de\/uk\/%d1%87%d0%b5%d0%bc%d0%bf%d1%96%d0%be%d0%bd-%d1%94%d0%b2%d1%80%d0%be%d0%bf%d0%b8-fia-master-sport-partner\/\" aria-hidden=\"true\" ><\/a>\n\t<\/div>\n<\/div>\n<div class=\"anwp-pg-post-teaser anwp-pg-post-teaser--layout-a anwp-col-lg-4 anwp-col-sm-6 anwp-col-12\">\n\t<div class=\"anwp-pg-post-teaser__thumbnail position-relative\">\n\n\t\t\n\t\t\t\t\t<img loading=\"lazy\" class=\"anwp-pg-post-teaser__thumbnail-img d-block anwp-pg-height-180 anwp-object-cover m-0 w-100\"\n\t\t\t\talt=\"16 P\u0430\u043b\u043b\u0438 \u0414\u0420\u0415\u0417\u0414\u0415\u041d &#8211; \u0412\u0420\u041e\u0426\u041b\u0410\u0412 2010\"\n\t\t\t\tsrc=\"https:\/\/www.master-sport.de\/wp-content\/uploads\/2024\/09\/33_max_1-1.jpg\" \/>\n\t\t\n\t\t<div class=\"anwp-pg-post-teaser__muted_bg\"><\/div>\n\t\t<div class=\"anwp-pg-post-teaser__thumbnail-bg anwp-position-cover\"><\/div>\n\n\t\t<div class=\"anwp-pg-post-teaser__content d-flex flex-column anwp-position-cover\">\n\t\t\t<div class=\"anwp-pg-post-teaser__top-meta d-flex mb-2\">\n\t\t\t\t\t\t\t<\/div>\n\n\t\t\t\t\t\t\t<div class=\"d-flex flex-column anwp-pg-post-teaser__category-column ml-auto\">\n\t\t\t\t\t<div class=\"anwp-pg-category__wrapper-filled px-2 d-flex align-items-center anwp-pg-post-teaser__category-wrapper align-self-end anwp-pg-category-parent-0\" style=\"background-color: #1565C0\"><span>Sport_uk<\/span><\/div>\t\t\t\t<\/div>\n\t\t\t\n\t\t\t<div class=\"anwp-pg-post-teaser__title anwp-font-heading mt-auto mb-1\">\n\t\t\t\t16 P\u0430\u043b\u043b\u0438 \u0414\u0420\u0415\u0417\u0414\u0415\u041d &#8211; \u0412\u0420\u041e\u0426\u041b\u0410\u0412 2010\t\t\t<\/div>\n\n\t\t\t\t\t\t\t<div class=\"anwp-pg-post-teaser__bottom-meta mt-1 position-relative mb-2\">\n\t\t\t\t\t<span class=\"posted-on m-0\"><span class=\"screen-reader-text\">Posted on<\/span><time class=\"anwp-pg-published\" datetime=\"2010-08-03T09:36:00+00:00\">03.08.2010<\/time><time class=\"anwp-pg-updated\" datetime=\"2025-02-13T10:26:02+00:00\">13.02.2025<\/time><\/span>\n\t\t\t\t<\/div>\n\t\t\t\t\t<\/div>\n\n\t\t<a class=\"anwp-position-cover anwp-link-without-effects\" href=\"https:\/\/www.master-sport.de\/uk\/16-p%d0%b0%d0%bb%d0%bb%d0%b8-%d0%b4%d1%80%d0%b5%d0%b7%d0%b4%d0%b5%d0%bd-%d0%b2%d1%80%d0%be%d1%86%d0%bb%d0%b0%d0%b2-2010\/\" aria-hidden=\"true\" ><\/a>\n\t<\/div>\n<\/div>\n\t<\/div>\n\t\n\t<\/div>\n\t\t\t\t<\/div>\n\t\t\t\t<\/div>\n\t\t\t\t\t<\/div>\n\t\t\t\t<\/div>\n\t\t\t\t<\/div>\n\t\t","protected":false},"excerpt":{"rendered":"<p>\u0441\u043f\u043e\u0440\u0442<\/p>\n","protected":false},"author":1,"featured_media":0,"parent":0,"menu_order":0,"comment_status":"closed","ping_status":"closed","template":"","meta":{"footnotes":""},"class_list":["post-15589","page","type-page","status-publish","hentry"],"yoast_head":"<!-- This site is optimized with the Yoast SEO plugin v23.5 - https:\/\/yoast.com\/wordpress\/plugins\/seo\/ -->\n<title>\u0421\u043f\u043e\u0440\u0442 | MasterSport<\/title>\n<meta name=\"description\" content=\"Master-Sport: Producent wysokiej jako\u015bci cz\u0119\u015bci samochodowych i rozwi\u0105za\u0144 motoryzacyjnych. Sprawd\u017a nasz\u0105 ofert\u0119 produkt\u00f3w OEM oraz akcesori\u00f3w dla r\u00f3\u017cnych marek i modeli aut. Jako\u015b\u0107 i niezawodno\u015b\u0107 gwarantowane!\" \/>\n<meta name=\"robots\" content=\"index, follow, max-snippet:-1, max-image-preview:large, max-video-preview:-1\" \/>\n<link rel=\"canonical\" href=\"https:\/\/www.master-sport.de\/uk\/\u0441\u043f\u043e\u0440\u0442\/\" \/>\n<meta property=\"og:locale\" content=\"uk_UA\" \/>\n<meta property=\"og:type\" content=\"article\" \/>\n<meta property=\"og:title\" content=\"\u0421\u043f\u043e\u0440\u0442 | MasterSport\" \/>\n<meta property=\"og:description\" content=\"Master-Sport: Producent wysokiej jako\u015bci cz\u0119\u015bci samochodowych i rozwi\u0105za\u0144 motoryzacyjnych. Sprawd\u017a nasz\u0105 ofert\u0119 produkt\u00f3w OEM oraz akcesori\u00f3w dla r\u00f3\u017cnych marek i modeli aut. Jako\u015b\u0107 i niezawodno\u015b\u0107 gwarantowane!\" \/>\n<meta property=\"og:url\" content=\"https:\/\/www.master-sport.de\/uk\/\u0441\u043f\u043e\u0440\u0442\/\" \/>\n<meta property=\"og:site_name\" content=\"MasterSport\" \/>\n<meta property=\"article:modified_time\" content=\"2024-09-27T08:22:27+00:00\" \/>\n<meta property=\"og:image\" content=\"https:\/\/www.master-sport.de\/wp-content\/uploads\/2024\/08\/LOGO-2.jpg\" \/>\n\t<meta property=\"og:image:width\" content=\"300\" \/>\n\t<meta property=\"og:image:height\" content=\"300\" \/>\n\t<meta property=\"og:image:type\" content=\"image\/jpeg\" \/>\n<meta name=\"twitter:card\" content=\"summary_large_image\" \/>\n<script type=\"application\/ld+json\" class=\"yoast-schema-graph\">{\"@context\":\"https:\/\/schema.org\",\"@graph\":[{\"@type\":\"WebPage\",\"@id\":\"https:\/\/www.master-sport.de\/uk\/%d1%81%d0%bf%d0%be%d1%80%d1%82\/\",\"url\":\"https:\/\/www.master-sport.de\/uk\/%d1%81%d0%bf%d0%be%d1%80%d1%82\/\",\"name\":\"\u0421\u043f\u043e\u0440\u0442 | MasterSport\",\"isPartOf\":{\"@id\":\"https:\/\/www.master-sport.de\/#website\"},\"datePublished\":\"2024-08-27T08:51:54+00:00\",\"dateModified\":\"2024-09-27T08:22:27+00:00\",\"description\":\"Master-Sport: Producent wysokiej jako\u015bci cz\u0119\u015bci samochodowych i rozwi\u0105za\u0144 motoryzacyjnych. Sprawd\u017a nasz\u0105 ofert\u0119 produkt\u00f3w OEM oraz akcesori\u00f3w dla r\u00f3\u017cnych marek i modeli aut. Jako\u015b\u0107 i niezawodno\u015b\u0107 gwarantowane!\",\"breadcrumb\":{\"@id\":\"https:\/\/www.master-sport.de\/uk\/%d1%81%d0%bf%d0%be%d1%80%d1%82\/#breadcrumb\"},\"inLanguage\":\"uk\",\"potentialAction\":[{\"@type\":\"ReadAction\",\"target\":[\"https:\/\/www.master-sport.de\/uk\/%d1%81%d0%bf%d0%be%d1%80%d1%82\/\"]}]},{\"@type\":\"BreadcrumbList\",\"@id\":\"https:\/\/www.master-sport.de\/uk\/%d1%81%d0%bf%d0%be%d1%80%d1%82\/#breadcrumb\",\"itemListElement\":[{\"@type\":\"ListItem\",\"position\":1,\"name\":\"Strona g\u0142\u00f3wna\",\"item\":\"https:\/\/www.master-sport.de\/pl\/\"},{\"@type\":\"ListItem\",\"position\":2,\"name\":\"\u0421\u043f\u043e\u0440\u0442\"}]},{\"@type\":\"WebSite\",\"@id\":\"https:\/\/www.master-sport.de\/#website\",\"url\":\"https:\/\/www.master-sport.de\/\",\"name\":\"MasterSport\",\"description\":\"\",\"publisher\":{\"@id\":\"https:\/\/www.master-sport.de\/#organization\"},\"potentialAction\":[{\"@type\":\"SearchAction\",\"target\":{\"@type\":\"EntryPoint\",\"urlTemplate\":\"https:\/\/www.master-sport.de\/?s={search_term_string}\"},\"query-input\":{\"@type\":\"PropertyValueSpecification\",\"valueRequired\":true,\"valueName\":\"search_term_string\"}}],\"inLanguage\":\"uk\"},{\"@type\":\"Organization\",\"@id\":\"https:\/\/www.master-sport.de\/#organization\",\"name\":\"MasterSport\",\"url\":\"https:\/\/www.master-sport.de\/\",\"logo\":{\"@type\":\"ImageObject\",\"inLanguage\":\"uk\",\"@id\":\"https:\/\/www.master-sport.de\/#\/schema\/logo\/image\/\",\"url\":\"https:\/\/www.master-sport.de\/wp-content\/uploads\/2025\/03\/logo_nowe_rgb.png\",\"contentUrl\":\"https:\/\/www.master-sport.de\/wp-content\/uploads\/2025\/03\/logo_nowe_rgb.png\",\"width\":3044,\"height\":1274,\"caption\":\"MasterSport\"},\"image\":{\"@id\":\"https:\/\/www.master-sport.de\/#\/schema\/logo\/image\/\"}}]}<\/script>\n<!-- \/ Yoast SEO plugin. -->","yoast_head_json":{"title":"\u0421\u043f\u043e\u0440\u0442 | MasterSport","description":"Master-Sport: Producent wysokiej jako\u015bci cz\u0119\u015bci samochodowych i rozwi\u0105za\u0144 motoryzacyjnych. Sprawd\u017a nasz\u0105 ofert\u0119 produkt\u00f3w OEM oraz akcesori\u00f3w dla r\u00f3\u017cnych marek i modeli aut. Jako\u015b\u0107 i niezawodno\u015b\u0107 gwarantowane!","robots":{"index":"index","follow":"follow","max-snippet":"max-snippet:-1","max-image-preview":"max-image-preview:large","max-video-preview":"max-video-preview:-1"},"canonical":"https:\/\/www.master-sport.de\/uk\/\u0441\u043f\u043e\u0440\u0442\/","og_locale":"uk_UA","og_type":"article","og_title":"\u0421\u043f\u043e\u0440\u0442 | MasterSport","og_description":"Master-Sport: Producent wysokiej jako\u015bci cz\u0119\u015bci samochodowych i rozwi\u0105za\u0144 motoryzacyjnych. Sprawd\u017a nasz\u0105 ofert\u0119 produkt\u00f3w OEM oraz akcesori\u00f3w dla r\u00f3\u017cnych marek i modeli aut. Jako\u015b\u0107 i niezawodno\u015b\u0107 gwarantowane!","og_url":"https:\/\/www.master-sport.de\/uk\/\u0441\u043f\u043e\u0440\u0442\/","og_site_name":"MasterSport","article_modified_time":"2024-09-27T08:22:27+00:00","og_image":[{"width":300,"height":300,"url":"https:\/\/www.master-sport.de\/wp-content\/uploads\/2024\/08\/LOGO-2.jpg","type":"image\/jpeg"}],"twitter_card":"summary_large_image","schema":{"@context":"https:\/\/schema.org","@graph":[{"@type":"WebPage","@id":"https:\/\/www.master-sport.de\/uk\/%d1%81%d0%bf%d0%be%d1%80%d1%82\/","url":"https:\/\/www.master-sport.de\/uk\/%d1%81%d0%bf%d0%be%d1%80%d1%82\/","name":"\u0421\u043f\u043e\u0440\u0442 | MasterSport","isPartOf":{"@id":"https:\/\/www.master-sport.de\/#website"},"datePublished":"2024-08-27T08:51:54+00:00","dateModified":"2024-09-27T08:22:27+00:00","description":"Master-Sport: Producent wysokiej jako\u015bci cz\u0119\u015bci samochodowych i rozwi\u0105za\u0144 motoryzacyjnych. Sprawd\u017a nasz\u0105 ofert\u0119 produkt\u00f3w OEM oraz akcesori\u00f3w dla r\u00f3\u017cnych marek i modeli aut. Jako\u015b\u0107 i niezawodno\u015b\u0107 gwarantowane!","breadcrumb":{"@id":"https:\/\/www.master-sport.de\/uk\/%d1%81%d0%bf%d0%be%d1%80%d1%82\/#breadcrumb"},"inLanguage":"uk","potentialAction":[{"@type":"ReadAction","target":["https:\/\/www.master-sport.de\/uk\/%d1%81%d0%bf%d0%be%d1%80%d1%82\/"]}]},{"@type":"BreadcrumbList","@id":"https:\/\/www.master-sport.de\/uk\/%d1%81%d0%bf%d0%be%d1%80%d1%82\/#breadcrumb","itemListElement":[{"@type":"ListItem","position":1,"name":"Strona g\u0142\u00f3wna","item":"https:\/\/www.master-sport.de\/pl\/"},{"@type":"ListItem","position":2,"name":"\u0421\u043f\u043e\u0440\u0442"}]},{"@type":"WebSite","@id":"https:\/\/www.master-sport.de\/#website","url":"https:\/\/www.master-sport.de\/","name":"MasterSport","description":"","publisher":{"@id":"https:\/\/www.master-sport.de\/#organization"},"potentialAction":[{"@type":"SearchAction","target":{"@type":"EntryPoint","urlTemplate":"https:\/\/www.master-sport.de\/?s={search_term_string}"},"query-input":{"@type":"PropertyValueSpecification","valueRequired":true,"valueName":"search_term_string"}}],"inLanguage":"uk"},{"@type":"Organization","@id":"https:\/\/www.master-sport.de\/#organization","name":"MasterSport","url":"https:\/\/www.master-sport.de\/","logo":{"@type":"ImageObject","inLanguage":"uk","@id":"https:\/\/www.master-sport.de\/#\/schema\/logo\/image\/","url":"https:\/\/www.master-sport.de\/wp-content\/uploads\/2025\/03\/logo_nowe_rgb.png","contentUrl":"https:\/\/www.master-sport.de\/wp-content\/uploads\/2025\/03\/logo_nowe_rgb.png","width":3044,"height":1274,"caption":"MasterSport"},"image":{"@id":"https:\/\/www.master-sport.de\/#\/schema\/logo\/image\/"}}]}},"_links":{"self":[{"href":"https:\/\/www.master-sport.de\/uk\/wp-json\/wp\/v2\/pages\/15589","targetHints":{"allow":["GET"]}}],"collection":[{"href":"https:\/\/www.master-sport.de\/uk\/wp-json\/wp\/v2\/pages"}],"about":[{"href":"https:\/\/www.master-sport.de\/uk\/wp-json\/wp\/v2\/types\/page"}],"author":[{"embeddable":true,"href":"https:\/\/www.master-sport.de\/uk\/wp-json\/wp\/v2\/users\/1"}],"replies":[{"embeddable":true,"href":"https:\/\/www.master-sport.de\/uk\/wp-json\/wp\/v2\/comments?post=15589"}],"version-history":[{"count":0,"href":"https:\/\/www.master-sport.de\/uk\/wp-json\/wp\/v2\/pages\/15589\/revisions"}],"wp:attachment":[{"href":"https:\/\/www.master-sport.de\/uk\/wp-json\/wp\/v2\/media?parent=15589"}],"curies":[{"name":"wp","href":"https:\/\/api.w.org\/{rel}","templated":true}]}}