{"id":52699,"date":"2024-10-31T11:42:39","date_gmt":"2024-10-31T11:42:39","guid":{"rendered":"https:\/\/www.master-sport.de\/%d0%b7%d0%b0%d0%b3%d0%b0%d0%bb%d1%8c%d0%bd%d1%96-%d1%83%d0%bc%d0%be%d0%b2%d0%b8-%d0%b4%d0%be%d1%81%d1%82%d0%b0%d0%b2%d0%ba%d0%b8\/"},"modified":"2024-10-31T12:00:01","modified_gmt":"2024-10-31T12:00:01","slug":"%d0%b7%d0%b0%d0%b3%d0%b0%d0%bb%d1%8c%d0%bd%d1%96-%d1%83%d0%bc%d0%be%d0%b2%d0%b8-%d0%b4%d0%be%d1%81%d1%82%d0%b0%d0%b2%d0%ba%d0%b8","status":"publish","type":"page","link":"https:\/\/www.master-sport.de\/uk\/%d0%b7%d0%b0%d0%b3%d0%b0%d0%bb%d1%8c%d0%bd%d1%96-%d1%83%d0%bc%d0%be%d0%b2%d0%b8-%d0%b4%d0%be%d1%81%d1%82%d0%b0%d0%b2%d0%ba%d0%b8\/","title":{"rendered":"\u0417\u0410\u0413\u0410\u041b\u042c\u041d\u0406 \u0423\u041c\u041e\u0412\u0418 \u0414\u041e\u0421\u0422\u0410\u0412\u041a\u0418"},"content":{"rendered":"\n<div data-wp-interactive=\"core\/file\" class=\"wp-block-file\"><object data-wp-bind--hidden=\"!state.hasPdfPreview\" hidden class=\"wp-block-file__embed\" data=\"https:\/\/www.master-sport.de\/wp-content\/uploads\/2024\/10\/EN_General_Terms_and_Conditions_of_Delivery.pdf\" type=\"application\/pdf\" style=\"width:100%;height:600px\" aria-label=\"\u0412\u0441\u0442\u0430\u0432\u043a\u0430 EN_General_Terms_and_Conditions_of_Delivery\"><\/object><a id=\"wp-block-file--media-171aff92-d94f-4d22-ab27-a5bb1ac39b16\" href=\"https:\/\/www.master-sport.de\/wp-content\/uploads\/2024\/10\/EN_General_Terms_and_Conditions_of_Delivery.pdf\">EN_General_Terms_and_Conditions_of_Delivery<\/a><a href=\"https:\/\/www.master-sport.de\/wp-content\/uploads\/2024\/10\/EN_General_Terms_and_Conditions_of_Delivery.pdf\" class=\"wp-block-file__button wp-element-button\" download=\"\" aria-describedby=\"wp-block-file--media-171aff92-d94f-4d22-ab27-a5bb1ac39b16\">\u0417\u0430\u0432\u0430\u043d\u0442\u0430\u0436\u0438\u0442\u0438<\/a><\/div>\n","protected":false},"excerpt":{"rendered":"","protected":false},"author":4,"featured_media":0,"parent":0,"menu_order":0,"comment_status":"closed","ping_status":"closed","template":"","meta":{"footnotes":""},"class_list":["post-52699","page","type-page","status-publish","hentry"],"yoast_head":"<!-- This site is optimized with the Yoast SEO plugin v23.5 - https:\/\/yoast.com\/wordpress\/plugins\/seo\/ -->\n<title>\u0417\u0410\u0413\u0410\u041b\u042c\u041d\u0406 \u0423\u041c\u041e\u0412\u0418 \u0414\u041e\u0421\u0422\u0410\u0412\u041a\u0418 | MasterSport<\/title>\n<meta name=\"description\" content=\"Master-Sport: Producent wysokiej jako\u015bci cz\u0119\u015bci samochodowych i rozwi\u0105za\u0144 motoryzacyjnych. Sprawd\u017a nasz\u0105 ofert\u0119 produkt\u00f3w OEM oraz akcesori\u00f3w dla r\u00f3\u017cnych marek i modeli aut. Jako\u015b\u0107 i niezawodno\u015b\u0107 gwarantowane!\" \/>\n<meta name=\"robots\" content=\"index, follow, max-snippet:-1, max-image-preview:large, max-video-preview:-1\" \/>\n<link rel=\"canonical\" href=\"https:\/\/www.master-sport.de\/uk\/\u0437\u0430\u0433\u0430\u043b\u044c\u043d\u0456-\u0443\u043c\u043e\u0432\u0438-\u0434\u043e\u0441\u0442\u0430\u0432\u043a\u0438\/\" \/>\n<meta property=\"og:locale\" content=\"uk_UA\" \/>\n<meta property=\"og:type\" content=\"article\" \/>\n<meta property=\"og:title\" content=\"\u0417\u0410\u0413\u0410\u041b\u042c\u041d\u0406 \u0423\u041c\u041e\u0412\u0418 \u0414\u041e\u0421\u0422\u0410\u0412\u041a\u0418 | MasterSport\" \/>\n<meta property=\"og:description\" content=\"Master-Sport: Producent wysokiej jako\u015bci cz\u0119\u015bci samochodowych i rozwi\u0105za\u0144 motoryzacyjnych. Sprawd\u017a nasz\u0105 ofert\u0119 produkt\u00f3w OEM oraz akcesori\u00f3w dla r\u00f3\u017cnych marek i modeli aut. Jako\u015b\u0107 i niezawodno\u015b\u0107 gwarantowane!\" \/>\n<meta property=\"og:url\" content=\"https:\/\/www.master-sport.de\/uk\/\u0437\u0430\u0433\u0430\u043b\u044c\u043d\u0456-\u0443\u043c\u043e\u0432\u0438-\u0434\u043e\u0441\u0442\u0430\u0432\u043a\u0438\/\" \/>\n<meta property=\"og:site_name\" content=\"MasterSport\" \/>\n<meta property=\"article:modified_time\" content=\"2024-10-31T12:00:01+00:00\" \/>\n<meta property=\"og:image\" content=\"https:\/\/www.master-sport.de\/wp-content\/uploads\/2024\/08\/LOGO-2.jpg\" \/>\n\t<meta property=\"og:image:width\" content=\"300\" \/>\n\t<meta property=\"og:image:height\" content=\"300\" \/>\n\t<meta property=\"og:image:type\" content=\"image\/jpeg\" \/>\n<meta name=\"twitter:card\" content=\"summary_large_image\" \/>\n<script type=\"application\/ld+json\" class=\"yoast-schema-graph\">{\"@context\":\"https:\/\/schema.org\",\"@graph\":[{\"@type\":\"WebPage\",\"@id\":\"https:\/\/www.master-sport.de\/uk\/%d0%b7%d0%b0%d0%b3%d0%b0%d0%bb%d1%8c%d0%bd%d1%96-%d1%83%d0%bc%d0%be%d0%b2%d0%b8-%d0%b4%d0%be%d1%81%d1%82%d0%b0%d0%b2%d0%ba%d0%b8\/\",\"url\":\"https:\/\/www.master-sport.de\/uk\/%d0%b7%d0%b0%d0%b3%d0%b0%d0%bb%d1%8c%d0%bd%d1%96-%d1%83%d0%bc%d0%be%d0%b2%d0%b8-%d0%b4%d0%be%d1%81%d1%82%d0%b0%d0%b2%d0%ba%d0%b8\/\",\"name\":\"\u0417\u0410\u0413\u0410\u041b\u042c\u041d\u0406 \u0423\u041c\u041e\u0412\u0418 \u0414\u041e\u0421\u0422\u0410\u0412\u041a\u0418 | MasterSport\",\"isPartOf\":{\"@id\":\"https:\/\/www.master-sport.de\/#website\"},\"datePublished\":\"2024-10-31T11:42:39+00:00\",\"dateModified\":\"2024-10-31T12:00:01+00:00\",\"description\":\"Master-Sport: Producent wysokiej jako\u015bci cz\u0119\u015bci samochodowych i rozwi\u0105za\u0144 motoryzacyjnych. Sprawd\u017a nasz\u0105 ofert\u0119 produkt\u00f3w OEM oraz akcesori\u00f3w dla r\u00f3\u017cnych marek i modeli aut. Jako\u015b\u0107 i niezawodno\u015b\u0107 gwarantowane!\",\"breadcrumb\":{\"@id\":\"https:\/\/www.master-sport.de\/uk\/%d0%b7%d0%b0%d0%b3%d0%b0%d0%bb%d1%8c%d0%bd%d1%96-%d1%83%d0%bc%d0%be%d0%b2%d0%b8-%d0%b4%d0%be%d1%81%d1%82%d0%b0%d0%b2%d0%ba%d0%b8\/#breadcrumb\"},\"inLanguage\":\"uk\",\"potentialAction\":[{\"@type\":\"ReadAction\",\"target\":[\"https:\/\/www.master-sport.de\/uk\/%d0%b7%d0%b0%d0%b3%d0%b0%d0%bb%d1%8c%d0%bd%d1%96-%d1%83%d0%bc%d0%be%d0%b2%d0%b8-%d0%b4%d0%be%d1%81%d1%82%d0%b0%d0%b2%d0%ba%d0%b8\/\"]}]},{\"@type\":\"BreadcrumbList\",\"@id\":\"https:\/\/www.master-sport.de\/uk\/%d0%b7%d0%b0%d0%b3%d0%b0%d0%bb%d1%8c%d0%bd%d1%96-%d1%83%d0%bc%d0%be%d0%b2%d0%b8-%d0%b4%d0%be%d1%81%d1%82%d0%b0%d0%b2%d0%ba%d0%b8\/#breadcrumb\",\"itemListElement\":[{\"@type\":\"ListItem\",\"position\":1,\"name\":\"Strona g\u0142\u00f3wna\",\"item\":\"https:\/\/www.master-sport.de\/pl\/\"},{\"@type\":\"ListItem\",\"position\":2,\"name\":\"\u0417\u0410\u0413\u0410\u041b\u042c\u041d\u0406 \u0423\u041c\u041e\u0412\u0418 \u0414\u041e\u0421\u0422\u0410\u0412\u041a\u0418\"}]},{\"@type\":\"WebSite\",\"@id\":\"https:\/\/www.master-sport.de\/#website\",\"url\":\"https:\/\/www.master-sport.de\/\",\"name\":\"MasterSport\",\"description\":\"\",\"publisher\":{\"@id\":\"https:\/\/www.master-sport.de\/#organization\"},\"potentialAction\":[{\"@type\":\"SearchAction\",\"target\":{\"@type\":\"EntryPoint\",\"urlTemplate\":\"https:\/\/www.master-sport.de\/?s={search_term_string}\"},\"query-input\":{\"@type\":\"PropertyValueSpecification\",\"valueRequired\":true,\"valueName\":\"search_term_string\"}}],\"inLanguage\":\"uk\"},{\"@type\":\"Organization\",\"@id\":\"https:\/\/www.master-sport.de\/#organization\",\"name\":\"MasterSport\",\"url\":\"https:\/\/www.master-sport.de\/\",\"logo\":{\"@type\":\"ImageObject\",\"inLanguage\":\"uk\",\"@id\":\"https:\/\/www.master-sport.de\/#\/schema\/logo\/image\/\",\"url\":\"https:\/\/www.master-sport.de\/wp-content\/uploads\/2025\/03\/logo_nowe_rgb.png\",\"contentUrl\":\"https:\/\/www.master-sport.de\/wp-content\/uploads\/2025\/03\/logo_nowe_rgb.png\",\"width\":3044,\"height\":1274,\"caption\":\"MasterSport\"},\"image\":{\"@id\":\"https:\/\/www.master-sport.de\/#\/schema\/logo\/image\/\"}}]}<\/script>\n<!-- \/ Yoast SEO plugin. -->","yoast_head_json":{"title":"\u0417\u0410\u0413\u0410\u041b\u042c\u041d\u0406 \u0423\u041c\u041e\u0412\u0418 \u0414\u041e\u0421\u0422\u0410\u0412\u041a\u0418 | MasterSport","description":"Master-Sport: Producent wysokiej jako\u015bci cz\u0119\u015bci samochodowych i rozwi\u0105za\u0144 motoryzacyjnych. Sprawd\u017a nasz\u0105 ofert\u0119 produkt\u00f3w OEM oraz akcesori\u00f3w dla r\u00f3\u017cnych marek i modeli aut. Jako\u015b\u0107 i niezawodno\u015b\u0107 gwarantowane!","robots":{"index":"index","follow":"follow","max-snippet":"max-snippet:-1","max-image-preview":"max-image-preview:large","max-video-preview":"max-video-preview:-1"},"canonical":"https:\/\/www.master-sport.de\/uk\/\u0437\u0430\u0433\u0430\u043b\u044c\u043d\u0456-\u0443\u043c\u043e\u0432\u0438-\u0434\u043e\u0441\u0442\u0430\u0432\u043a\u0438\/","og_locale":"uk_UA","og_type":"article","og_title":"\u0417\u0410\u0413\u0410\u041b\u042c\u041d\u0406 \u0423\u041c\u041e\u0412\u0418 \u0414\u041e\u0421\u0422\u0410\u0412\u041a\u0418 | MasterSport","og_description":"Master-Sport: Producent wysokiej jako\u015bci cz\u0119\u015bci samochodowych i rozwi\u0105za\u0144 motoryzacyjnych. Sprawd\u017a nasz\u0105 ofert\u0119 produkt\u00f3w OEM oraz akcesori\u00f3w dla r\u00f3\u017cnych marek i modeli aut. Jako\u015b\u0107 i niezawodno\u015b\u0107 gwarantowane!","og_url":"https:\/\/www.master-sport.de\/uk\/\u0437\u0430\u0433\u0430\u043b\u044c\u043d\u0456-\u0443\u043c\u043e\u0432\u0438-\u0434\u043e\u0441\u0442\u0430\u0432\u043a\u0438\/","og_site_name":"MasterSport","article_modified_time":"2024-10-31T12:00:01+00:00","og_image":[{"width":300,"height":300,"url":"https:\/\/www.master-sport.de\/wp-content\/uploads\/2024\/08\/LOGO-2.jpg","type":"image\/jpeg"}],"twitter_card":"summary_large_image","schema":{"@context":"https:\/\/schema.org","@graph":[{"@type":"WebPage","@id":"https:\/\/www.master-sport.de\/uk\/%d0%b7%d0%b0%d0%b3%d0%b0%d0%bb%d1%8c%d0%bd%d1%96-%d1%83%d0%bc%d0%be%d0%b2%d0%b8-%d0%b4%d0%be%d1%81%d1%82%d0%b0%d0%b2%d0%ba%d0%b8\/","url":"https:\/\/www.master-sport.de\/uk\/%d0%b7%d0%b0%d0%b3%d0%b0%d0%bb%d1%8c%d0%bd%d1%96-%d1%83%d0%bc%d0%be%d0%b2%d0%b8-%d0%b4%d0%be%d1%81%d1%82%d0%b0%d0%b2%d0%ba%d0%b8\/","name":"\u0417\u0410\u0413\u0410\u041b\u042c\u041d\u0406 \u0423\u041c\u041e\u0412\u0418 \u0414\u041e\u0421\u0422\u0410\u0412\u041a\u0418 | MasterSport","isPartOf":{"@id":"https:\/\/www.master-sport.de\/#website"},"datePublished":"2024-10-31T11:42:39+00:00","dateModified":"2024-10-31T12:00:01+00:00","description":"Master-Sport: Producent wysokiej jako\u015bci cz\u0119\u015bci samochodowych i rozwi\u0105za\u0144 motoryzacyjnych. Sprawd\u017a nasz\u0105 ofert\u0119 produkt\u00f3w OEM oraz akcesori\u00f3w dla r\u00f3\u017cnych marek i modeli aut. Jako\u015b\u0107 i niezawodno\u015b\u0107 gwarantowane!","breadcrumb":{"@id":"https:\/\/www.master-sport.de\/uk\/%d0%b7%d0%b0%d0%b3%d0%b0%d0%bb%d1%8c%d0%bd%d1%96-%d1%83%d0%bc%d0%be%d0%b2%d0%b8-%d0%b4%d0%be%d1%81%d1%82%d0%b0%d0%b2%d0%ba%d0%b8\/#breadcrumb"},"inLanguage":"uk","potentialAction":[{"@type":"ReadAction","target":["https:\/\/www.master-sport.de\/uk\/%d0%b7%d0%b0%d0%b3%d0%b0%d0%bb%d1%8c%d0%bd%d1%96-%d1%83%d0%bc%d0%be%d0%b2%d0%b8-%d0%b4%d0%be%d1%81%d1%82%d0%b0%d0%b2%d0%ba%d0%b8\/"]}]},{"@type":"BreadcrumbList","@id":"https:\/\/www.master-sport.de\/uk\/%d0%b7%d0%b0%d0%b3%d0%b0%d0%bb%d1%8c%d0%bd%d1%96-%d1%83%d0%bc%d0%be%d0%b2%d0%b8-%d0%b4%d0%be%d1%81%d1%82%d0%b0%d0%b2%d0%ba%d0%b8\/#breadcrumb","itemListElement":[{"@type":"ListItem","position":1,"name":"Strona g\u0142\u00f3wna","item":"https:\/\/www.master-sport.de\/pl\/"},{"@type":"ListItem","position":2,"name":"\u0417\u0410\u0413\u0410\u041b\u042c\u041d\u0406 \u0423\u041c\u041e\u0412\u0418 \u0414\u041e\u0421\u0422\u0410\u0412\u041a\u0418"}]},{"@type":"WebSite","@id":"https:\/\/www.master-sport.de\/#website","url":"https:\/\/www.master-sport.de\/","name":"MasterSport","description":"","publisher":{"@id":"https:\/\/www.master-sport.de\/#organization"},"potentialAction":[{"@type":"SearchAction","target":{"@type":"EntryPoint","urlTemplate":"https:\/\/www.master-sport.de\/?s={search_term_string}"},"query-input":{"@type":"PropertyValueSpecification","valueRequired":true,"valueName":"search_term_string"}}],"inLanguage":"uk"},{"@type":"Organization","@id":"https:\/\/www.master-sport.de\/#organization","name":"MasterSport","url":"https:\/\/www.master-sport.de\/","logo":{"@type":"ImageObject","inLanguage":"uk","@id":"https:\/\/www.master-sport.de\/#\/schema\/logo\/image\/","url":"https:\/\/www.master-sport.de\/wp-content\/uploads\/2025\/03\/logo_nowe_rgb.png","contentUrl":"https:\/\/www.master-sport.de\/wp-content\/uploads\/2025\/03\/logo_nowe_rgb.png","width":3044,"height":1274,"caption":"MasterSport"},"image":{"@id":"https:\/\/www.master-sport.de\/#\/schema\/logo\/image\/"}}]}},"_links":{"self":[{"href":"https:\/\/www.master-sport.de\/uk\/wp-json\/wp\/v2\/pages\/52699","targetHints":{"allow":["GET"]}}],"collection":[{"href":"https:\/\/www.master-sport.de\/uk\/wp-json\/wp\/v2\/pages"}],"about":[{"href":"https:\/\/www.master-sport.de\/uk\/wp-json\/wp\/v2\/types\/page"}],"author":[{"embeddable":true,"href":"https:\/\/www.master-sport.de\/uk\/wp-json\/wp\/v2\/users\/4"}],"replies":[{"embeddable":true,"href":"https:\/\/www.master-sport.de\/uk\/wp-json\/wp\/v2\/comments?post=52699"}],"version-history":[{"count":0,"href":"https:\/\/www.master-sport.de\/uk\/wp-json\/wp\/v2\/pages\/52699\/revisions"}],"wp:attachment":[{"href":"https:\/\/www.master-sport.de\/uk\/wp-json\/wp\/v2\/media?parent=52699"}],"curies":[{"name":"wp","href":"https:\/\/api.w.org\/{rel}","templated":true}]}}